{"id":20214,"date":"2024-11-15T21:12:30","date_gmt":"2024-11-15T13:12:30","guid":{"rendered":"https:\/\/www.eulerdatasafe.com\/?post_type=product&#038;p=20214"},"modified":"2025-04-13T12:10:00","modified_gmt":"2025-04-13T04:10:00","slug":"containerized-solution-ess","status":"publish","type":"product","link":"https:\/\/www.eulerdatasafe.com\/es\/producto\/solucion-en-contenedor-ess\/","title":{"rendered":"Soluci\u00f3n en contenedor ESS"},"content":{"rendered":"","protected":false},"excerpt":{"rendered":"<h3>Sistema de almacenamiento de energ\u00eda 6KW | 5120Wh~25600Wh | PV 245V | MPPT 80A<\/h3>\n<p>HBP3300 PTLV sistema de almacenamiento de energ\u00eda ESS soluci\u00f3n, incluyendo 6KW 48vdc inversor solar y una bater\u00eda de litio de almacenamiento con 5kwh-25kwh energ\u00eda opcional. Es un sistema de servicio de ventanilla \u00fanica puede gestionar su sistema de almacenamiento de bater\u00eda solar en casa m\u00e1s conveniente. Sistema modular flexible puede ser dise\u00f1ado basado en el consumo diario de la casa.<\/p>\n<p>La soluci\u00f3n energ\u00e9tica de emergencia perfecta para chal\u00e9s, apartamentos, hoteles y centros comerciales.<\/p>","protected":false},"featured_media":20216,"comment_status":"open","ping_status":"closed","template":"","meta":[],"product_brand":[],"product_cat":[81],"product_tag":[],"class_list":{"0":"post-20214","1":"product","2":"type-product","3":"status-publish","4":"has-post-thumbnail","6":"product_cat-containerized-solution-ess","8":"first","9":"instock","10":"shipping-taxable","11":"product-type-simple"},"_links":{"self":[{"href":"https:\/\/www.eulerdatasafe.com\/es\/wp-json\/wp\/v2\/product\/20214","targetHints":{"allow":["GET"]}}],"collection":[{"href":"https:\/\/www.eulerdatasafe.com\/es\/wp-json\/wp\/v2\/product"}],"about":[{"href":"https:\/\/www.eulerdatasafe.com\/es\/wp-json\/wp\/v2\/types\/product"}],"replies":[{"embeddable":true,"href":"https:\/\/www.eulerdatasafe.com\/es\/wp-json\/wp\/v2\/comments?post=20214"}],"wp:featuredmedia":[{"embeddable":true,"href":"https:\/\/www.eulerdatasafe.com\/es\/wp-json\/wp\/v2\/media\/20216"}],"wp:attachment":[{"href":"https:\/\/www.eulerdatasafe.com\/es\/wp-json\/wp\/v2\/media?parent=20214"}],"wp:term":[{"taxonomy":"product_brand","embeddable":true,"href":"https:\/\/www.eulerdatasafe.com\/es\/wp-json\/wp\/v2\/product_brand?post=20214"},{"taxonomy":"product_cat","embeddable":true,"href":"https:\/\/www.eulerdatasafe.com\/es\/wp-json\/wp\/v2\/product_cat?post=20214"},{"taxonomy":"product_tag","embeddable":true,"href":"https:\/\/www.eulerdatasafe.com\/es\/wp-json\/wp\/v2\/product_tag?post=20214"}],"curies":[{"name":"wp","href":"https:\/\/api.w.org\/{rel}","templated":true}]}}