{"id":20234,"date":"2024-11-16T16:38:45","date_gmt":"2024-11-16T08:38:45","guid":{"rendered":"https:\/\/www.eulerdatasafe.com\/?post_type=product&#038;p=20234"},"modified":"2025-04-26T19:26:52","modified_gmt":"2025-04-26T11:26:52","slug":"hybrid-solar-inverter-3k-3-6k-5-5k-6-2k-gd-series","status":"publish","type":"product","link":"https:\/\/www.eulerdatasafe.com\/es\/producto\/inversor-solar-hibrido-3k-3-6k-5-5k-6-2k-serie-gd\/","title":{"rendered":"Inversor solar h\u00edbrido-3KW 3,6KW 5,5KW 6,2KW Serie GD"},"content":{"rendered":"<p>Inversor solar h\u00edbrido-3KW 3.6KW 5.5KW 6.2KW |24VDC \/48VDC|220\/ 230\/ 240VAC|<\/p>\n<p>&nbsp;<\/p>\n<p><a href=\"https:\/\/www.gotopess.com\/wp-content\/uploads\/2024\/11\/60.jpg\"><img fetchpriority=\"high\" decoding=\"async\" class=\"alignnone size-full wp-image-20991\" src=\"https:\/\/www.gotopess.com\/wp-content\/uploads\/2024\/11\/60.jpg\" alt=\"\" width=\"1576\" height=\"858\" srcset=\"https:\/\/www.eulerdatasafe.com\/wp-content\/uploads\/2024\/11\/60.jpg 1576w, https:\/\/www.eulerdatasafe.com\/wp-content\/uploads\/2024\/11\/60-300x163.jpg 300w, https:\/\/www.eulerdatasafe.com\/wp-content\/uploads\/2024\/11\/60-1024x557.jpg 1024w, https:\/\/www.eulerdatasafe.com\/wp-content\/uploads\/2024\/11\/60-768x418.jpg 768w, https:\/\/www.eulerdatasafe.com\/wp-content\/uploads\/2024\/11\/60-1536x836.jpg 1536w, https:\/\/www.eulerdatasafe.com\/wp-content\/uploads\/2024\/11\/60-18x10.jpg 18w, https:\/\/www.eulerdatasafe.com\/wp-content\/uploads\/2024\/11\/60-600x327.jpg 600w\" sizes=\"(max-width: 1576px) 100vw, 1576px\" \/><\/a> <a href=\"https:\/\/www.gotopess.com\/wp-content\/uploads\/2024\/11\/61.jpg\"><img decoding=\"async\" class=\"alignnone size-full wp-image-20990\" src=\"https:\/\/www.gotopess.com\/wp-content\/uploads\/2024\/11\/61.jpg\" alt=\"\" width=\"1582\" height=\"1915\" srcset=\"https:\/\/www.eulerdatasafe.com\/wp-content\/uploads\/2024\/11\/61.jpg 1582w, https:\/\/www.eulerdatasafe.com\/wp-content\/uploads\/2024\/11\/61-248x300.jpg 248w, https:\/\/www.eulerdatasafe.com\/wp-content\/uploads\/2024\/11\/61-846x1024.jpg 846w, https:\/\/www.eulerdatasafe.com\/wp-content\/uploads\/2024\/11\/61-768x930.jpg 768w, https:\/\/www.eulerdatasafe.com\/wp-content\/uploads\/2024\/11\/61-1269x1536.jpg 1269w, https:\/\/www.eulerdatasafe.com\/wp-content\/uploads\/2024\/11\/61-10x12.jpg 10w, https:\/\/www.eulerdatasafe.com\/wp-content\/uploads\/2024\/11\/61-600x726.jpg 600w\" sizes=\"(max-width: 1582px) 100vw, 1582px\" \/><\/a><\/p>","protected":false},"excerpt":{"rendered":"<ul>\n<li>Funci\u00f3n de auto-reinicio de la bater\u00eda de litio, m\u00e1s conveniente para la carga de la bater\u00eda de litio<\/li>\n<li>Modo de alimentaci\u00f3n inteligente, distribuci\u00f3n inteligente de las cuotas de energ\u00eda del panel solar\/fuentes\/bater\u00eda<\/li>\n<li>Tensi\u00f3n de carga el\u00e9ctrica\/tensi\u00f3n de carga fotovoltaica ajustable, para diferentes requisitos de carga de la bater\u00eda.<\/li>\n<li>Protecci\u00f3n de conexi\u00f3n inversa de la bater\u00eda con interruptor de fusible, instalaci\u00f3n m\u00e1s segura<\/li>\n<li>Cuerpo delgado, instalaci\u00f3n y transporte c\u00f3modos<\/li>\n<li>Protecci\u00f3n de conexi\u00f3n inversa de la bater\u00eda con interruptor de fusible, instalaci\u00f3n m\u00e1s segura<\/li>\n<li>Alta eficiencia, menor consumo, ahorro de energ\u00eda\/protecci\u00f3n del medio ambiente\/ahorro de electricidad\/ahorro de costes<\/li>\n<li>Soporta trabajar sin bater\u00eda: Reducir el coste del sistema solar]<\/li>\n<li>Funci\u00f3n paralela hasta un m\u00e1ximo de 9 unidades: Ampliar M\u00e1s Cargas<\/li>\n<li>Alta precisi\u00f3n de la tensi\u00f3n de salida, \u00b15%, cuide sus electrodom\u00e9sticos<\/li>\n<li>Opci\u00f3n de Comunicaci\u00f3n: WIFI externo, supervisar en cualquier momento<\/li>\n<li>Funci\u00f3n BMS para bater\u00eda de litio<\/li>\n<\/ul>","protected":false},"featured_media":20236,"comment_status":"open","ping_status":"closed","template":"","meta":[],"product_brand":[],"product_cat":[76],"product_tag":[124,125,126,121,120,113,114,123,122,115,116,118,119,117,134],"class_list":{"0":"post-20234","1":"product","2":"type-product","3":"status-publish","4":"has-post-thumbnail","6":"product_cat-hybrid-solar-inverter","7":"product_tag-220vac","8":"product_tag-230vac","9":"product_tag-240vac","10":"product_tag-24v","11":"product_tag-24vdc","12":"product_tag-3000w","13":"product_tag-3600w","14":"product_tag-48v","15":"product_tag-48vdc","16":"product_tag-5500w","17":"product_tag-6200w","18":"product_tag-energy-storage-inverter","19":"product_tag-hybrid-inverter","20":"product_tag-hybrid-solar-inverter","21":"product_tag-pure-sine-wave","23":"first","24":"instock","25":"downloadable","26":"shipping-taxable","27":"product-type-simple"},"_links":{"self":[{"href":"https:\/\/www.eulerdatasafe.com\/es\/wp-json\/wp\/v2\/product\/20234","targetHints":{"allow":["GET"]}}],"collection":[{"href":"https:\/\/www.eulerdatasafe.com\/es\/wp-json\/wp\/v2\/product"}],"about":[{"href":"https:\/\/www.eulerdatasafe.com\/es\/wp-json\/wp\/v2\/types\/product"}],"replies":[{"embeddable":true,"href":"https:\/\/www.eulerdatasafe.com\/es\/wp-json\/wp\/v2\/comments?post=20234"}],"wp:featuredmedia":[{"embeddable":true,"href":"https:\/\/www.eulerdatasafe.com\/es\/wp-json\/wp\/v2\/media\/20236"}],"wp:attachment":[{"href":"https:\/\/www.eulerdatasafe.com\/es\/wp-json\/wp\/v2\/media?parent=20234"}],"wp:term":[{"taxonomy":"product_brand","embeddable":true,"href":"https:\/\/www.eulerdatasafe.com\/es\/wp-json\/wp\/v2\/product_brand?post=20234"},{"taxonomy":"product_cat","embeddable":true,"href":"https:\/\/www.eulerdatasafe.com\/es\/wp-json\/wp\/v2\/product_cat?post=20234"},{"taxonomy":"product_tag","embeddable":true,"href":"https:\/\/www.eulerdatasafe.com\/es\/wp-json\/wp\/v2\/product_tag?post=20234"}],"curies":[{"name":"wp","href":"https:\/\/api.w.org\/{rel}","templated":true}]}}