{"id":20265,"date":"2024-11-17T18:45:37","date_gmt":"2024-11-17T10:45:37","guid":{"rendered":"https:\/\/www.eulerdatasafe.com\/?post_type=product&#038;p=20265"},"modified":"2025-04-26T00:54:16","modified_gmt":"2025-04-25T16:54:16","slug":"opzs-tubular-flooded-battery","status":"publish","type":"product","link":"https:\/\/www.eulerdatasafe.com\/es\/producto\/bateria-tubular-inundada-opzs\/","title":{"rendered":"Bater\u00eda tubular inundada OPzS"},"content":{"rendered":"<table width=\"682\">\n<tbody>\n<tr>\n<td width=\"207\">Rango de capacidad:<\/td>\n<td width=\"475\">150Ah-3000Ah Tensi\u00f3n : 2V<\/td>\n<\/tr>\n<tr>\n<td>Ciclo de vida :<\/td>\n<td width=\"475\">Duradera , - 3000+ ciclos* a 60 % Profundidad de descarga C10Vida \u00fatil de dise\u00f1o flotante (25\u2103): 20~25 a\u00f1os<\/td>\n<\/tr>\n<tr>\n<td>Tasa de autodescarga<\/td>\n<td>\u2264 2%\/mes\uff1b<\/td>\n<\/tr>\n<tr>\n<td>Temperatura de funcionamiento\uff1a<\/td>\n<td>-40\u2103~60\u2103<\/td>\n<\/tr>\n<tr>\n<td>Menor consumo de energ\u00eda<\/td>\n<td>Ahorro de costes<\/td>\n<\/tr>\n<tr>\n<td>S\u00f3lida tecnolog\u00eda de placa tubular<\/td>\n<td>Para una mayor vida \u00fatil en las condiciones m\u00e1s duras<\/td>\n<\/tr>\n<tr>\n<td>A prueba de descargas profundas<\/td>\n<td>Mayor suministro de energ\u00eda a largo plazo<\/td>\n<\/tr>\n<tr>\n<td>Posibilidad de montaje horizontal<\/td>\n<td>F\u00e1cil instalaci\u00f3n y mantenimiento<\/td>\n<\/tr>\n<tr>\n<td>Completamente reciclable<\/td>\n<td>Baja huella de CO2<\/td>\n<\/tr>\n<\/tbody>\n<\/table>\n<p><a href=\"https:\/\/www.gotopess.com\/wp-content\/uploads\/2024\/11\/21-1.jpg\"><img fetchpriority=\"high\" decoding=\"async\" class=\"alignnone wp-image-20905 size-full\" src=\"https:\/\/www.gotopess.com\/wp-content\/uploads\/2024\/11\/21-1.jpg\" alt=\"\" width=\"1501\" height=\"796\" srcset=\"https:\/\/www.eulerdatasafe.com\/wp-content\/uploads\/2024\/11\/21-1.jpg 1501w, https:\/\/www.eulerdatasafe.com\/wp-content\/uploads\/2024\/11\/21-1-300x159.jpg 300w, https:\/\/www.eulerdatasafe.com\/wp-content\/uploads\/2024\/11\/21-1-1024x543.jpg 1024w, https:\/\/www.eulerdatasafe.com\/wp-content\/uploads\/2024\/11\/21-1-768x407.jpg 768w, https:\/\/www.eulerdatasafe.com\/wp-content\/uploads\/2024\/11\/21-1-18x10.jpg 18w, https:\/\/www.eulerdatasafe.com\/wp-content\/uploads\/2024\/11\/21-1-600x318.jpg 600w\" sizes=\"(max-width: 1501px) 100vw, 1501px\" \/><\/a><\/p>","protected":false},"excerpt":{"rendered":"<table width=\"434\">\n<tbody>\n<tr>\n<td width=\"202\"><strong>Aplicaciones<\/strong><\/td>\n<td width=\"232\"><strong>Normas conformes<\/strong><\/td>\n<\/tr>\n<tr>\n<td>Energ\u00eda fotovoltaica \/ e\u00f3lica<\/td>\n<td>IEC 60896-11<\/td>\n<\/tr>\n<tr>\n<td>Veh\u00edculos el\u00e9ctricos de tracci\u00f3n<\/td>\n<td>DIN40736-2<\/td>\n<\/tr>\n<tr>\n<td>Sistema de telecomunicaciones<\/td>\n<td>ISO9001, ISO14001, OHSAS18001<\/td>\n<\/tr>\n<tr>\n<td>UPS<\/td>\n<td>Certificaci\u00f3n UL, CE<\/td>\n<\/tr>\n<\/tbody>\n<\/table>","protected":false},"featured_media":20266,"comment_status":"open","ping_status":"closed","template":"","meta":[],"product_brand":[],"product_cat":[71],"product_tag":[160,158,148,161,147,162,157,154,155,156,153,159],"class_list":{"0":"post-20265","1":"product","2":"type-product","3":"status-publish","4":"has-post-thumbnail","6":"product_cat-opzv-opzs","7":"product_tag-160","8":"product_tag-1503000ah-2v","9":"product_tag-3000-cycles-60-dod","10":"product_tag-bess","11":"product_tag-durable","12":"product_tag-energy-storage-system","13":"product_tag-ess","14":"product_tag-flooded-battery","15":"product_tag-opzs-battery","16":"product_tag-solar-energy-storage-sytems","17":"product_tag-tubular-battery","18":"product_tag-water-battery","20":"first","21":"instock","22":"shipping-taxable","23":"product-type-simple"},"_links":{"self":[{"href":"https:\/\/www.eulerdatasafe.com\/es\/wp-json\/wp\/v2\/product\/20265","targetHints":{"allow":["GET"]}}],"collection":[{"href":"https:\/\/www.eulerdatasafe.com\/es\/wp-json\/wp\/v2\/product"}],"about":[{"href":"https:\/\/www.eulerdatasafe.com\/es\/wp-json\/wp\/v2\/types\/product"}],"replies":[{"embeddable":true,"href":"https:\/\/www.eulerdatasafe.com\/es\/wp-json\/wp\/v2\/comments?post=20265"}],"wp:featuredmedia":[{"embeddable":true,"href":"https:\/\/www.eulerdatasafe.com\/es\/wp-json\/wp\/v2\/media\/20266"}],"wp:attachment":[{"href":"https:\/\/www.eulerdatasafe.com\/es\/wp-json\/wp\/v2\/media?parent=20265"}],"wp:term":[{"taxonomy":"product_brand","embeddable":true,"href":"https:\/\/www.eulerdatasafe.com\/es\/wp-json\/wp\/v2\/product_brand?post=20265"},{"taxonomy":"product_cat","embeddable":true,"href":"https:\/\/www.eulerdatasafe.com\/es\/wp-json\/wp\/v2\/product_cat?post=20265"},{"taxonomy":"product_tag","embeddable":true,"href":"https:\/\/www.eulerdatasafe.com\/es\/wp-json\/wp\/v2\/product_tag?post=20265"}],"curies":[{"name":"wp","href":"https:\/\/api.w.org\/{rel}","templated":true}]}}