{"id":20278,"date":"2025-04-13T16:01:17","date_gmt":"2025-04-13T08:01:17","guid":{"rendered":"https:\/\/www.eulerdatasafe.com\/?post_type=product&#038;p=20278"},"modified":"2025-04-26T01:25:05","modified_gmt":"2025-04-25T17:25:05","slug":"deep-cycle","status":"publish","type":"product","link":"https:\/\/www.eulerdatasafe.com\/es\/producto\/ciclo-profundo\/","title":{"rendered":"Ciclo profundo"},"content":{"rendered":"<p><a href=\"https:\/\/www.gotopess.com\/wp-content\/uploads\/2025\/04\/52.jpg\"><img fetchpriority=\"high\" decoding=\"async\" class=\"alignnone size-full wp-image-20914\" src=\"https:\/\/www.gotopess.com\/wp-content\/uploads\/2025\/04\/52.jpg\" alt=\"\" width=\"1000\" height=\"798\" srcset=\"https:\/\/www.eulerdatasafe.com\/wp-content\/uploads\/2025\/04\/52.jpg 1000w, https:\/\/www.eulerdatasafe.com\/wp-content\/uploads\/2025\/04\/52-300x239.jpg 300w, https:\/\/www.eulerdatasafe.com\/wp-content\/uploads\/2025\/04\/52-768x613.jpg 768w, https:\/\/www.eulerdatasafe.com\/wp-content\/uploads\/2025\/04\/52-15x12.jpg 15w, https:\/\/www.eulerdatasafe.com\/wp-content\/uploads\/2025\/04\/52-600x479.jpg 600w\" sizes=\"(max-width: 1000px) 100vw, 1000px\" \/><\/a><\/p>\n<p><a href=\"https:\/\/www.gotopess.com\/wp-content\/uploads\/2025\/04\/51-1.jpg\"><img decoding=\"async\" class=\"alignnone wp-image-20916 size-full\" src=\"https:\/\/www.gotopess.com\/wp-content\/uploads\/2025\/04\/51-1.jpg\" alt=\"\" width=\"1010\" height=\"849\" srcset=\"https:\/\/www.eulerdatasafe.com\/wp-content\/uploads\/2025\/04\/51-1.jpg 1010w, https:\/\/www.eulerdatasafe.com\/wp-content\/uploads\/2025\/04\/51-1-300x252.jpg 300w, https:\/\/www.eulerdatasafe.com\/wp-content\/uploads\/2025\/04\/51-1-768x646.jpg 768w, https:\/\/www.eulerdatasafe.com\/wp-content\/uploads\/2025\/04\/51-1-14x12.jpg 14w, https:\/\/www.eulerdatasafe.com\/wp-content\/uploads\/2025\/04\/51-1-600x504.jpg 600w\" sizes=\"(max-width: 1010px) 100vw, 1010px\" \/><\/a><\/p>","protected":false},"excerpt":{"rendered":"<p>Bater\u00edas de ciclo profundo<br \/>\nLa serie DC est\u00e1 especialmente dise\u00f1ada para un rendimiento c\u00edclico frecuente. Mediante el uso de rejillas resistentes y material activo especialmente dise\u00f1ado, la bater\u00eda de la serie DC ofrece m\u00e1s vida c\u00edclica que la serie de reserva. Es adecuada para sistemas de energ\u00eda solar, embarcaciones, veh\u00edculos recreativos, etc.<\/p>","protected":false},"featured_media":20815,"comment_status":"open","ping_status":"closed","template":"","meta":[],"product_brand":[],"product_cat":[73],"product_tag":[],"class_list":{"0":"post-20278","1":"product","2":"type-product","3":"status-publish","4":"has-post-thumbnail","6":"product_cat-deep-cycle","8":"first","9":"instock","10":"shipping-taxable","11":"product-type-simple"},"_links":{"self":[{"href":"https:\/\/www.eulerdatasafe.com\/es\/wp-json\/wp\/v2\/product\/20278","targetHints":{"allow":["GET"]}}],"collection":[{"href":"https:\/\/www.eulerdatasafe.com\/es\/wp-json\/wp\/v2\/product"}],"about":[{"href":"https:\/\/www.eulerdatasafe.com\/es\/wp-json\/wp\/v2\/types\/product"}],"replies":[{"embeddable":true,"href":"https:\/\/www.eulerdatasafe.com\/es\/wp-json\/wp\/v2\/comments?post=20278"}],"wp:featuredmedia":[{"embeddable":true,"href":"https:\/\/www.eulerdatasafe.com\/es\/wp-json\/wp\/v2\/media\/20815"}],"wp:attachment":[{"href":"https:\/\/www.eulerdatasafe.com\/es\/wp-json\/wp\/v2\/media?parent=20278"}],"wp:term":[{"taxonomy":"product_brand","embeddable":true,"href":"https:\/\/www.eulerdatasafe.com\/es\/wp-json\/wp\/v2\/product_brand?post=20278"},{"taxonomy":"product_cat","embeddable":true,"href":"https:\/\/www.eulerdatasafe.com\/es\/wp-json\/wp\/v2\/product_cat?post=20278"},{"taxonomy":"product_tag","embeddable":true,"href":"https:\/\/www.eulerdatasafe.com\/es\/wp-json\/wp\/v2\/product_tag?post=20278"}],"curies":[{"name":"wp","href":"https:\/\/api.w.org\/{rel}","templated":true}]}}