{"id":20281,"date":"2025-02-17T16:01:04","date_gmt":"2025-02-17T08:01:04","guid":{"rendered":"https:\/\/www.eulerdatasafe.com\/?post_type=product&#038;p=20281"},"modified":"2025-04-26T17:36:03","modified_gmt":"2025-04-26T09:36:03","slug":"5g-smart-battery","status":"publish","type":"product","link":"https:\/\/www.eulerdatasafe.com\/es\/producto\/bateria-inteligente-de-5-g\/","title":{"rendered":"Bater\u00eda inteligente 5G"},"content":{"rendered":"<p><a href=\"https:\/\/www.eulerdatasafe.com\/wp-content\/uploads\/2025\/02\/1-220F4202H9149.jpg\"><img fetchpriority=\"high\" decoding=\"async\" class=\"alignnone size-full wp-image-20282\" src=\"https:\/\/www.eulerdatasafe.com\/wp-content\/uploads\/2025\/02\/1-220F4202H9149.jpg\" alt=\"\" width=\"1300\" height=\"467\" srcset=\"https:\/\/www.eulerdatasafe.com\/wp-content\/uploads\/2025\/02\/1-220F4202H9149.jpg 1300w, https:\/\/www.eulerdatasafe.com\/wp-content\/uploads\/2025\/02\/1-220F4202H9149-300x108.jpg 300w, https:\/\/www.eulerdatasafe.com\/wp-content\/uploads\/2025\/02\/1-220F4202H9149-1024x368.jpg 1024w, https:\/\/www.eulerdatasafe.com\/wp-content\/uploads\/2025\/02\/1-220F4202H9149-768x276.jpg 768w, https:\/\/www.eulerdatasafe.com\/wp-content\/uploads\/2025\/02\/1-220F4202H9149-600x216.jpg 600w\" sizes=\"(max-width: 1300px) 100vw, 1300px\" \/><\/a><\/p>\n<p>Producto 5G con dise\u00f1o integrado de estaci\u00f3n de alimentaci\u00f3n distribuida para aplicaciones 5G caracter\u00edstica de entorno de alimentaci\u00f3n de reserva de alta corriente a corto plazo.<\/p>\n<p>La instalaci\u00f3n en poste o en pared puede seleccionarse con flexibilidad en funci\u00f3n del entorno del emplazamiento, lo que resulta id\u00f3neo para centros comerciales, estaciones, aeropuertos y aparcamientos,<\/p>\n<p><strong><b>Caracter\u00edsticas del producto<\/b><\/strong><\/p>\n<p>+ El electrodo positivo de la bater\u00eda est\u00e1 fabricado con material de fosfato de hierro y litio (LiFePO4), con buenas prestaciones de seguridad y larga vida \u00fatil.<\/p>\n<p>+ Compatible con varios equipos de alimentaci\u00f3n de comunicaciones<\/p>\n<p>+ El BMS integrado dispone de varias funciones de protecci\u00f3n y comunicaci\u00f3n para garantizar la fiabilidad del rendimiento del pack de bater\u00edas.<\/p>\n<p>y realizar un seguimiento en tiempo real a larga distancia de los datos de la bater\u00eda<\/p>\n<p>+ Peque\u00f1a resistencia interna de la bater\u00eda, circuito de control de la bater\u00eda de alta eficiencia incorporado funci\u00f3n de equilibrado interno<\/p>\n<p>+ Amplia gama de temperaturas y alta fiabilidad<\/p>\n<p>+ Admite el uso en paralelo de varios juegos de pilas<\/p>\n<p>+ Sala de comunicaci\u00f3n<\/p>\n<p>+ Estaci\u00f3n base exterior<\/p>\n<p><a href=\"https:\/\/www.gotopess.com\/wp-content\/uploads\/2025\/02\/31.jpg\"><img decoding=\"async\" class=\"alignnone size-full wp-image-20974\" src=\"https:\/\/www.gotopess.com\/wp-content\/uploads\/2025\/02\/31.jpg\" alt=\"\" width=\"1586\" height=\"403\" srcset=\"https:\/\/www.eulerdatasafe.com\/wp-content\/uploads\/2025\/02\/31.jpg 1586w, https:\/\/www.eulerdatasafe.com\/wp-content\/uploads\/2025\/02\/31-300x76.jpg 300w, https:\/\/www.eulerdatasafe.com\/wp-content\/uploads\/2025\/02\/31-1024x260.jpg 1024w, https:\/\/www.eulerdatasafe.com\/wp-content\/uploads\/2025\/02\/31-768x195.jpg 768w, https:\/\/www.eulerdatasafe.com\/wp-content\/uploads\/2025\/02\/31-1536x390.jpg 1536w, https:\/\/www.eulerdatasafe.com\/wp-content\/uploads\/2025\/02\/31-18x5.jpg 18w, https:\/\/www.eulerdatasafe.com\/wp-content\/uploads\/2025\/02\/31-600x152.jpg 600w\" sizes=\"(max-width: 1586px) 100vw, 1586px\" \/><\/a><\/p>","protected":false},"excerpt":{"rendered":"<p>+ El electrodo positivo de la bater\u00eda est\u00e1 fabricado con material de fosfato de hierro y litio (LiFePO4), con buenas prestaciones de seguridad y larga vida \u00fatil.<\/p>\n<p>+ Compatible con varios equipos de alimentaci\u00f3n de comunicaciones<\/p>\n<p>+ El BMS integrado dispone de varias funciones de protecci\u00f3n y comunicaci\u00f3n para garantizar la fiabilidad del rendimiento del pack de bater\u00edas.<\/p>\n<p>y realizar un seguimiento en tiempo real a larga distancia de los datos de la bater\u00eda<\/p>\n<p>+ Peque\u00f1a resistencia interna de la bater\u00eda, circuito de control de la bater\u00eda de alta eficiencia incorporado funci\u00f3n de equilibrado interno<\/p>\n<p>+ Amplia gama de temperaturas y alta fiabilidad<\/p>\n<p>+ Admite el uso en paralelo de varios juegos de pilas<\/p>\n<p>+ Sala de comunicaci\u00f3n<\/p>\n<p>+ Estaci\u00f3n base exterior<\/p>","protected":false},"featured_media":20288,"comment_status":"open","ping_status":"closed","template":"","meta":[],"product_brand":[],"product_cat":[62,65],"product_tag":[],"class_list":{"0":"post-20281","1":"product","2":"type-product","3":"status-publish","4":"has-post-thumbnail","6":"product_cat-lithium","7":"product_cat-rack-mounted-48v-51-2v","9":"first","10":"instock","11":"shipping-taxable","12":"product-type-simple"},"_links":{"self":[{"href":"https:\/\/www.eulerdatasafe.com\/es\/wp-json\/wp\/v2\/product\/20281","targetHints":{"allow":["GET"]}}],"collection":[{"href":"https:\/\/www.eulerdatasafe.com\/es\/wp-json\/wp\/v2\/product"}],"about":[{"href":"https:\/\/www.eulerdatasafe.com\/es\/wp-json\/wp\/v2\/types\/product"}],"replies":[{"embeddable":true,"href":"https:\/\/www.eulerdatasafe.com\/es\/wp-json\/wp\/v2\/comments?post=20281"}],"wp:featuredmedia":[{"embeddable":true,"href":"https:\/\/www.eulerdatasafe.com\/es\/wp-json\/wp\/v2\/media\/20288"}],"wp:attachment":[{"href":"https:\/\/www.eulerdatasafe.com\/es\/wp-json\/wp\/v2\/media?parent=20281"}],"wp:term":[{"taxonomy":"product_brand","embeddable":true,"href":"https:\/\/www.eulerdatasafe.com\/es\/wp-json\/wp\/v2\/product_brand?post=20281"},{"taxonomy":"product_cat","embeddable":true,"href":"https:\/\/www.eulerdatasafe.com\/es\/wp-json\/wp\/v2\/product_cat?post=20281"},{"taxonomy":"product_tag","embeddable":true,"href":"https:\/\/www.eulerdatasafe.com\/es\/wp-json\/wp\/v2\/product_tag?post=20281"}],"curies":[{"name":"wp","href":"https:\/\/api.w.org\/{rel}","templated":true}]}}