{"id":20289,"date":"2025-02-17T16:15:24","date_gmt":"2025-02-17T08:15:24","guid":{"rendered":"https:\/\/www.eulerdatasafe.com\/?post_type=product&#038;p=20289"},"modified":"2025-04-26T03:49:53","modified_gmt":"2025-04-25T19:49:53","slug":"12v-lfp","status":"publish","type":"product","link":"https:\/\/www.eulerdatasafe.com\/es\/producto\/12v-lfp\/","title":{"rendered":"12V LFP"},"content":{"rendered":"<p><strong><b>Presentaci\u00f3n del producto<\/b><\/strong><\/p>\n<p>La serie LFP12V cuenta con una protecci\u00f3n de seguridad de alto nivel para garantizar la seguridad y fiabilidad del sistema en todo su ciclo de vida;<\/p>\n<p>el dise\u00f1o de la estructura de gesti\u00f3n inteligente puede supervisar con precisi\u00f3n el estado de cada componente del sistema para garantizar el funcionamiento estable del sistema<\/p>\n<p>y la seguridad del consumo el\u00e9ctrico de los usuarios.<\/p>\n<p>&nbsp;<\/p>\n<p><strong><b>Caracter\u00edsticas del producto<\/b><\/strong><\/p>\n<p>+ Bater\u00eda de hierro de litio incorporada, 70% m\u00e1s ligera que la bater\u00eda de plomo.<\/p>\n<p>+ Mayor vida \u00fatil (6000 ciclos de carga, SLA es 500 veces), fabricante directo,<\/p>\n<p>asistencia t\u00e9cnica global.<\/p>\n<p>+ Baja tasa de autodescarga y sin efecto memoria; dise\u00f1o de seguridad para evitar cortocircuitos,<\/p>\n<p>sobrecarga y sobredescarga, sobrecorriente y sobrecalentamiento.<\/p>\n<p><a href=\"https:\/\/www.gotopess.com\/wp-content\/uploads\/2025\/02\/66.jpg\"><img fetchpriority=\"high\" decoding=\"async\" class=\"alignnone size-full wp-image-20950\" src=\"https:\/\/www.gotopess.com\/wp-content\/uploads\/2025\/02\/66.jpg\" alt=\"\" width=\"1472\" height=\"1081\" srcset=\"https:\/\/www.eulerdatasafe.com\/wp-content\/uploads\/2025\/02\/66.jpg 1472w, https:\/\/www.eulerdatasafe.com\/wp-content\/uploads\/2025\/02\/66-300x220.jpg 300w, https:\/\/www.eulerdatasafe.com\/wp-content\/uploads\/2025\/02\/66-1024x752.jpg 1024w, https:\/\/www.eulerdatasafe.com\/wp-content\/uploads\/2025\/02\/66-768x564.jpg 768w, https:\/\/www.eulerdatasafe.com\/wp-content\/uploads\/2025\/02\/66-16x12.jpg 16w, https:\/\/www.eulerdatasafe.com\/wp-content\/uploads\/2025\/02\/66-600x441.jpg 600w\" sizes=\"(max-width: 1472px) 100vw, 1472px\" \/><\/a><\/p>","protected":false},"excerpt":{"rendered":"<p><strong><b>Caracter\u00edsticas del producto<\/b><\/strong><\/p>\n<p>+ Bater\u00eda de hierro de litio incorporada, 70% m\u00e1s ligera que la bater\u00eda de plomo.<\/p>\n<p>+ Mayor vida \u00fatil (6000 ciclos de carga, SLA es 500 veces), fabricante directo,<\/p>\n<p>asistencia t\u00e9cnica global.<\/p>\n<p>+ Baja tasa de autodescarga y sin efecto memoria; dise\u00f1o de seguridad para evitar cortocircuitos,<\/p>\n<p>sobrecarga y sobredescarga, sobrecorriente y sobrecalentamiento.<\/p>","protected":false},"featured_media":20357,"comment_status":"open","ping_status":"closed","template":"","meta":[],"product_brand":[],"product_cat":[62,64],"product_tag":[],"class_list":{"0":"post-20289","1":"product","2":"type-product","3":"status-publish","4":"has-post-thumbnail","6":"product_cat-lithium","7":"product_cat-lead-acid-replacement-12-8v-25-6v","9":"first","10":"instock","11":"shipping-taxable","12":"product-type-simple"},"_links":{"self":[{"href":"https:\/\/www.eulerdatasafe.com\/es\/wp-json\/wp\/v2\/product\/20289","targetHints":{"allow":["GET"]}}],"collection":[{"href":"https:\/\/www.eulerdatasafe.com\/es\/wp-json\/wp\/v2\/product"}],"about":[{"href":"https:\/\/www.eulerdatasafe.com\/es\/wp-json\/wp\/v2\/types\/product"}],"replies":[{"embeddable":true,"href":"https:\/\/www.eulerdatasafe.com\/es\/wp-json\/wp\/v2\/comments?post=20289"}],"wp:featuredmedia":[{"embeddable":true,"href":"https:\/\/www.eulerdatasafe.com\/es\/wp-json\/wp\/v2\/media\/20357"}],"wp:attachment":[{"href":"https:\/\/www.eulerdatasafe.com\/es\/wp-json\/wp\/v2\/media?parent=20289"}],"wp:term":[{"taxonomy":"product_brand","embeddable":true,"href":"https:\/\/www.eulerdatasafe.com\/es\/wp-json\/wp\/v2\/product_brand?post=20289"},{"taxonomy":"product_cat","embeddable":true,"href":"https:\/\/www.eulerdatasafe.com\/es\/wp-json\/wp\/v2\/product_cat?post=20289"},{"taxonomy":"product_tag","embeddable":true,"href":"https:\/\/www.eulerdatasafe.com\/es\/wp-json\/wp\/v2\/product_tag?post=20289"}],"curies":[{"name":"wp","href":"https:\/\/api.w.org\/{rel}","templated":true}]}}