{"id":20299,"date":"2025-02-17T16:48:47","date_gmt":"2025-02-17T08:48:47","guid":{"rendered":"https:\/\/www.eulerdatasafe.com\/?post_type=product&#038;p=20299"},"modified":"2025-04-26T17:31:50","modified_gmt":"2025-04-26T09:31:50","slug":"48v-lfp","status":"publish","type":"product","link":"https:\/\/www.eulerdatasafe.com\/es\/producto\/48v-lfp\/","title":{"rendered":"48V LFP"},"content":{"rendered":"<p>Se trata de un producto de alta tecnolog\u00eda desarrollado independientemente por nuestra empresa para aplicaciones de telecomunicaciones.<\/p>\n<p>Basado en el dise\u00f1o de armario est\u00e1ndar de 19 pulgadas, tiene las caracter\u00edsticas de f\u00e1cil instalaci\u00f3n y mantenimiento.<\/p>\n<p>Ventajas destacadas en el campo de la alimentaci\u00f3n de reserva de comunicaciones, como alta densidad energ\u00e9tica, tama\u00f1o reducido y larga vida \u00fatil,<\/p>\n<p>Adecuado para entornos de alta temperatura, carga y descarga r\u00e1pidas y dise\u00f1o modular, etc.<\/p>\n<p>&nbsp;<\/p>\n<p><strong><b>Caracter\u00edsticas del producto<\/b><\/strong><\/p>\n<p>+ El electrodo positivo de la bater\u00eda est\u00e1 fabricado con material de fosfato de hierro y litio (LiFePO4), con buenas prestaciones de seguridad y larga vida \u00fatil.<\/p>\n<p>+ Compatible con varios equipos de alimentaci\u00f3n de comunicaciones<\/p>\n<p>+ El BMS integrado dispone de varias funciones de protecci\u00f3n y comunicaci\u00f3n para garantizar la fiabilidad del rendimiento del pack de bater\u00edas.<\/p>\n<p>y realizar un seguimiento en tiempo real a larga distancia de los datos de la bater\u00eda<\/p>\n<p>+ Peque\u00f1a resistencia interna de la bater\u00eda, circuito de control de la bater\u00eda de alta eficiencia incorporado funci\u00f3n de equilibrado interno<\/p>\n<p>+ Amplia gama de temperaturas y alta fiabilidad<\/p>\n<p>+ Admite el uso en paralelo de varios juegos de pilas<\/p>\n<p>+ Sala de comunicaci\u00f3n<\/p>\n<p>+ Estaci\u00f3n base exterior<\/p>\n<p><a href=\"https:\/\/www.gotopess.com\/wp-content\/uploads\/2025\/02\/21.jpg\"><img fetchpriority=\"high\" decoding=\"async\" class=\"alignnone size-full wp-image-20973\" src=\"https:\/\/www.gotopess.com\/wp-content\/uploads\/2025\/02\/21.jpg\" alt=\"\" width=\"1817\" height=\"535\" srcset=\"https:\/\/www.eulerdatasafe.com\/wp-content\/uploads\/2025\/02\/21.jpg 1817w, https:\/\/www.eulerdatasafe.com\/wp-content\/uploads\/2025\/02\/21-300x88.jpg 300w, https:\/\/www.eulerdatasafe.com\/wp-content\/uploads\/2025\/02\/21-1024x302.jpg 1024w, https:\/\/www.eulerdatasafe.com\/wp-content\/uploads\/2025\/02\/21-768x226.jpg 768w, https:\/\/www.eulerdatasafe.com\/wp-content\/uploads\/2025\/02\/21-1536x452.jpg 1536w, https:\/\/www.eulerdatasafe.com\/wp-content\/uploads\/2025\/02\/21-18x5.jpg 18w, https:\/\/www.eulerdatasafe.com\/wp-content\/uploads\/2025\/02\/21-600x177.jpg 600w\" sizes=\"(max-width: 1817px) 100vw, 1817px\" \/><\/a><\/p>","protected":false},"excerpt":{"rendered":"<p>+ El electrodo positivo de la bater\u00eda est\u00e1 fabricado con material de fosfato de hierro y litio (LiFePO4), con buenas prestaciones de seguridad y larga vida \u00fatil.<\/p>\n<p>+ Compatible con varios equipos de alimentaci\u00f3n de comunicaciones<\/p>\n<p>+ El BMS integrado dispone de varias funciones de protecci\u00f3n y comunicaci\u00f3n para garantizar la fiabilidad del rendimiento del pack de bater\u00edas.<\/p>\n<p>y realizar un seguimiento en tiempo real a larga distancia de los datos de la bater\u00eda<\/p>\n<p>+ Peque\u00f1a resistencia interna de la bater\u00eda, circuito de control de la bater\u00eda de alta eficiencia incorporado funci\u00f3n de equilibrado interno<\/p>\n<p>+ Amplia gama de temperaturas y alta fiabilidad<\/p>\n<p>+ Admite el uso en paralelo de varios juegos de pilas<\/p>\n<p>+ Sala de comunicaci\u00f3n<\/p>\n<p>+ Estaci\u00f3n base exterior<\/p>","protected":false},"featured_media":20301,"comment_status":"open","ping_status":"closed","template":"","meta":[],"product_brand":[],"product_cat":[62,65],"product_tag":[],"class_list":{"0":"post-20299","1":"product","2":"type-product","3":"status-publish","4":"has-post-thumbnail","6":"product_cat-lithium","7":"product_cat-rack-mounted-48v-51-2v","9":"first","10":"instock","11":"shipping-taxable","12":"product-type-simple"},"_links":{"self":[{"href":"https:\/\/www.eulerdatasafe.com\/es\/wp-json\/wp\/v2\/product\/20299","targetHints":{"allow":["GET"]}}],"collection":[{"href":"https:\/\/www.eulerdatasafe.com\/es\/wp-json\/wp\/v2\/product"}],"about":[{"href":"https:\/\/www.eulerdatasafe.com\/es\/wp-json\/wp\/v2\/types\/product"}],"replies":[{"embeddable":true,"href":"https:\/\/www.eulerdatasafe.com\/es\/wp-json\/wp\/v2\/comments?post=20299"}],"wp:featuredmedia":[{"embeddable":true,"href":"https:\/\/www.eulerdatasafe.com\/es\/wp-json\/wp\/v2\/media\/20301"}],"wp:attachment":[{"href":"https:\/\/www.eulerdatasafe.com\/es\/wp-json\/wp\/v2\/media?parent=20299"}],"wp:term":[{"taxonomy":"product_brand","embeddable":true,"href":"https:\/\/www.eulerdatasafe.com\/es\/wp-json\/wp\/v2\/product_brand?post=20299"},{"taxonomy":"product_cat","embeddable":true,"href":"https:\/\/www.eulerdatasafe.com\/es\/wp-json\/wp\/v2\/product_cat?post=20299"},{"taxonomy":"product_tag","embeddable":true,"href":"https:\/\/www.eulerdatasafe.com\/es\/wp-json\/wp\/v2\/product_tag?post=20299"}],"curies":[{"name":"wp","href":"https:\/\/api.w.org\/{rel}","templated":true}]}}