{"id":20316,"date":"2025-02-17T17:23:55","date_gmt":"2025-02-17T09:23:55","guid":{"rendered":"https:\/\/www.eulerdatasafe.com\/?post_type=product&#038;p=20316"},"modified":"2025-04-08T16:30:59","modified_gmt":"2025-04-08T08:30:59","slug":"li-cell","status":"publish","type":"product","link":"https:\/\/www.eulerdatasafe.com\/es\/producto\/li-celula\/","title":{"rendered":"C\u00e9lula Li"},"content":{"rendered":"<p><strong><b>Presentaci\u00f3n del producto<\/b><\/strong><\/p>\n<p>Los materiales son el punto clave de las pilas.<\/p>\n<p>Los materiales determinan la hoja de ruta t\u00e9cnica de las c\u00e9lulas, y el rendimiento del material determina el rendimiento y la posibilidad de la bater\u00eda.<\/p>\n<p>Los materiales de las bater\u00edas se dividen en electrodo positivo y negativo. En la actualidad, el c\u00e1todo utilizado mayor en la industria.<\/p>\n<p>Nuestra bater\u00eda utiliza principalmente fosfato de hierro y litio y el material del electrodo negativo es principalmente grafito natural y material de grafito artificial.<\/p>\n<p>&nbsp;<\/p>\n<p>Seguridad Estable Respetuoso con el medio ambiente<\/p>\n<p>Sin riesgo de explosi\u00f3n o incendio Rendimiento estable Cero contaminaci\u00f3n<\/p>\n<p>antirayos y antiinterferencias baja atenuaci\u00f3n alta eficacia y ahorro energ\u00e9tico<\/p>\n<p>&nbsp;<\/p>\n<p>+ El electrodo positivo de la bater\u00eda est\u00e1 fabricado con material de fosfato de hierro y litio (LiFePO4), con buenas prestaciones de seguridad y larga vida \u00fatil.<\/p>\n<p>+ El dise\u00f1o sin mantenimiento garantiza un rendimiento fiable de la bater\u00eda<\/p>\n<p>+ Peque\u00f1a resistencia interna de la bater\u00eda<\/p>\n<p>+ Amplia gama de temperaturas y alta fiabilidad<\/p>\n<p>+ Admite varios juegos de pilas en serie y en paralelo<\/p>\n<p><a href=\"https:\/\/www.eulerdatasafe.com\/wp-content\/uploads\/2025\/02\/1-220621195354K8.png\"><img fetchpriority=\"high\" decoding=\"async\" class=\"alignnone size-full wp-image-20317\" src=\"https:\/\/www.eulerdatasafe.com\/wp-content\/uploads\/2025\/02\/1-220621195354K8.png\" alt=\"\" width=\"1200\" height=\"894\" srcset=\"https:\/\/www.eulerdatasafe.com\/wp-content\/uploads\/2025\/02\/1-220621195354K8.png 1200w, https:\/\/www.eulerdatasafe.com\/wp-content\/uploads\/2025\/02\/1-220621195354K8-300x224.png 300w, https:\/\/www.eulerdatasafe.com\/wp-content\/uploads\/2025\/02\/1-220621195354K8-1024x763.png 1024w, https:\/\/www.eulerdatasafe.com\/wp-content\/uploads\/2025\/02\/1-220621195354K8-768x572.png 768w, https:\/\/www.eulerdatasafe.com\/wp-content\/uploads\/2025\/02\/1-220621195354K8-600x447.png 600w\" sizes=\"(max-width: 1200px) 100vw, 1200px\" \/><\/a> <a href=\"https:\/\/www.eulerdatasafe.com\/wp-content\/uploads\/2025\/02\/1-2206212022122X.jpg\"><img decoding=\"async\" class=\"alignnone size-full wp-image-20318\" src=\"https:\/\/www.eulerdatasafe.com\/wp-content\/uploads\/2025\/02\/1-2206212022122X.jpg\" alt=\"\" width=\"1200\" height=\"894\" srcset=\"https:\/\/www.eulerdatasafe.com\/wp-content\/uploads\/2025\/02\/1-2206212022122X.jpg 1200w, https:\/\/www.eulerdatasafe.com\/wp-content\/uploads\/2025\/02\/1-2206212022122X-300x224.jpg 300w, https:\/\/www.eulerdatasafe.com\/wp-content\/uploads\/2025\/02\/1-2206212022122X-1024x763.jpg 1024w, https:\/\/www.eulerdatasafe.com\/wp-content\/uploads\/2025\/02\/1-2206212022122X-768x572.jpg 768w, https:\/\/www.eulerdatasafe.com\/wp-content\/uploads\/2025\/02\/1-2206212022122X-600x447.jpg 600w\" sizes=\"(max-width: 1200px) 100vw, 1200px\" \/><\/a> <a href=\"https:\/\/www.eulerdatasafe.com\/wp-content\/uploads\/2025\/02\/1-220621202212627.jpg\"><img decoding=\"async\" class=\"alignnone size-full wp-image-20319\" src=\"https:\/\/www.eulerdatasafe.com\/wp-content\/uploads\/2025\/02\/1-220621202212627.jpg\" alt=\"\" width=\"1200\" height=\"894\" srcset=\"https:\/\/www.eulerdatasafe.com\/wp-content\/uploads\/2025\/02\/1-220621202212627.jpg 1200w, https:\/\/www.eulerdatasafe.com\/wp-content\/uploads\/2025\/02\/1-220621202212627-300x224.jpg 300w, https:\/\/www.eulerdatasafe.com\/wp-content\/uploads\/2025\/02\/1-220621202212627-1024x763.jpg 1024w, https:\/\/www.eulerdatasafe.com\/wp-content\/uploads\/2025\/02\/1-220621202212627-768x572.jpg 768w, https:\/\/www.eulerdatasafe.com\/wp-content\/uploads\/2025\/02\/1-220621202212627-600x447.jpg 600w\" sizes=\"(max-width: 1200px) 100vw, 1200px\" \/><\/a><\/p>","protected":false},"excerpt":{"rendered":"<p>Introducci\u00f3n del producto Los materiales son el punto clave de las pilas. Los materiales determinan la hoja de ruta t\u00e9cnica de las pilas, y el rendimiento del material determina el rendimiento y la posibilidad de la pila. Los materiales de las pilas se dividen en electrodo positivo y negativo. En la actualidad, el c\u00e1todo m\u00e1s utilizado en la industria. Nuestra bater\u00eda se utiliza principalmente [...]<\/p>","protected":false},"featured_media":20321,"comment_status":"open","ping_status":"closed","template":"","meta":[],"product_brand":[],"product_cat":[62],"product_tag":[],"class_list":{"0":"post-20316","1":"product","2":"type-product","3":"status-publish","4":"has-post-thumbnail","6":"product_cat-lithium","8":"first","9":"instock","10":"shipping-taxable","11":"product-type-simple"},"_links":{"self":[{"href":"https:\/\/www.eulerdatasafe.com\/es\/wp-json\/wp\/v2\/product\/20316","targetHints":{"allow":["GET"]}}],"collection":[{"href":"https:\/\/www.eulerdatasafe.com\/es\/wp-json\/wp\/v2\/product"}],"about":[{"href":"https:\/\/www.eulerdatasafe.com\/es\/wp-json\/wp\/v2\/types\/product"}],"replies":[{"embeddable":true,"href":"https:\/\/www.eulerdatasafe.com\/es\/wp-json\/wp\/v2\/comments?post=20316"}],"wp:featuredmedia":[{"embeddable":true,"href":"https:\/\/www.eulerdatasafe.com\/es\/wp-json\/wp\/v2\/media\/20321"}],"wp:attachment":[{"href":"https:\/\/www.eulerdatasafe.com\/es\/wp-json\/wp\/v2\/media?parent=20316"}],"wp:term":[{"taxonomy":"product_brand","embeddable":true,"href":"https:\/\/www.eulerdatasafe.com\/es\/wp-json\/wp\/v2\/product_brand?post=20316"},{"taxonomy":"product_cat","embeddable":true,"href":"https:\/\/www.eulerdatasafe.com\/es\/wp-json\/wp\/v2\/product_cat?post=20316"},{"taxonomy":"product_tag","embeddable":true,"href":"https:\/\/www.eulerdatasafe.com\/es\/wp-json\/wp\/v2\/product_tag?post=20316"}],"curies":[{"name":"wp","href":"https:\/\/api.w.org\/{rel}","templated":true}]}}