{"id":20323,"date":"2025-02-17T17:30:14","date_gmt":"2025-02-17T09:30:14","guid":{"rendered":"https:\/\/www.eulerdatasafe.com\/?post_type=product&#038;p=20323"},"modified":"2025-04-26T18:13:07","modified_gmt":"2025-04-26T10:13:07","slug":"motorcycle","status":"publish","type":"product","link":"https:\/\/www.eulerdatasafe.com\/es\/producto\/motocicleta\/","title":{"rendered":"Motocicleta"},"content":{"rendered":"<p>+ Peso y volumen de las bater\u00edas de litio son s\u00f3lo 1\/4 Comparar las bater\u00edas de plomo-\u00e1cido, que puede ayudar al usuario a reducir el peso y ahorrar espacio.<\/p>\n<p>+ No necesita a\u00f1adir \u00e1cido, no necesita mantenimiento, no contiene metales pesados como plomo y mercurio, y es ecol\u00f3gico y respetuoso con el medio ambiente.<\/p>\n<p>+ F\u00e1cil de instalar, admite la instalaci\u00f3n multi\u00e1ngulo y no tiene problemas de fugas de \u00e1cido.<\/p>\n<p>+ Soporta carga r\u00e1pida, que es 1\/3 del tiempo de carga comparar la bater\u00eda de plomo-\u00e1cido.<\/p>\n<p>+ Ciclo de vida m\u00e1s largo que es cinco veces comparan la bater\u00eda de plomo-\u00e1cido.<\/p>\n<p>+ Electrodo de baja autodescarga, y el tiempo en espera es cinco veces superior al de la bater\u00eda de plomo-\u00e1cido.<\/p>\n<p>+ Voltaje estable, amigable con el motor, m\u00e1s f\u00e1cil de arrancar su motocicleta.<\/p>\n<p>+ Gran adaptabilidad a altas temperaturas y temperaturas ultrabajas. Se puede utilizar en el entorno natural de -20~60\u2103, y se puede utilizar en el entorno natural de -40\u2103 despu\u00e9s del procesamiento.<\/p>\n<p>+ Puede equiparse con un sistema de gesti\u00f3n de la bater\u00eda (BMS) para supervisar y controlar la bater\u00eda, que es inteligente y seguro.<\/p>\n<p>+ Descarga de corriente aceptable de 10C, capacidad de 90% en 6 minutos.<\/p>\n<p><a href=\"https:\/\/www.gotopess.com\/wp-content\/uploads\/2025\/02\/41.jpg\"><img fetchpriority=\"high\" decoding=\"async\" class=\"alignnone size-full wp-image-20978\" src=\"https:\/\/www.gotopess.com\/wp-content\/uploads\/2025\/02\/41.jpg\" alt=\"\" width=\"1274\" height=\"221\" srcset=\"https:\/\/www.eulerdatasafe.com\/wp-content\/uploads\/2025\/02\/41.jpg 1274w, https:\/\/www.eulerdatasafe.com\/wp-content\/uploads\/2025\/02\/41-300x52.jpg 300w, https:\/\/www.eulerdatasafe.com\/wp-content\/uploads\/2025\/02\/41-1024x178.jpg 1024w, https:\/\/www.eulerdatasafe.com\/wp-content\/uploads\/2025\/02\/41-768x133.jpg 768w, https:\/\/www.eulerdatasafe.com\/wp-content\/uploads\/2025\/02\/41-18x3.jpg 18w, https:\/\/www.eulerdatasafe.com\/wp-content\/uploads\/2025\/02\/41-600x104.jpg 600w\" sizes=\"(max-width: 1274px) 100vw, 1274px\" \/><\/a><\/p>","protected":false},"excerpt":{"rendered":"<p>+ Peso y volumen de las bater\u00edas de litio son s\u00f3lo 1\/4 Comparar las bater\u00edas de plomo-\u00e1cido, que puede ayudar al usuario a reducir el peso y ahorrar espacio.<\/p>\n<p>+ No necesita a\u00f1adir \u00e1cido, no necesita mantenimiento, no contiene metales pesados como plomo y mercurio, y es ecol\u00f3gico y respetuoso con el medio ambiente.<\/p>\n<p>+ F\u00e1cil de instalar, admite la instalaci\u00f3n multi\u00e1ngulo y no tiene problemas de fugas de \u00e1cido.<\/p>\n<p>+ Soporta carga r\u00e1pida, que es 1\/3 del tiempo de carga comparar la bater\u00eda de plomo-\u00e1cido.<\/p>\n<p>+ Ciclo de vida m\u00e1s largo que es cinco veces comparan la bater\u00eda de plomo-\u00e1cido.<\/p>\n<p>+ Electrodo de baja autodescarga, y el tiempo en espera es cinco veces superior al de la bater\u00eda de plomo-\u00e1cido.<\/p>\n<p>+ Voltaje estable, amigable con el motor, m\u00e1s f\u00e1cil de arrancar su motocicleta.<\/p>\n<p>+ Gran adaptabilidad a altas temperaturas y temperaturas ultrabajas. Se puede utilizar en el entorno natural de -20~60\u2103, y se puede utilizar en el entorno natural de -40\u2103 despu\u00e9s del procesamiento.<\/p>\n<p>+ Puede equiparse con un sistema de gesti\u00f3n de la bater\u00eda (BMS) para supervisar y controlar la bater\u00eda, que es inteligente y seguro.<\/p>\n<p>+ Descarga de corriente aceptable de 10C, capacidad de 90% en 6 minutos.<\/p>","protected":false},"featured_media":20326,"comment_status":"open","ping_status":"closed","template":"","meta":[],"product_brand":[],"product_cat":[174],"product_tag":[],"class_list":{"0":"post-20323","1":"product","2":"type-product","3":"status-publish","4":"has-post-thumbnail","6":"product_cat-motorcycle-battery","8":"first","9":"instock","10":"shipping-taxable","11":"product-type-simple"},"_links":{"self":[{"href":"https:\/\/www.eulerdatasafe.com\/es\/wp-json\/wp\/v2\/product\/20323","targetHints":{"allow":["GET"]}}],"collection":[{"href":"https:\/\/www.eulerdatasafe.com\/es\/wp-json\/wp\/v2\/product"}],"about":[{"href":"https:\/\/www.eulerdatasafe.com\/es\/wp-json\/wp\/v2\/types\/product"}],"replies":[{"embeddable":true,"href":"https:\/\/www.eulerdatasafe.com\/es\/wp-json\/wp\/v2\/comments?post=20323"}],"wp:featuredmedia":[{"embeddable":true,"href":"https:\/\/www.eulerdatasafe.com\/es\/wp-json\/wp\/v2\/media\/20326"}],"wp:attachment":[{"href":"https:\/\/www.eulerdatasafe.com\/es\/wp-json\/wp\/v2\/media?parent=20323"}],"wp:term":[{"taxonomy":"product_brand","embeddable":true,"href":"https:\/\/www.eulerdatasafe.com\/es\/wp-json\/wp\/v2\/product_brand?post=20323"},{"taxonomy":"product_cat","embeddable":true,"href":"https:\/\/www.eulerdatasafe.com\/es\/wp-json\/wp\/v2\/product_cat?post=20323"},{"taxonomy":"product_tag","embeddable":true,"href":"https:\/\/www.eulerdatasafe.com\/es\/wp-json\/wp\/v2\/product_tag?post=20323"}],"curies":[{"name":"wp","href":"https:\/\/api.w.org\/{rel}","templated":true}]}}