{"id":20328,"date":"2025-02-17T17:35:35","date_gmt":"2025-02-17T09:35:35","guid":{"rendered":"https:\/\/www.eulerdatasafe.com\/?post_type=product&#038;p=20328"},"modified":"2025-04-26T21:33:22","modified_gmt":"2025-04-26T13:33:22","slug":"stackable-ess","status":"publish","type":"product","link":"https:\/\/www.eulerdatasafe.com\/es\/producto\/ess-apilable\/","title":{"rendered":"ESS apilable"},"content":{"rendered":"<p><strong><b>Caracter\u00edsticas del producto<\/b><\/strong><\/p>\n<p><a href=\"https:\/\/www.eulerdatasafe.com\/wp-content\/uploads\/2025\/02\/\u56fe\u72474.png\"><img fetchpriority=\"high\" decoding=\"async\" class=\"alignnone size-full wp-image-20329\" src=\"https:\/\/www.eulerdatasafe.com\/wp-content\/uploads\/2025\/02\/\u56fe\u72474.png\" alt=\"\" width=\"307\" height=\"322\" srcset=\"https:\/\/www.eulerdatasafe.com\/wp-content\/uploads\/2025\/02\/\u56fe\u72474.png 307w, https:\/\/www.eulerdatasafe.com\/wp-content\/uploads\/2025\/02\/\u56fe\u72474-286x300.png 286w\" sizes=\"(max-width: 307px) 100vw, 307px\" \/><\/a><\/p>\n<p><a href=\"https:\/\/www.gotopess.com\/wp-content\/uploads\/2025\/02\/82.jpg\"><img decoding=\"async\" class=\"alignnone size-full wp-image-20996\" src=\"https:\/\/www.gotopess.com\/wp-content\/uploads\/2025\/02\/82.jpg\" alt=\"\" width=\"1560\" height=\"2305\" srcset=\"https:\/\/www.eulerdatasafe.com\/wp-content\/uploads\/2025\/02\/82.jpg 1560w, https:\/\/www.eulerdatasafe.com\/wp-content\/uploads\/2025\/02\/82-203x300.jpg 203w, https:\/\/www.eulerdatasafe.com\/wp-content\/uploads\/2025\/02\/82-693x1024.jpg 693w, https:\/\/www.eulerdatasafe.com\/wp-content\/uploads\/2025\/02\/82-768x1135.jpg 768w, https:\/\/www.eulerdatasafe.com\/wp-content\/uploads\/2025\/02\/82-1040x1536.jpg 1040w, https:\/\/www.eulerdatasafe.com\/wp-content\/uploads\/2025\/02\/82-1386x2048.jpg 1386w, https:\/\/www.eulerdatasafe.com\/wp-content\/uploads\/2025\/02\/82-8x12.jpg 8w, https:\/\/www.eulerdatasafe.com\/wp-content\/uploads\/2025\/02\/82-600x887.jpg 600w\" sizes=\"(max-width: 1560px) 100vw, 1560px\" \/><\/a><\/p>","protected":false},"excerpt":{"rendered":"<p><strong><b>Presentaci\u00f3n del producto<\/b><\/strong><\/p>\n<p>El almacenamiento de energ\u00eda se configura de forma diferente en funci\u00f3n de las necesidades de la vivienda, la capacidad de la bater\u00eda es de 5,12kWh a 20,48kWh.<\/p>\n<p>con diferentes tipos, como power wall, standing stacable, etc.<\/p>\n<p>Nuestra bater\u00eda es mejor para el almacenamiento de energ\u00eda de emergencia en el hogar como la bater\u00eda solar.<\/p>\n<p>Neata ofrece un sistema de servicio de ventanilla \u00fanica que puede gestionar su sistema de almacenamiento de bater\u00eda solar dom\u00e9stica de forma m\u00e1s c\u00f3moda.<\/p>\n<p>Se puede dise\u00f1ar un sistema modular flexible en funci\u00f3n del consumo diario de la vivienda.<\/p>\n<p>La soluci\u00f3n energ\u00e9tica de emergencia perfecta para chal\u00e9s, apartamentos, hoteles y centros comerciales.<\/p>","protected":false},"featured_media":20353,"comment_status":"open","ping_status":"closed","template":"","meta":[],"product_brand":[],"product_cat":[75,78],"product_tag":[],"class_list":{"0":"post-20328","1":"product","2":"type-product","3":"status-publish","4":"has-post-thumbnail","6":"product_cat-ess","7":"product_cat-residential-ess","9":"first","10":"instock","11":"shipping-taxable","12":"product-type-simple"},"_links":{"self":[{"href":"https:\/\/www.eulerdatasafe.com\/es\/wp-json\/wp\/v2\/product\/20328","targetHints":{"allow":["GET"]}}],"collection":[{"href":"https:\/\/www.eulerdatasafe.com\/es\/wp-json\/wp\/v2\/product"}],"about":[{"href":"https:\/\/www.eulerdatasafe.com\/es\/wp-json\/wp\/v2\/types\/product"}],"replies":[{"embeddable":true,"href":"https:\/\/www.eulerdatasafe.com\/es\/wp-json\/wp\/v2\/comments?post=20328"}],"wp:featuredmedia":[{"embeddable":true,"href":"https:\/\/www.eulerdatasafe.com\/es\/wp-json\/wp\/v2\/media\/20353"}],"wp:attachment":[{"href":"https:\/\/www.eulerdatasafe.com\/es\/wp-json\/wp\/v2\/media?parent=20328"}],"wp:term":[{"taxonomy":"product_brand","embeddable":true,"href":"https:\/\/www.eulerdatasafe.com\/es\/wp-json\/wp\/v2\/product_brand?post=20328"},{"taxonomy":"product_cat","embeddable":true,"href":"https:\/\/www.eulerdatasafe.com\/es\/wp-json\/wp\/v2\/product_cat?post=20328"},{"taxonomy":"product_tag","embeddable":true,"href":"https:\/\/www.eulerdatasafe.com\/es\/wp-json\/wp\/v2\/product_tag?post=20328"}],"curies":[{"name":"wp","href":"https:\/\/api.w.org\/{rel}","templated":true}]}}