{"id":20333,"date":"2025-02-17T17:44:04","date_gmt":"2025-02-17T09:44:04","guid":{"rendered":"https:\/\/www.eulerdatasafe.com\/?post_type=product&#038;p=20333"},"modified":"2025-04-08T16:35:31","modified_gmt":"2025-04-08T08:35:31","slug":"ups-lithium-battery","status":"publish","type":"product","link":"https:\/\/www.eulerdatasafe.com\/es\/producto\/ups-bateria-de-litio\/","title":{"rendered":"Bater\u00eda de litio del SAI"},"content":{"rendered":"<p><strong><b>Presentaci\u00f3n del producto<\/b><\/strong><\/p>\n<p>La serie NC\/TC son productos desarrollados independientemente por nuestra empresa que son adecuados para todo tipo de SAI.<\/p>\n<p>C\u00e9lulas LFP de alta velocidad y sistema BMS de desarrollo propio,<\/p>\n<p>Sistema de telegesti\u00f3n integrado y m\u00f3dulo inteligente de protecci\u00f3n contra incendios, alta fiabilidad, buena estabilidad, larga vida \u00fatil y excelentes prestaciones de seguridad.<\/p>\n<p>El producto se caracteriza por su rentabilidad, durabilidad y gran consistencia.<\/p>\n<p><a href=\"https:\/\/www.eulerdatasafe.com\/wp-content\/uploads\/2025\/02\/\u56fe\u72475.png\"><img fetchpriority=\"high\" decoding=\"async\" class=\"alignnone size-full wp-image-20334\" src=\"https:\/\/www.eulerdatasafe.com\/wp-content\/uploads\/2025\/02\/\u56fe\u72475.png\" alt=\"\" width=\"1268\" height=\"297\" srcset=\"https:\/\/www.eulerdatasafe.com\/wp-content\/uploads\/2025\/02\/\u56fe\u72475.png 1268w, https:\/\/www.eulerdatasafe.com\/wp-content\/uploads\/2025\/02\/\u56fe\u72475-300x70.png 300w, https:\/\/www.eulerdatasafe.com\/wp-content\/uploads\/2025\/02\/\u56fe\u72475-1024x240.png 1024w, https:\/\/www.eulerdatasafe.com\/wp-content\/uploads\/2025\/02\/\u56fe\u72475-768x180.png 768w, https:\/\/www.eulerdatasafe.com\/wp-content\/uploads\/2025\/02\/\u56fe\u72475-600x141.png 600w\" sizes=\"(max-width: 1268px) 100vw, 1268px\" \/><\/a><\/p>\n<p><strong><b>Caracter\u00edsticas del producto<\/b><\/strong><\/p>\n<p>+ Protecci\u00f3n de seguridad de cuatro niveles con altas prestaciones de seguridad para garantizar la seguridad y fiabilidad del sistema (nivel de c\u00e9lula, nivel de m\u00f3dulo, nivel de grupo, nivel de sistema).<\/p>\n<p>+ Excelente rendimiento de descarga a alta velocidad soporta hasta 10C de descarga, eficiencia de descarga \u2265 95%<\/p>\n<p>+ Gesti\u00f3n completa de detalles 100% gesti\u00f3n de c\u00e9lulas de bater\u00eda + Gesti\u00f3n de dispositivos funcionales<\/p>\n<p>+ Larga vida \u00fatil de dise\u00f1o de 20 a\u00f1os<\/p>\n<p>+ Larga vida \u00fatil 1C carga y descarga \u2265 3500 veces; 4C descarga\/0,5C carga \u2265 2000 veces.<\/p>\n<p>+ Sistema inteligente de gesti\u00f3n de la nube de apoyo a la operaci\u00f3n y mantenimiento predictivos, operaci\u00f3n y mantenimiento de supervisi\u00f3n de la nube, apoyo a la gesti\u00f3n de m\u00faltiples funciones.<\/p>\n<p>+ Sistema inteligente de control de incendios (opcional) sistema integrado de control de incendios, sistema de garant\u00eda 7*24 y seguridad de las instalaciones<\/p>\n<p>+ Adecuado para todas las marcas de SAI u otros dispositivos inversores<\/p>\n<p>+ Centro de datos<\/p>\n<p>+ Finstituciones financieras<\/p>\n<p>+ Tr\u00e1nsito ferroviario<\/p>\n<p>+ Almacenamiento de energ\u00eda h\u00edbrida e\u00f3lica-solar<\/p>\n<p>+ Energ\u00eda de reserva en zonas sin suministro el\u00e9ctrico<\/p>\n<p>&nbsp;<\/p>","protected":false},"excerpt":{"rendered":"<p>Introducci\u00f3n del producto La serie NC\/TC son productos desarrollados independientemente por nuestra empresa que son adecuados para todo tipo de SAI. Utiliza c\u00e9lulas LFP de alta velocidad y sistema BMS de desarrollo propio, sistema de gesti\u00f3n remota integrado y m\u00f3dulo inteligente de protecci\u00f3n contra incendios, alta fiabilidad, buena estabilidad, larga vida \u00fatil y excelente rendimiento de seguridad. El producto se caracteriza por un alto rendimiento de costes, [...]<\/p>","protected":false},"featured_media":20338,"comment_status":"open","ping_status":"closed","template":"","meta":[],"product_brand":[],"product_cat":[62],"product_tag":[],"class_list":{"0":"post-20333","1":"product","2":"type-product","3":"status-publish","4":"has-post-thumbnail","6":"product_cat-lithium","8":"first","9":"instock","10":"shipping-taxable","11":"product-type-simple"},"_links":{"self":[{"href":"https:\/\/www.eulerdatasafe.com\/es\/wp-json\/wp\/v2\/product\/20333","targetHints":{"allow":["GET"]}}],"collection":[{"href":"https:\/\/www.eulerdatasafe.com\/es\/wp-json\/wp\/v2\/product"}],"about":[{"href":"https:\/\/www.eulerdatasafe.com\/es\/wp-json\/wp\/v2\/types\/product"}],"replies":[{"embeddable":true,"href":"https:\/\/www.eulerdatasafe.com\/es\/wp-json\/wp\/v2\/comments?post=20333"}],"wp:featuredmedia":[{"embeddable":true,"href":"https:\/\/www.eulerdatasafe.com\/es\/wp-json\/wp\/v2\/media\/20338"}],"wp:attachment":[{"href":"https:\/\/www.eulerdatasafe.com\/es\/wp-json\/wp\/v2\/media?parent=20333"}],"wp:term":[{"taxonomy":"product_brand","embeddable":true,"href":"https:\/\/www.eulerdatasafe.com\/es\/wp-json\/wp\/v2\/product_brand?post=20333"},{"taxonomy":"product_cat","embeddable":true,"href":"https:\/\/www.eulerdatasafe.com\/es\/wp-json\/wp\/v2\/product_cat?post=20333"},{"taxonomy":"product_tag","embeddable":true,"href":"https:\/\/www.eulerdatasafe.com\/es\/wp-json\/wp\/v2\/product_tag?post=20333"}],"curies":[{"name":"wp","href":"https:\/\/api.w.org\/{rel}","templated":true}]}}