{"id":20403,"date":"2025-04-09T20:32:45","date_gmt":"2025-04-09T12:32:45","guid":{"rendered":"https:\/\/www.eulerdatasafe.com\/?post_type=product&#038;p=20403"},"modified":"2025-04-26T03:59:19","modified_gmt":"2025-04-25T19:59:19","slug":"20403","status":"publish","type":"product","link":"https:\/\/www.eulerdatasafe.com\/es\/producto\/20403\/","title":{"rendered":"Soluciones p\u00fablicas inteligentes de gesti\u00f3n de la energ\u00eda"},"content":{"rendered":"<p><a href=\"https:\/\/www.gotopess.com\/wp-content\/uploads\/2025\/04\/product2-scaled-1-1.jpg\"><img fetchpriority=\"high\" decoding=\"async\" class=\"alignnone wp-image-20953 size-full\" src=\"https:\/\/www.gotopess.com\/wp-content\/uploads\/2025\/04\/product2-scaled-1-1.jpg\" alt=\"\" width=\"2560\" height=\"1737\" srcset=\"https:\/\/www.eulerdatasafe.com\/wp-content\/uploads\/2025\/04\/product2-scaled-1-1.jpg 2560w, https:\/\/www.eulerdatasafe.com\/wp-content\/uploads\/2025\/04\/product2-scaled-1-1-300x204.jpg 300w, https:\/\/www.eulerdatasafe.com\/wp-content\/uploads\/2025\/04\/product2-scaled-1-1-1024x695.jpg 1024w, https:\/\/www.eulerdatasafe.com\/wp-content\/uploads\/2025\/04\/product2-scaled-1-1-768x521.jpg 768w, https:\/\/www.eulerdatasafe.com\/wp-content\/uploads\/2025\/04\/product2-scaled-1-1-1536x1042.jpg 1536w, https:\/\/www.eulerdatasafe.com\/wp-content\/uploads\/2025\/04\/product2-scaled-1-1-2048x1390.jpg 2048w, https:\/\/www.eulerdatasafe.com\/wp-content\/uploads\/2025\/04\/product2-scaled-1-1-18x12.jpg 18w, https:\/\/www.eulerdatasafe.com\/wp-content\/uploads\/2025\/04\/product2-scaled-1-1-600x407.jpg 600w\" sizes=\"(max-width: 2560px) 100vw, 2560px\" \/><\/a> <a href=\"https:\/\/www.eulerdatasafe.com\/wp-content\/uploads\/2025\/04\/product2.png\"><img decoding=\"async\" class=\"alignnone size-full wp-image-20405\" src=\"https:\/\/www.eulerdatasafe.com\/wp-content\/uploads\/2025\/04\/product2.png\" alt=\"\" width=\"800\" height=\"800\" srcset=\"https:\/\/www.eulerdatasafe.com\/wp-content\/uploads\/2025\/04\/product2.png 800w, https:\/\/www.eulerdatasafe.com\/wp-content\/uploads\/2025\/04\/product2-300x300.png 300w, https:\/\/www.eulerdatasafe.com\/wp-content\/uploads\/2025\/04\/product2-150x150.png 150w, https:\/\/www.eulerdatasafe.com\/wp-content\/uploads\/2025\/04\/product2-768x768.png 768w, https:\/\/www.eulerdatasafe.com\/wp-content\/uploads\/2025\/04\/product2-600x600.png 600w\" sizes=\"(max-width: 800px) 100vw, 800px\" \/><\/a> <a href=\"https:\/\/www.eulerdatasafe.com\/wp-content\/uploads\/2025\/04\/product2-1.png\"><img decoding=\"async\" class=\"alignnone size-full wp-image-20406\" src=\"https:\/\/www.eulerdatasafe.com\/wp-content\/uploads\/2025\/04\/product2-1.png\" alt=\"\" width=\"800\" height=\"800\" srcset=\"https:\/\/www.eulerdatasafe.com\/wp-content\/uploads\/2025\/04\/product2-1.png 800w, https:\/\/www.eulerdatasafe.com\/wp-content\/uploads\/2025\/04\/product2-1-300x300.png 300w, https:\/\/www.eulerdatasafe.com\/wp-content\/uploads\/2025\/04\/product2-1-150x150.png 150w, https:\/\/www.eulerdatasafe.com\/wp-content\/uploads\/2025\/04\/product2-1-768x768.png 768w, https:\/\/www.eulerdatasafe.com\/wp-content\/uploads\/2025\/04\/product2-1-600x600.png 600w\" sizes=\"(max-width: 800px) 100vw, 800px\" \/><\/a> <a href=\"https:\/\/www.eulerdatasafe.com\/wp-content\/uploads\/2025\/04\/product2-2.png\"><img loading=\"lazy\" decoding=\"async\" class=\"alignnone size-full wp-image-20407\" src=\"https:\/\/www.eulerdatasafe.com\/wp-content\/uploads\/2025\/04\/product2-2.png\" alt=\"\" width=\"800\" height=\"800\" srcset=\"https:\/\/www.eulerdatasafe.com\/wp-content\/uploads\/2025\/04\/product2-2.png 800w, https:\/\/www.eulerdatasafe.com\/wp-content\/uploads\/2025\/04\/product2-2-300x300.png 300w, https:\/\/www.eulerdatasafe.com\/wp-content\/uploads\/2025\/04\/product2-2-150x150.png 150w, https:\/\/www.eulerdatasafe.com\/wp-content\/uploads\/2025\/04\/product2-2-768x768.png 768w, https:\/\/www.eulerdatasafe.com\/wp-content\/uploads\/2025\/04\/product2-2-600x600.png 600w\" sizes=\"(max-width: 800px) 100vw, 800px\" \/><\/a> <a href=\"https:\/\/www.eulerdatasafe.com\/wp-content\/uploads\/2025\/04\/product2-3.png\"><img loading=\"lazy\" decoding=\"async\" class=\"alignnone size-full wp-image-20408\" src=\"https:\/\/www.eulerdatasafe.com\/wp-content\/uploads\/2025\/04\/product2-3.png\" alt=\"\" width=\"800\" height=\"800\" srcset=\"https:\/\/www.eulerdatasafe.com\/wp-content\/uploads\/2025\/04\/product2-3.png 800w, https:\/\/www.eulerdatasafe.com\/wp-content\/uploads\/2025\/04\/product2-3-300x300.png 300w, https:\/\/www.eulerdatasafe.com\/wp-content\/uploads\/2025\/04\/product2-3-150x150.png 150w, https:\/\/www.eulerdatasafe.com\/wp-content\/uploads\/2025\/04\/product2-3-768x768.png 768w, https:\/\/www.eulerdatasafe.com\/wp-content\/uploads\/2025\/04\/product2-3-600x600.png 600w\" sizes=\"(max-width: 800px) 100vw, 800px\" \/><\/a> <a href=\"https:\/\/www.eulerdatasafe.com\/wp-content\/uploads\/2025\/04\/product2-4.png\"><img loading=\"lazy\" decoding=\"async\" class=\"alignnone size-full wp-image-20409\" src=\"https:\/\/www.eulerdatasafe.com\/wp-content\/uploads\/2025\/04\/product2-4.png\" alt=\"\" width=\"800\" height=\"800\" srcset=\"https:\/\/www.eulerdatasafe.com\/wp-content\/uploads\/2025\/04\/product2-4.png 800w, https:\/\/www.eulerdatasafe.com\/wp-content\/uploads\/2025\/04\/product2-4-300x300.png 300w, https:\/\/www.eulerdatasafe.com\/wp-content\/uploads\/2025\/04\/product2-4-150x150.png 150w, https:\/\/www.eulerdatasafe.com\/wp-content\/uploads\/2025\/04\/product2-4-768x768.png 768w, https:\/\/www.eulerdatasafe.com\/wp-content\/uploads\/2025\/04\/product2-4-600x600.png 600w\" sizes=\"(max-width: 800px) 100vw, 800px\" \/><\/a><\/p>","protected":false},"excerpt":{"rendered":"<p>Soluciones p\u00fablicas inteligentes para la gesti\u00f3n de la energ\u00eda<\/p>","protected":false},"featured_media":20405,"comment_status":"open","ping_status":"closed","template":"","meta":[],"product_brand":[],"product_cat":[176],"product_tag":[],"class_list":{"0":"post-20403","1":"product","2":"type-product","3":"status-publish","4":"has-post-thumbnail","6":"product_cat-ev-charger","8":"first","9":"instock","10":"shipping-taxable","11":"product-type-simple"},"_links":{"self":[{"href":"https:\/\/www.eulerdatasafe.com\/es\/wp-json\/wp\/v2\/product\/20403","targetHints":{"allow":["GET"]}}],"collection":[{"href":"https:\/\/www.eulerdatasafe.com\/es\/wp-json\/wp\/v2\/product"}],"about":[{"href":"https:\/\/www.eulerdatasafe.com\/es\/wp-json\/wp\/v2\/types\/product"}],"replies":[{"embeddable":true,"href":"https:\/\/www.eulerdatasafe.com\/es\/wp-json\/wp\/v2\/comments?post=20403"}],"wp:featuredmedia":[{"embeddable":true,"href":"https:\/\/www.eulerdatasafe.com\/es\/wp-json\/wp\/v2\/media\/20405"}],"wp:attachment":[{"href":"https:\/\/www.eulerdatasafe.com\/es\/wp-json\/wp\/v2\/media?parent=20403"}],"wp:term":[{"taxonomy":"product_brand","embeddable":true,"href":"https:\/\/www.eulerdatasafe.com\/es\/wp-json\/wp\/v2\/product_brand?post=20403"},{"taxonomy":"product_cat","embeddable":true,"href":"https:\/\/www.eulerdatasafe.com\/es\/wp-json\/wp\/v2\/product_cat?post=20403"},{"taxonomy":"product_tag","embeddable":true,"href":"https:\/\/www.eulerdatasafe.com\/es\/wp-json\/wp\/v2\/product_tag?post=20403"}],"curies":[{"name":"wp","href":"https:\/\/api.w.org\/{rel}","templated":true}]}}