{"id":20728,"date":"2025-04-13T10:18:12","date_gmt":"2025-04-13T02:18:12","guid":{"rendered":"https:\/\/www.eulerdatasafe.com\/?post_type=product&#038;p=20728"},"modified":"2025-04-14T09:34:59","modified_gmt":"2025-04-14T01:34:59","slug":"hybrid-gel-dc12-300mg","status":"publish","type":"product","link":"https:\/\/www.eulerdatasafe.com\/es\/producto\/gel-hibrido-dc12-300mg\/","title":{"rendered":"GEL h\u00edbrido -DC12-300MG"},"content":{"rendered":"<h4>Bater\u00eda GEL de ciclo profundo de larga duraci\u00f3n y alta temperatura<\/h4>\n<p>La serie GEL h\u00edbrida es una bater\u00eda con 20 a\u00f1os de vida \u00fatil de dise\u00f1o flotante, ideal para aplicaciones de reserva o de descarga c\u00edclica frecuente en entornos extremos. Gracias al uso de rejillas resistentes, plomo de alta pureza y electrolito de gel patentado, la serie GEL h\u00edbrida ofrece una excelente capacidad de recuperaci\u00f3n tras descargas profundas en aplicaciones de descargas c\u00edclicas frecuentes, y puede proporcionar 2000 ciclos a 50% DOD. Adecuada para sistemas solares y e\u00f3licos, CATV, marinos, RV y SAI de descarga profunda, y telecomunicaciones, etc.<\/p>","protected":false},"excerpt":{"rendered":"<p>Bater\u00eda GEL de ciclo profundo de larga duraci\u00f3n y alta temperatura La serie GEL h\u00edbrida es una bater\u00eda con una vida \u00fatil de dise\u00f1o flotante de 20 a\u00f1os, ideal para aplicaciones de reserva o de descarga c\u00edclica frecuente en entornos extremos. Mediante el uso de rejillas resistentes, plomo de alta pureza y electrolito de gel patentado, la serie GEL h\u00edbrida ofrece una excelente capacidad de recuperaci\u00f3n tras una descarga profunda en [...]<\/p>","protected":false},"featured_media":20849,"comment_status":"open","ping_status":"closed","template":"","meta":[],"product_brand":[],"product_cat":[181],"product_tag":[],"class_list":{"0":"post-20728","1":"product","2":"type-product","3":"status-publish","4":"has-post-thumbnail","6":"product_cat-dc12-300mg","8":"first","9":"instock","10":"shipping-taxable","11":"product-type-simple"},"_links":{"self":[{"href":"https:\/\/www.eulerdatasafe.com\/es\/wp-json\/wp\/v2\/product\/20728","targetHints":{"allow":["GET"]}}],"collection":[{"href":"https:\/\/www.eulerdatasafe.com\/es\/wp-json\/wp\/v2\/product"}],"about":[{"href":"https:\/\/www.eulerdatasafe.com\/es\/wp-json\/wp\/v2\/types\/product"}],"replies":[{"embeddable":true,"href":"https:\/\/www.eulerdatasafe.com\/es\/wp-json\/wp\/v2\/comments?post=20728"}],"wp:featuredmedia":[{"embeddable":true,"href":"https:\/\/www.eulerdatasafe.com\/es\/wp-json\/wp\/v2\/media\/20849"}],"wp:attachment":[{"href":"https:\/\/www.eulerdatasafe.com\/es\/wp-json\/wp\/v2\/media?parent=20728"}],"wp:term":[{"taxonomy":"product_brand","embeddable":true,"href":"https:\/\/www.eulerdatasafe.com\/es\/wp-json\/wp\/v2\/product_brand?post=20728"},{"taxonomy":"product_cat","embeddable":true,"href":"https:\/\/www.eulerdatasafe.com\/es\/wp-json\/wp\/v2\/product_cat?post=20728"},{"taxonomy":"product_tag","embeddable":true,"href":"https:\/\/www.eulerdatasafe.com\/es\/wp-json\/wp\/v2\/product_tag?post=20728"}],"curies":[{"name":"wp","href":"https:\/\/api.w.org\/{rel}","templated":true}]}}