{"id":21028,"date":"2025-05-17T19:49:56","date_gmt":"2025-05-17T11:49:56","guid":{"rendered":"https:\/\/www.eulerdatasafe.com\/?post_type=product&#038;p=21028"},"modified":"2025-05-17T20:48:39","modified_gmt":"2025-05-17T12:48:39","slug":"sodium-ion-batteries-for-recreational-vehicles-and-special-vehicles","status":"publish","type":"product","link":"https:\/\/www.eulerdatasafe.com\/es\/producto\/sodium-ion-batteries-for-recreational-vehicles-and-special-vehicles\/","title":{"rendered":"Bater\u00edas de iones de sodio para veh\u00edculos recreativos y veh\u00edculos especiales"},"content":{"rendered":"<p><a href=\"https:\/\/www.gotopess.com\/wp-content\/uploads\/2025\/05\/fang.jpg\"><img fetchpriority=\"high\" decoding=\"async\" class=\"alignnone size-full wp-image-21029\" src=\"https:\/\/www.gotopess.com\/wp-content\/uploads\/2025\/05\/fang.jpg\" alt=\"\" width=\"1414\" height=\"2000\" srcset=\"https:\/\/www.eulerdatasafe.com\/wp-content\/uploads\/2025\/05\/fang.jpg 1414w, https:\/\/www.eulerdatasafe.com\/wp-content\/uploads\/2025\/05\/fang-212x300.jpg 212w, https:\/\/www.eulerdatasafe.com\/wp-content\/uploads\/2025\/05\/fang-724x1024.jpg 724w, https:\/\/www.eulerdatasafe.com\/wp-content\/uploads\/2025\/05\/fang-768x1086.jpg 768w, https:\/\/www.eulerdatasafe.com\/wp-content\/uploads\/2025\/05\/fang-1086x1536.jpg 1086w, https:\/\/www.eulerdatasafe.com\/wp-content\/uploads\/2025\/05\/fang-8x12.jpg 8w, https:\/\/www.eulerdatasafe.com\/wp-content\/uploads\/2025\/05\/fang-600x849.jpg 600w\" sizes=\"(max-width: 1414px) 100vw, 1414px\" \/><\/a> <a href=\"https:\/\/www.gotopess.com\/wp-content\/uploads\/2025\/05\/p2.jpg\"><img decoding=\"async\" class=\"alignnone size-full wp-image-21030\" src=\"https:\/\/www.gotopess.com\/wp-content\/uploads\/2025\/05\/p2.jpg\" alt=\"\" width=\"1000\" height=\"1000\" srcset=\"https:\/\/www.eulerdatasafe.com\/wp-content\/uploads\/2025\/05\/p2.jpg 1000w, https:\/\/www.eulerdatasafe.com\/wp-content\/uploads\/2025\/05\/p2-300x300.jpg 300w, https:\/\/www.eulerdatasafe.com\/wp-content\/uploads\/2025\/05\/p2-150x150.jpg 150w, https:\/\/www.eulerdatasafe.com\/wp-content\/uploads\/2025\/05\/p2-768x768.jpg 768w, https:\/\/www.eulerdatasafe.com\/wp-content\/uploads\/2025\/05\/p2-12x12.jpg 12w, https:\/\/www.eulerdatasafe.com\/wp-content\/uploads\/2025\/05\/p2-600x600.jpg 600w\" sizes=\"(max-width: 1000px) 100vw, 1000px\" \/><\/a><\/p>","protected":false},"excerpt":{"rendered":"","protected":false},"featured_media":21030,"comment_status":"open","ping_status":"closed","template":"","meta":[],"product_brand":[],"product_cat":[185,187,61],"product_tag":[],"class_list":{"0":"post-21028","1":"product","2":"type-product","3":"status-publish","4":"has-post-thumbnail","6":"product_cat-sodium-ion","7":"product_cat-specialized-vehcles-sodium-ion-battery","8":"product_cat-battery","10":"first","11":"instock","12":"shipping-taxable","13":"product-type-simple"},"_links":{"self":[{"href":"https:\/\/www.eulerdatasafe.com\/es\/wp-json\/wp\/v2\/product\/21028","targetHints":{"allow":["GET"]}}],"collection":[{"href":"https:\/\/www.eulerdatasafe.com\/es\/wp-json\/wp\/v2\/product"}],"about":[{"href":"https:\/\/www.eulerdatasafe.com\/es\/wp-json\/wp\/v2\/types\/product"}],"replies":[{"embeddable":true,"href":"https:\/\/www.eulerdatasafe.com\/es\/wp-json\/wp\/v2\/comments?post=21028"}],"wp:featuredmedia":[{"embeddable":true,"href":"https:\/\/www.eulerdatasafe.com\/es\/wp-json\/wp\/v2\/media\/21030"}],"wp:attachment":[{"href":"https:\/\/www.eulerdatasafe.com\/es\/wp-json\/wp\/v2\/media?parent=21028"}],"wp:term":[{"taxonomy":"product_brand","embeddable":true,"href":"https:\/\/www.eulerdatasafe.com\/es\/wp-json\/wp\/v2\/product_brand?post=21028"},{"taxonomy":"product_cat","embeddable":true,"href":"https:\/\/www.eulerdatasafe.com\/es\/wp-json\/wp\/v2\/product_cat?post=21028"},{"taxonomy":"product_tag","embeddable":true,"href":"https:\/\/www.eulerdatasafe.com\/es\/wp-json\/wp\/v2\/product_tag?post=21028"}],"curies":[{"name":"wp","href":"https:\/\/api.w.org\/{rel}","templated":true}]}}