{"id":15651,"date":"2022-11-14T04:36:19","date_gmt":"2022-11-14T04:36:19","guid":{"rendered":"https:\/\/pricom.harutheme.com\/team\/?page_id=15651"},"modified":"2024-11-08T20:34:35","modified_gmt":"2024-11-08T12:34:35","slug":"faqs","status":"publish","type":"page","link":"https:\/\/www.eulerdatasafe.com\/fr\/faqs\/","title":{"rendered":"FAQ"},"content":{"rendered":"<div data-elementor-type=\"wp-page\" data-elementor-id=\"15651\" class=\"elementor elementor-15651\">\n\t\t\t\t<div class=\"elementor-element elementor-element-51a53ea section-bg-gradient-brown e-flex e-con-boxed e-con e-parent\" data-id=\"51a53ea\" data-element_type=\"container\" data-e-type=\"container\">\n\t\t\t\t\t<div class=\"e-con-inner\">\n\t\t<div class=\"elementor-element elementor-element-5e0fab3 e-con-full e-flex e-con e-child\" data-id=\"5e0fab3\" data-element_type=\"container\" data-e-type=\"container\">\n\t\t\t\t<div class=\"elementor-element elementor-element-a076902 elementor-widget elementor-widget-haru-heading\" data-id=\"a076902\" data-element_type=\"widget\" data-e-type=\"widget\" data-widget_type=\"haru-heading.default\">\n\t\t\t\t<div class=\"elementor-widget-container\">\n\t\t\t\t\t<h2 class=\"haru-heading-title haru-heading-title--sub-heading-1\">GT POWER GROUP<\/h2>\t\t\t\t<\/div>\n\t\t\t\t<\/div>\n\t\t\t\t<div class=\"elementor-element elementor-element-e8610bc elementor-widget elementor-widget-haru-heading\" data-id=\"e8610bc\" data-element_type=\"widget\" data-e-type=\"widget\" data-widget_type=\"haru-heading.default\">\n\t\t\t\t<div class=\"elementor-widget-container\">\n\t\t\t\t\t<h2 class=\"haru-heading-title haru-heading-title--heading-1\">Questions fr\u00e9quemment pos\u00e9es<\/h2>\t\t\t\t<\/div>\n\t\t\t\t<\/div>\n\t\t\t\t<\/div>\n\t\t\t\t\t<\/div>\n\t\t\t\t<\/div>\n\t\t<div class=\"elementor-element elementor-element-46f0cac section-bg-gradient-brown e-flex e-con-boxed e-con e-parent\" data-id=\"46f0cac\" data-element_type=\"container\" data-e-type=\"container\">\n\t\t\t\t\t<div class=\"e-con-inner\">\n\t\t<div class=\"elementor-element elementor-element-22e73dc e-flex e-con-boxed e-con e-child\" data-id=\"22e73dc\" data-element_type=\"container\" data-e-type=\"container\">\n\t\t\t\t\t<div class=\"e-con-inner\">\n\t\t<div class=\"elementor-element elementor-element-b939bdb e-con-full section-shadow section-bg-rounded section-faqs e-flex e-con e-child\" data-id=\"b939bdb\" data-element_type=\"container\" data-e-type=\"container\">\n\t\t<div class=\"elementor-element elementor-element-52db959 e-con-full e-flex e-con e-child\" data-id=\"52db959\" data-element_type=\"container\" data-e-type=\"container\">\n\t\t\t\t<div class=\"elementor-element elementor-element-7ef8a63 elementor-widget elementor-widget-image\" data-id=\"7ef8a63\" data-element_type=\"widget\" data-e-type=\"widget\" data-widget_type=\"image.default\">\n\t\t\t\t\t\t\t\t\t\t\t\t\t\t\t<img fetchpriority=\"high\" decoding=\"async\" width=\"800\" height=\"1007\" src=\"https:\/\/www.eulerdatasafe.com\/wp-content\/uploads\/2024\/11\/Lithium-battery-factory-7-2.jpg\" class=\"attachment-large size-large wp-image-19916\" alt=\"\" srcset=\"https:\/\/www.eulerdatasafe.com\/wp-content\/uploads\/2024\/11\/Lithium-battery-factory-7-2.jpg 800w, https:\/\/www.eulerdatasafe.com\/wp-content\/uploads\/2024\/11\/Lithium-battery-factory-7-2-238x300.jpg 238w, https:\/\/www.eulerdatasafe.com\/wp-content\/uploads\/2024\/11\/Lithium-battery-factory-7-2-768x967.jpg 768w, https:\/\/www.eulerdatasafe.com\/wp-content\/uploads\/2024\/11\/Lithium-battery-factory-7-2-600x755.jpg 600w\" sizes=\"(max-width: 800px) 100vw, 800px\" \/>\t\t\t\t\t\t\t\t\t\t\t\t\t\t\t<\/div>\n\t\t\t\t<\/div>\n\t\t<div class=\"elementor-element elementor-element-adb9ceb e-con-full testimonial-home-9 e-flex e-con e-child\" data-id=\"adb9ceb\" data-element_type=\"container\" data-e-type=\"container\">\n\t\t\t\t<div class=\"elementor-element elementor-element-a9db754 elementor-widget elementor-widget-haru-accordion\" data-id=\"a9db754\" data-element_type=\"widget\" data-e-type=\"widget\" data-widget_type=\"haru-accordion.default\">\n\t\t\t\t<div class=\"elementor-widget-container\">\n\t\t\t\t\t\n                          <!--   <div class=\"haru-accordion haru-accordion--style-4\" role=\"tablist\">\n                                    <\/div> -->\n                <div class=\"haru-accordion haru-accordion--style-4\" role=\"tablist\">\n                                            <div class=\"haru-accordion-item\">\n                            <div id=\"haru-tab-title-1781\" class=\"haru-tab-title active\" data-tab=\"1\" role=\"tab\" aria-controls=\"haru-tab-content-1781\">\n                                                                    <span class=\"haru-accordion-icon haru-accordion-icon-right\" aria-hidden=\"true\">\n                                                                            <span class=\"haru-accordion-icon-closed\"><i class=\"phosphor phosphor-plus\"><\/i><\/span>\n                                        <span class=\"haru-accordion-icon-opened\"><i class=\"phosphor phosphor-minus\"><\/i><\/span>\n                                                                        <\/span>\n                                                                <a class=\"haru-accordion-title\" href=\"\">Quelles sont les exigences en mati\u00e8re de sites pour l'installation de centrales de stockage d'\u00e9nergie ?<\/a>\n                            <\/div>\n                            <div id=\"haru-tab-content-1781\" class=\"haru-tab-content haru-clearfix active\" data-tab=\"1\" aria-labelledby=\"haru-tab-title-1781\"><p>Le site est situ\u00e9 en plein air et il n'y a pas d'entrep\u00f4t de produits chimiques dangereux dans un rayon de 20 m\u00e8tres.<br \/>Le plus pr\u00e8s possible de la salle de distribution d'\u00e9lectricit\u00e9, la distance par rapport \u00e0 la salle de distribution d'\u00e9lectricit\u00e9 ne doit pas d\u00e9passer 100 m\u00e8tres.<\/p><\/div>\n                        <\/div>\n                                            <div class=\"haru-accordion-item\">\n                            <div id=\"haru-tab-title-1782\" class=\"haru-tab-title\" data-tab=\"2\" role=\"tab\" aria-controls=\"haru-tab-content-1782\">\n                                                                    <span class=\"haru-accordion-icon haru-accordion-icon-right\" aria-hidden=\"true\">\n                                                                            <span class=\"haru-accordion-icon-closed\"><i class=\"phosphor phosphor-plus\"><\/i><\/span>\n                                        <span class=\"haru-accordion-icon-opened\"><i class=\"phosphor phosphor-minus\"><\/i><\/span>\n                                                                        <\/span>\n                                                                <a class=\"haru-accordion-title\" href=\"\">L'installation d'une centrale \u00e0 accumulation d'\u00e9nergie n\u00e9cessite-t-elle l'aide du propri\u00e9taire ?<\/a>\n                            <\/div>\n                            <div id=\"haru-tab-content-1782\" class=\"haru-tab-content haru-clearfix\" data-tab=\"2\" aria-labelledby=\"haru-tab-title-1782\"><p>L'installation de centrales de stockage d'\u00e9nergie doit \u00eatre enregistr\u00e9e sur le site web du bureau local de d\u00e9veloppement et de r\u00e9forme, et cette proc\u00e9dure rel\u00e8ve de la responsabilit\u00e9 de l'op\u00e9rateur d'int\u00e9gration, le propri\u00e9taire n'ayant qu'\u00e0 coop\u00e9rer pour fournir des informations.<\/p><\/div>\n                        <\/div>\n                                            <div class=\"haru-accordion-item\">\n                            <div id=\"haru-tab-title-1783\" class=\"haru-tab-title\" data-tab=\"3\" role=\"tab\" aria-controls=\"haru-tab-content-1783\">\n                                                                    <span class=\"haru-accordion-icon haru-accordion-icon-right\" aria-hidden=\"true\">\n                                                                            <span class=\"haru-accordion-icon-closed\"><i class=\"phosphor phosphor-plus\"><\/i><\/span>\n                                        <span class=\"haru-accordion-icon-opened\"><i class=\"phosphor phosphor-minus\"><\/i><\/span>\n                                                                        <\/span>\n                                                                <a class=\"haru-accordion-title\" href=\"\">Quelle est la dur\u00e9e du cycle de construction de la centrale \u00e0 accumulation d'\u00e9nergie ? Avez-vous besoin d'une coupure de courant ? Combien de temps durera-t-elle ?<\/a>\n                            <\/div>\n                            <div id=\"haru-tab-content-1783\" class=\"haru-tab-content haru-clearfix\" data-tab=\"3\" aria-labelledby=\"haru-tab-title-1783\"><p>Une fois les formalit\u00e9s accomplies, la p\u00e9riode de construction officielle est d'environ 1 \u00e0 1,5 mois. L'installation d'armoires connect\u00e9es au r\u00e9seau n\u00e9cessite une coupure de courant de courte dur\u00e9e, et le temps de coupure de courant le plus court est d'environ 2 heures.<\/p><\/div>\n                        <\/div>\n                                            <div class=\"haru-accordion-item\">\n                            <div id=\"haru-tab-title-1784\" class=\"haru-tab-title\" data-tab=\"4\" role=\"tab\" aria-controls=\"haru-tab-content-1784\">\n                                                                    <span class=\"haru-accordion-icon haru-accordion-icon-right\" aria-hidden=\"true\">\n                                                                            <span class=\"haru-accordion-icon-closed\"><i class=\"phosphor phosphor-plus\"><\/i><\/span>\n                                        <span class=\"haru-accordion-icon-opened\"><i class=\"phosphor phosphor-minus\"><\/i><\/span>\n                                                                        <\/span>\n                                                                <a class=\"haru-accordion-title\" href=\"\">Qui sera responsable de l'exploitation et de la maintenance apr\u00e8s l'ach\u00e8vement de la centrale \u00e0 accumulation d'\u00e9nergie ?<\/a>\n                            <\/div>\n                            <div id=\"haru-tab-content-1784\" class=\"haru-tab-content haru-clearfix\" data-tab=\"4\" aria-labelledby=\"haru-tab-title-1784\"><p>Pour les clients qui choisissent un op\u00e9rateur int\u00e9gr\u00e9, ce dernier sera responsable de l'exploitation et de la maintenance de la centrale de stockage d'\u00e9nergie apr\u00e8s son ach\u00e8vement, et fournira g\u00e9n\u00e9ralement une formation simple au personnel concern\u00e9 du propri\u00e9taire, ainsi que des plans de traitement dans des circonstances particuli\u00e8res.<\/p><\/div>\n                        <\/div>\n                                            <div class=\"haru-accordion-item\">\n                            <div id=\"haru-tab-title-1785\" class=\"haru-tab-title\" data-tab=\"5\" role=\"tab\" aria-controls=\"haru-tab-content-1785\">\n                                                                    <span class=\"haru-accordion-icon haru-accordion-icon-right\" aria-hidden=\"true\">\n                                                                            <span class=\"haru-accordion-icon-closed\"><i class=\"phosphor phosphor-plus\"><\/i><\/span>\n                                        <span class=\"haru-accordion-icon-opened\"><i class=\"phosphor phosphor-minus\"><\/i><\/span>\n                                                                        <\/span>\n                                                                <a class=\"haru-accordion-title\" href=\"\">La centrale \u00e0 accumulation d'\u00e9nergie augmentera-t-elle la facture d'\u00e9lectricit\u00e9 de base du propri\u00e9taire ?<\/a>\n                            <\/div>\n                            <div id=\"haru-tab-content-1785\" class=\"haru-tab-content haru-clearfix\" data-tab=\"5\" aria-labelledby=\"haru-tab-title-1785\"><p>Non. Si vous facturez en fonction de la capacit\u00e9, le tarif de base est fixe. S'il s'agit d'une recharge \u00e0 la demande, il est \u00e9galement possible de r\u00e9duire la facture d'\u00e9lectricit\u00e9 de base, car la d\u00e9charge du stockage d'\u00e9nergie supporte la charge, ce qui r\u00e9duit la demande maximale.<\/p><\/div>\n                        <\/div>\n                    \n                                    <\/div>\n            \n            \t\t\t\t<\/div>\n\t\t\t\t<\/div>\n\t\t\t\t<\/div>\n\t\t\t\t<\/div>\n\t\t\t\t\t<\/div>\n\t\t\t\t<\/div>\n\t\t\t\t<div class=\"elementor-element elementor-element-b2c2336 elementor-widget__width-initial elementor-absolute e-transform elementor-widget elementor-widget-haru-decor\" data-id=\"b2c2336\" data-element_type=\"widget\" data-e-type=\"widget\" data-settings=\"{&quot;_position&quot;:&quot;absolute&quot;,&quot;_transform_rotateZ_effect&quot;:{&quot;unit&quot;:&quot;px&quot;,&quot;size&quot;:100,&quot;sizes&quot;:[]},&quot;pre_style&quot;:&quot;style-1&quot;,&quot;_transform_rotateZ_effect_tablet&quot;:{&quot;unit&quot;:&quot;deg&quot;,&quot;size&quot;:&quot;&quot;,&quot;sizes&quot;:[]},&quot;_transform_rotateZ_effect_mobile&quot;:{&quot;unit&quot;:&quot;deg&quot;,&quot;size&quot;:&quot;&quot;,&quot;sizes&quot;:[]}}\" data-widget_type=\"haru-decor.default\">\n\t\t\t\t<div class=\"elementor-widget-container\">\n\t\t\t\t\t\n        \t\t        \t<div class=\"haru-decor haru-decor--style-1\">\n\t        \t\t\n<div class=\"haru-decor__content\">\n\t\t<div class=\"haru-decor__circle haru-decor__circle--gradient\" style=\"background: linear-gradient(203.02deg, #EEC2FDA6 18.73%, #EEC2FD00 98.41% );\">\n\t<\/div>\n\t\n    \n    \n    \n    \n    \n    \n    <\/div>\n\n\t    \t\t<\/div>\n    \t\t\n    \t\t\t\t\t\t<\/div>\n\t\t\t\t<\/div>\n\t\t\t\t<div class=\"elementor-element elementor-element-d633a79 elementor-widget__width-initial elementor-absolute e-transform elementor-widget elementor-widget-haru-decor\" data-id=\"d633a79\" data-element_type=\"widget\" data-e-type=\"widget\" data-settings=\"{&quot;_position&quot;:&quot;absolute&quot;,&quot;_transform_rotateZ_effect&quot;:{&quot;unit&quot;:&quot;px&quot;,&quot;size&quot;:100,&quot;sizes&quot;:[]},&quot;pre_style&quot;:&quot;style-1&quot;,&quot;_transform_rotateZ_effect_tablet&quot;:{&quot;unit&quot;:&quot;deg&quot;,&quot;size&quot;:&quot;&quot;,&quot;sizes&quot;:[]},&quot;_transform_rotateZ_effect_mobile&quot;:{&quot;unit&quot;:&quot;deg&quot;,&quot;size&quot;:&quot;&quot;,&quot;sizes&quot;:[]}}\" data-widget_type=\"haru-decor.default\">\n\t\t\t\t<div class=\"elementor-widget-container\">\n\t\t\t\t\t\n        \t\t        \t<div class=\"haru-decor haru-decor--style-1\">\n\t        \t\t\n<div class=\"haru-decor__content\">\n\t\t<div class=\"haru-decor__circle haru-decor__circle--gradient\" style=\"background: linear-gradient(203.02deg, #EEC2FDA6 18.73%, #EEC2FD00 98.41% );\">\n\t<\/div>\n\t\n    \n    \n    \n    \n    \n    \n    <\/div>\n\n\t    \t\t<\/div>\n    \t\t\n    \t\t\t\t\t\t<\/div>\n\t\t\t\t<\/div>\n\t\t\t\t\t<\/div>\n\t\t\t\t<\/div>\n\t\t\t\t<\/div>","protected":false},"excerpt":{"rendered":"<p>GT POWER GROUP Frequently asked questions What are the site requirements for installing energy storage power stations? The site is located outdoors and there is no hazardous chemical warehouse within 20 meters.As close as possible to the power distribution room, the distance from the power distribution room should not exceed 100 meters. Does the installation [&hellip;]<\/p>","protected":false},"author":1,"featured_media":0,"parent":0,"menu_order":0,"comment_status":"closed","ping_status":"closed","template":"","meta":{"footnotes":""},"class_list":["post-15651","page","type-page","status-publish","hentry"],"_links":{"self":[{"href":"https:\/\/www.eulerdatasafe.com\/fr\/wp-json\/wp\/v2\/pages\/15651","targetHints":{"allow":["GET"]}}],"collection":[{"href":"https:\/\/www.eulerdatasafe.com\/fr\/wp-json\/wp\/v2\/pages"}],"about":[{"href":"https:\/\/www.eulerdatasafe.com\/fr\/wp-json\/wp\/v2\/types\/page"}],"author":[{"embeddable":true,"href":"https:\/\/www.eulerdatasafe.com\/fr\/wp-json\/wp\/v2\/users\/1"}],"replies":[{"embeddable":true,"href":"https:\/\/www.eulerdatasafe.com\/fr\/wp-json\/wp\/v2\/comments?post=15651"}],"version-history":[{"count":0,"href":"https:\/\/www.eulerdatasafe.com\/fr\/wp-json\/wp\/v2\/pages\/15651\/revisions"}],"wp:attachment":[{"href":"https:\/\/www.eulerdatasafe.com\/fr\/wp-json\/wp\/v2\/media?parent=15651"}],"curies":[{"name":"wp","href":"https:\/\/api.w.org\/{rel}","templated":true}]}}