{"id":20206,"date":"2024-11-15T21:05:18","date_gmt":"2024-11-15T13:05:18","guid":{"rendered":"https:\/\/www.eulerdatasafe.com\/?post_type=product&#038;p=20206"},"modified":"2024-11-17T18:51:24","modified_gmt":"2024-11-17T10:51:24","slug":"mppt-solar-charger-controller","status":"publish","type":"product","link":"https:\/\/www.eulerdatasafe.com\/fr\/product\/controleur-de-chargeur-solaire-mppt\/","title":{"rendered":"Contr\u00f4leur de charge solaire MPPT 40A-100A |12\/24\/36\/48\/96VDC|"},"content":{"rendered":"<p><a href=\"https:\/\/www.eulerdatasafe.com\/wp-content\/uploads\/2024\/11\/MTTP-Solar-charger-controller.pdf\" class=\"mtli_attachment mtli_pdf\">T\u00e9l\u00e9charger le PDF<\/a><\/p>\n<p><span style=\"color: #ff0000;\"><strong>Contr\u00f4leur de charge solaire MPPT 40A-100A |12\/24\/36\/48\/96VDC| PV 150V\/ PV 250V|<\/strong><\/span><\/p>\n<ul>\n<li><span style=\"color: #000000;\">Support WiFi \/GPRS<\/span><\/li>\n<li><span style=\"color: #000000;\">12\/24\/36\/48V adaptable<\/span><\/li>\n<li><span style=\"color: #000000;\">Chargement intelligent en trois \u00e9tapes<\/span><\/li>\n<li><span style=\"color: #000000;\">R\u00e9gler les param\u00e8tres en appuyant sur le bouton<\/span><\/li>\n<li><span style=\"color: #000000;\">Il est possible de connecter une batterie au lithium, une batterie au plomb ou une batterie riche en liquide.<\/span><\/li>\n<\/ul>\n<p><span style=\"color: #ff0000;\"><strong>Applications :<\/strong><\/span><\/p>\n<ul>\n<li>Syst\u00e8me de stockage d'\u00e9nergie photovolta\u00efque<\/li>\n<li>RESS (ESS r\u00e9sidentiel)<\/li>\n<li>Exp\u00e9dition\/p\u00eache<\/li>\n<li>Terrain forestier<\/li>\n<li>La construction<\/li>\n<li>D\u00e9sert<\/li>\n<\/ul>","protected":false},"excerpt":{"rendered":"<p><span style=\"color: #ff0000;\"><strong>Contr\u00f4leur de charge solaire MPPT 40A-100A |12\/24\/36\/48\/96VDC| PV 150V\/ PV 250V|<\/strong><\/span><\/p>\n<p><a href=\"https:\/\/www.eulerdatasafe.com\/wp-content\/uploads\/2024\/11\/MTTP-Solar-charger-controller-DATA-SHEET.jpg\"><img fetchpriority=\"high\" decoding=\"async\" class=\"alignnone size-full wp-image-20253\" src=\"https:\/\/www.eulerdatasafe.com\/wp-content\/uploads\/2024\/11\/MTTP-Solar-charger-controller-DATA-SHEET.jpg\" alt=\"\" width=\"715\" height=\"1005\" srcset=\"https:\/\/www.eulerdatasafe.com\/wp-content\/uploads\/2024\/11\/MTTP-Solar-charger-controller-DATA-SHEET.jpg 715w, https:\/\/www.eulerdatasafe.com\/wp-content\/uploads\/2024\/11\/MTTP-Solar-charger-controller-DATA-SHEET-213x300.jpg 213w, https:\/\/www.eulerdatasafe.com\/wp-content\/uploads\/2024\/11\/MTTP-Solar-charger-controller-DATA-SHEET-600x843.jpg 600w\" sizes=\"(max-width: 715px) 100vw, 715px\" \/><\/a><\/p>","protected":false},"featured_media":20269,"comment_status":"open","ping_status":"closed","template":"","meta":[],"product_brand":[],"product_cat":[77],"product_tag":[88,143,140,141,142,139],"class_list":{"0":"post-20206","1":"product","2":"type-product","3":"status-publish","4":"has-post-thumbnail","6":"product_cat-mppt-solar-charger-controller","7":"product_tag-home-energy-storage","8":"product_tag-mppt-100a","9":"product_tag-mppt-40a","10":"product_tag-mppt-60a","11":"product_tag-mppt-80a","12":"product_tag-pv-150v-pv-250v-mppt-40a-60a-80a-100a","14":"first","15":"instock","16":"shipping-taxable","17":"product-type-simple"},"_links":{"self":[{"href":"https:\/\/www.eulerdatasafe.com\/fr\/wp-json\/wp\/v2\/product\/20206","targetHints":{"allow":["GET"]}}],"collection":[{"href":"https:\/\/www.eulerdatasafe.com\/fr\/wp-json\/wp\/v2\/product"}],"about":[{"href":"https:\/\/www.eulerdatasafe.com\/fr\/wp-json\/wp\/v2\/types\/product"}],"replies":[{"embeddable":true,"href":"https:\/\/www.eulerdatasafe.com\/fr\/wp-json\/wp\/v2\/comments?post=20206"}],"wp:featuredmedia":[{"embeddable":true,"href":"https:\/\/www.eulerdatasafe.com\/fr\/wp-json\/wp\/v2\/media\/20269"}],"wp:attachment":[{"href":"https:\/\/www.eulerdatasafe.com\/fr\/wp-json\/wp\/v2\/media?parent=20206"}],"wp:term":[{"taxonomy":"product_brand","embeddable":true,"href":"https:\/\/www.eulerdatasafe.com\/fr\/wp-json\/wp\/v2\/product_brand?post=20206"},{"taxonomy":"product_cat","embeddable":true,"href":"https:\/\/www.eulerdatasafe.com\/fr\/wp-json\/wp\/v2\/product_cat?post=20206"},{"taxonomy":"product_tag","embeddable":true,"href":"https:\/\/www.eulerdatasafe.com\/fr\/wp-json\/wp\/v2\/product_tag?post=20206"}],"curies":[{"name":"wp","href":"https:\/\/api.w.org\/{rel}","templated":true}]}}