{"id":20214,"date":"2024-11-15T21:12:30","date_gmt":"2024-11-15T13:12:30","guid":{"rendered":"https:\/\/www.eulerdatasafe.com\/?post_type=product&#038;p=20214"},"modified":"2025-04-13T12:10:00","modified_gmt":"2025-04-13T04:10:00","slug":"containerized-solution-ess","status":"publish","type":"product","link":"https:\/\/www.eulerdatasafe.com\/fr\/product\/solution-conteneurisee-ess\/","title":{"rendered":"Solution conteneuris\u00e9e ESS"},"content":{"rendered":"","protected":false},"excerpt":{"rendered":"<h3>Syst\u00e8me de stockage d'\u00e9nergie 6KW | 5120Wh~25600Wh | PV 245V | MPPT 80A<\/h3>\n<p>Le syst\u00e8me de stockage d'\u00e9nergie HBP3300 PTLV est une solution ESS qui comprend un onduleur solaire 48vdc de 6KW et une batterie de stockage au lithium de 5kwh-25kwh d'\u00e9nergie en option. Il s'agit d'un syst\u00e8me de service \u00e0 guichet unique qui permet de g\u00e9rer votre syst\u00e8me de stockage d'\u00e9nergie solaire domestique de mani\u00e8re plus pratique. Le syst\u00e8me modulaire flexible peut \u00eatre con\u00e7u en fonction de la consommation quotidienne de la maison.<\/p>\n<p>La solution \u00e9nerg\u00e9tique de secours id\u00e9ale pour les villas, les appartements, les h\u00f4tels et les centres commerciaux.<\/p>","protected":false},"featured_media":20216,"comment_status":"open","ping_status":"closed","template":"","meta":[],"product_brand":[],"product_cat":[81],"product_tag":[],"class_list":{"0":"post-20214","1":"product","2":"type-product","3":"status-publish","4":"has-post-thumbnail","6":"product_cat-containerized-solution-ess","8":"first","9":"instock","10":"shipping-taxable","11":"product-type-simple"},"_links":{"self":[{"href":"https:\/\/www.eulerdatasafe.com\/fr\/wp-json\/wp\/v2\/product\/20214","targetHints":{"allow":["GET"]}}],"collection":[{"href":"https:\/\/www.eulerdatasafe.com\/fr\/wp-json\/wp\/v2\/product"}],"about":[{"href":"https:\/\/www.eulerdatasafe.com\/fr\/wp-json\/wp\/v2\/types\/product"}],"replies":[{"embeddable":true,"href":"https:\/\/www.eulerdatasafe.com\/fr\/wp-json\/wp\/v2\/comments?post=20214"}],"wp:featuredmedia":[{"embeddable":true,"href":"https:\/\/www.eulerdatasafe.com\/fr\/wp-json\/wp\/v2\/media\/20216"}],"wp:attachment":[{"href":"https:\/\/www.eulerdatasafe.com\/fr\/wp-json\/wp\/v2\/media?parent=20214"}],"wp:term":[{"taxonomy":"product_brand","embeddable":true,"href":"https:\/\/www.eulerdatasafe.com\/fr\/wp-json\/wp\/v2\/product_brand?post=20214"},{"taxonomy":"product_cat","embeddable":true,"href":"https:\/\/www.eulerdatasafe.com\/fr\/wp-json\/wp\/v2\/product_cat?post=20214"},{"taxonomy":"product_tag","embeddable":true,"href":"https:\/\/www.eulerdatasafe.com\/fr\/wp-json\/wp\/v2\/product_tag?post=20214"}],"curies":[{"name":"wp","href":"https:\/\/api.w.org\/{rel}","templated":true}]}}