{"id":20246,"date":"2024-11-16T18:59:02","date_gmt":"2024-11-16T10:59:02","guid":{"rendered":"https:\/\/www.eulerdatasafe.com\/?post_type=product&#038;p=20246"},"modified":"2025-04-26T19:33:06","modified_gmt":"2025-04-26T11:33:06","slug":"energy-storage-inverter-8600va-11000va-gd-series","status":"publish","type":"product","link":"https:\/\/www.eulerdatasafe.com\/fr\/product\/onduleur-de-stockage-denergie-8600va-11000va-serie-gd\/","title":{"rendered":"Onduleur \u00e0 stockage d'\u00e9nergie 8600W-11000W"},"content":{"rendered":"<p>Onduleur solaire hybride \/Onduleur de stockage d'\u00e9nergie 8600VA \/ 11000VA |48VDC|220\/230\/240VAC|<a href=\"https:\/\/www.gotopess.com\/wp-content\/uploads\/2024\/11\/70.jpg\"><img fetchpriority=\"high\" decoding=\"async\" class=\"alignnone size-full wp-image-20993\" src=\"https:\/\/www.gotopess.com\/wp-content\/uploads\/2024\/11\/70.jpg\" alt=\"\" width=\"1580\" height=\"853\" srcset=\"https:\/\/www.eulerdatasafe.com\/wp-content\/uploads\/2024\/11\/70.jpg 1580w, https:\/\/www.eulerdatasafe.com\/wp-content\/uploads\/2024\/11\/70-300x162.jpg 300w, https:\/\/www.eulerdatasafe.com\/wp-content\/uploads\/2024\/11\/70-1024x553.jpg 1024w, https:\/\/www.eulerdatasafe.com\/wp-content\/uploads\/2024\/11\/70-768x415.jpg 768w, https:\/\/www.eulerdatasafe.com\/wp-content\/uploads\/2024\/11\/70-1536x829.jpg 1536w, https:\/\/www.eulerdatasafe.com\/wp-content\/uploads\/2024\/11\/70-18x10.jpg 18w, https:\/\/www.eulerdatasafe.com\/wp-content\/uploads\/2024\/11\/70-600x324.jpg 600w\" sizes=\"(max-width: 1580px) 100vw, 1580px\" \/><\/a> <a href=\"https:\/\/www.gotopess.com\/wp-content\/uploads\/2024\/11\/71.jpg\"><img decoding=\"async\" class=\"alignnone size-full wp-image-20994\" src=\"https:\/\/www.gotopess.com\/wp-content\/uploads\/2024\/11\/71.jpg\" alt=\"\" width=\"1550\" height=\"1824\" srcset=\"https:\/\/www.eulerdatasafe.com\/wp-content\/uploads\/2024\/11\/71.jpg 1550w, https:\/\/www.eulerdatasafe.com\/wp-content\/uploads\/2024\/11\/71-255x300.jpg 255w, https:\/\/www.eulerdatasafe.com\/wp-content\/uploads\/2024\/11\/71-870x1024.jpg 870w, https:\/\/www.eulerdatasafe.com\/wp-content\/uploads\/2024\/11\/71-768x904.jpg 768w, https:\/\/www.eulerdatasafe.com\/wp-content\/uploads\/2024\/11\/71-1305x1536.jpg 1305w, https:\/\/www.eulerdatasafe.com\/wp-content\/uploads\/2024\/11\/71-10x12.jpg 10w, https:\/\/www.eulerdatasafe.com\/wp-content\/uploads\/2024\/11\/71-600x706.jpg 600w\" sizes=\"(max-width: 1550px) 100vw, 1550px\" \/><\/a><\/p>\n<p>&nbsp;<\/p>\n<p>&nbsp;<\/p>","protected":false},"excerpt":{"rendered":"<ul>\n<li>Batterie au lithiumFonction de red\u00e9marrage automatique, plus pratique pour le chargement de la batterie au lithium<\/li>\n<li>Mode d'alimentation intelligent, distribution intelligente des parts d'alimentation panneau solaire\/maintenance\/batterie<\/li>\n<li>Tension de charge utilitaire\/Tension de charge photovolta\u00efqueTension r\u00e9glable, adapt\u00e9e aux diff\u00e9rents besoins de charge des chauves-souris<\/li>\n<li>Corps mince, installation et transport pratiques<\/li>\n<li>BatterieProtection de la connexion invers\u00e9e avec interrupteur \u00e0 fusible, installation plus s\u00fbre<\/li>\n<li>PF1.0, haute efficacit\u00e9, faible consommation, \u00e9conomie d'\u00e9nergie\/protection de l'environnement\/\u00e9conomie d'\u00e9lectricit\u00e9\/\u00e9conomie de co\u00fbts<\/li>\n<li>Soutenir le fonctionnement sans batterie : R\u00e9duire le co\u00fbt des syst\u00e8mes solaires<\/li>\n<li>Fonctionnement en parall\u00e8le jusqu'\u00e0 un maximum de 9 unit\u00e9s : Augmenter le nombre de charges<\/li>\n<li>Haute pr\u00e9cision de la tension de sortie, +5%, pour prendre soin de vos appareils \u00e9lectrom\u00e9nagers<\/li>\n<li>Option de communication : ExternalwlFl, supervision \u00e0 tout moment<\/li>\n<li>Fonction BMS pour batterie au lithium<\/li>\n<\/ul>","protected":false},"featured_media":20245,"comment_status":"open","ping_status":"closed","template":"","meta":[],"product_brand":[],"product_cat":[76],"product_tag":[133,129,131,124,125,126,123,130,132,128,118,117,134,127],"class_list":{"0":"post-20246","1":"product","2":"type-product","3":"status-publish","4":"has-post-thumbnail","6":"product_cat-hybrid-solar-inverter","7":"product_tag-11000va","8":"product_tag-11000w","9":"product_tag-11kw","10":"product_tag-220vac","11":"product_tag-230vac","12":"product_tag-240vac","13":"product_tag-48v","14":"product_tag-8-6kw","15":"product_tag-8600va","16":"product_tag-8600w","17":"product_tag-energy-storage-inverter","18":"product_tag-hybrid-solar-inverter","19":"product_tag-pure-sine-wave","20":"product_tag-solar-inverter","22":"first","23":"instock","24":"shipping-taxable","25":"product-type-simple"},"_links":{"self":[{"href":"https:\/\/www.eulerdatasafe.com\/fr\/wp-json\/wp\/v2\/product\/20246","targetHints":{"allow":["GET"]}}],"collection":[{"href":"https:\/\/www.eulerdatasafe.com\/fr\/wp-json\/wp\/v2\/product"}],"about":[{"href":"https:\/\/www.eulerdatasafe.com\/fr\/wp-json\/wp\/v2\/types\/product"}],"replies":[{"embeddable":true,"href":"https:\/\/www.eulerdatasafe.com\/fr\/wp-json\/wp\/v2\/comments?post=20246"}],"wp:featuredmedia":[{"embeddable":true,"href":"https:\/\/www.eulerdatasafe.com\/fr\/wp-json\/wp\/v2\/media\/20245"}],"wp:attachment":[{"href":"https:\/\/www.eulerdatasafe.com\/fr\/wp-json\/wp\/v2\/media?parent=20246"}],"wp:term":[{"taxonomy":"product_brand","embeddable":true,"href":"https:\/\/www.eulerdatasafe.com\/fr\/wp-json\/wp\/v2\/product_brand?post=20246"},{"taxonomy":"product_cat","embeddable":true,"href":"https:\/\/www.eulerdatasafe.com\/fr\/wp-json\/wp\/v2\/product_cat?post=20246"},{"taxonomy":"product_tag","embeddable":true,"href":"https:\/\/www.eulerdatasafe.com\/fr\/wp-json\/wp\/v2\/product_tag?post=20246"}],"curies":[{"name":"wp","href":"https:\/\/api.w.org\/{rel}","templated":true}]}}