{"id":20260,"date":"2024-11-17T17:33:19","date_gmt":"2024-11-17T09:33:19","guid":{"rendered":"https:\/\/www.eulerdatasafe.com\/?post_type=product&#038;p=20260"},"modified":"2025-04-26T00:52:20","modified_gmt":"2025-04-25T16:52:20","slug":"opzv-tubular-gel-battery","status":"publish","type":"product","link":"https:\/\/www.eulerdatasafe.com\/fr\/product\/batterie-tubulaire-au-gel-opzv\/","title":{"rendered":"Batterie OPzV Tubular GEL"},"content":{"rendered":"<table width=\"696\">\n<tbody>\n<tr>\n<td width=\"206\">Plage de capacit\u00e9 :<\/td>\n<td colspan=\"5\" width=\"490\">100Ah-3000Ah Tension : 2V\/12V<\/p>\n<p>Dur\u00e9e de vie de la conception flottante (25\u2103) : 20~25 ans<\/td>\n<\/tr>\n<tr>\n<td width=\"206\">Dur\u00e9e de vie :<\/td>\n<td colspan=\"4\" width=\"411\">Durable, 3000+ cycles* \u00e0 60 % Profondeur de d\u00e9charge C10<\/td>\n<td width=\"79\"><\/td>\n<\/tr>\n<tr>\n<td width=\"206\">Taux d'autod\u00e9charge<\/td>\n<td width=\"210\">\u2264 2%\/mois\uff1b<\/td>\n<td width=\"100\"><\/td>\n<td width=\"53\"><\/td>\n<td width=\"48\"><\/td>\n<td width=\"79\"><\/td>\n<\/tr>\n<tr>\n<td width=\"206\">Temp\u00e9rature de fonctionnement\uff1a<\/td>\n<td width=\"210\">-40\u2103~60\u2103<\/td>\n<td width=\"100\"><\/td>\n<td width=\"53\"><\/td>\n<td width=\"48\"><\/td>\n<td width=\"79\"><\/td>\n<\/tr>\n<tr>\n<td width=\"206\">Consommation d'\u00e9nergie la plus faible<\/td>\n<td width=\"210\">R\u00e9duction des co\u00fbts<\/td>\n<td width=\"100\"><\/td>\n<td width=\"53\"><\/td>\n<td width=\"48\"><\/td>\n<td width=\"79\"><\/td>\n<\/tr>\n<tr>\n<td width=\"206\">Technologie de plaque tubulaire solide<\/td>\n<td colspan=\"2\" width=\"310\">Pour une dur\u00e9e de vie plus longue dans les conditions les plus difficiles<\/td>\n<td width=\"53\"><\/td>\n<td width=\"48\"><\/td>\n<td width=\"79\"><\/td>\n<\/tr>\n<tr>\n<td width=\"206\">Protection contre les d\u00e9charges profondes<\/td>\n<td colspan=\"2\" width=\"310\">Am\u00e9lioration de la fourniture d'\u00e9nergie \u00e0 long terme<\/td>\n<td width=\"53\"><\/td>\n<td width=\"48\"><\/td>\n<td width=\"79\"><\/td>\n<\/tr>\n<tr>\n<td width=\"206\">Possibilit\u00e9 de montage horizontal<\/td>\n<td colspan=\"2\" width=\"310\">Installation et entretien faciles<\/td>\n<td width=\"53\"><\/td>\n<td width=\"48\"><\/td>\n<td width=\"79\"><\/td>\n<\/tr>\n<tr>\n<td width=\"206\">Enti\u00e8rement recyclable<\/td>\n<td width=\"210\">Faible empreinte CO2<\/td>\n<td width=\"100\"><\/td>\n<td width=\"53\"><\/td>\n<td width=\"48\"><\/td>\n<td width=\"79\"><\/td>\n<\/tr>\n<\/tbody>\n<\/table>\n<p><a href=\"https:\/\/www.gotopess.com\/wp-content\/uploads\/2024\/11\/32.jpg\"><img fetchpriority=\"high\" decoding=\"async\" class=\"alignnone wp-image-20903 size-full\" src=\"https:\/\/www.gotopess.com\/wp-content\/uploads\/2024\/11\/32.jpg\" alt=\"\" width=\"1417\" height=\"803\" srcset=\"https:\/\/www.eulerdatasafe.com\/wp-content\/uploads\/2024\/11\/32.jpg 1417w, https:\/\/www.eulerdatasafe.com\/wp-content\/uploads\/2024\/11\/32-300x170.jpg 300w, https:\/\/www.eulerdatasafe.com\/wp-content\/uploads\/2024\/11\/32-1024x580.jpg 1024w, https:\/\/www.eulerdatasafe.com\/wp-content\/uploads\/2024\/11\/32-768x435.jpg 768w, https:\/\/www.eulerdatasafe.com\/wp-content\/uploads\/2024\/11\/32-18x10.jpg 18w, https:\/\/www.eulerdatasafe.com\/wp-content\/uploads\/2024\/11\/32-600x340.jpg 600w\" sizes=\"(max-width: 1417px) 100vw, 1417px\" \/><\/a><\/p>\n<p>&nbsp;<\/p>","protected":false},"excerpt":{"rendered":"<p>OPZV Batterie au plomb \u00e0 l'\u00e9tat solide<\/p>\n<table width=\"351\">\n<tbody>\n<tr>\n<td width=\"175\">Applications<\/td>\n<td width=\"176\">Normes de conformit\u00e9<\/td>\n<\/tr>\n<tr>\n<td width=\"175\">\u00c9nergie photovolta\u00efque \/ \u00e9olienne<\/td>\n<td>IEC60896-21\/22-2004<\/td>\n<\/tr>\n<tr>\n<td width=\"175\">V\u00e9hicules \u00e9lectriques \u00e0 traction<\/td>\n<td>DIN43539-T5<\/td>\n<\/tr>\n<tr>\n<td width=\"175\">Syst\u00e8me de t\u00e9l\u00e9communications<\/td>\n<td>IEC61427-2005<\/td>\n<\/tr>\n<tr>\n<td width=\"175\">UPS<\/td>\n<td>YD\/TD1360-2005<\/td>\n<\/tr>\n<tr>\n<td><\/td>\n<td>GB\/T 22473-2008<\/td>\n<\/tr>\n<tr>\n<td><\/td>\n<td>ISO9001 ISO14001<\/td>\n<\/tr>\n<tr>\n<td><\/td>\n<td>Certificat UL CE<\/td>\n<\/tr>\n<\/tbody>\n<\/table>\n<p>&nbsp;<\/p>","protected":false},"featured_media":20261,"comment_status":"open","ping_status":"closed","template":"","meta":[],"product_brand":[],"product_cat":[71],"product_tag":[148,161,146,150,147,162,157,144,152,149,145,151],"class_list":{"0":"post-20260","1":"product","2":"type-product","3":"status-publish","4":"has-post-thumbnail","6":"product_cat-opzv-opzs","7":"product_tag-3000-cycles-60-dod","8":"product_tag-bess","9":"product_tag-deep-cycle","10":"product_tag-din43539-t5","11":"product_tag-durable","12":"product_tag-energy-storage-system","13":"product_tag-ess","14":"product_tag-opzv","15":"product_tag-safe-reliable","16":"product_tag-solid-state-lead-acid-battery","17":"product_tag-tubular-gel-battery","18":"product_tag-working-temperature-4060","20":"first","21":"instock","22":"shipping-taxable","23":"product-type-simple"},"_links":{"self":[{"href":"https:\/\/www.eulerdatasafe.com\/fr\/wp-json\/wp\/v2\/product\/20260","targetHints":{"allow":["GET"]}}],"collection":[{"href":"https:\/\/www.eulerdatasafe.com\/fr\/wp-json\/wp\/v2\/product"}],"about":[{"href":"https:\/\/www.eulerdatasafe.com\/fr\/wp-json\/wp\/v2\/types\/product"}],"replies":[{"embeddable":true,"href":"https:\/\/www.eulerdatasafe.com\/fr\/wp-json\/wp\/v2\/comments?post=20260"}],"wp:featuredmedia":[{"embeddable":true,"href":"https:\/\/www.eulerdatasafe.com\/fr\/wp-json\/wp\/v2\/media\/20261"}],"wp:attachment":[{"href":"https:\/\/www.eulerdatasafe.com\/fr\/wp-json\/wp\/v2\/media?parent=20260"}],"wp:term":[{"taxonomy":"product_brand","embeddable":true,"href":"https:\/\/www.eulerdatasafe.com\/fr\/wp-json\/wp\/v2\/product_brand?post=20260"},{"taxonomy":"product_cat","embeddable":true,"href":"https:\/\/www.eulerdatasafe.com\/fr\/wp-json\/wp\/v2\/product_cat?post=20260"},{"taxonomy":"product_tag","embeddable":true,"href":"https:\/\/www.eulerdatasafe.com\/fr\/wp-json\/wp\/v2\/product_tag?post=20260"}],"curies":[{"name":"wp","href":"https:\/\/api.w.org\/{rel}","templated":true}]}}