{"id":20272,"date":"2024-11-17T19:19:42","date_gmt":"2024-11-17T11:19:42","guid":{"rendered":"https:\/\/www.eulerdatasafe.com\/?post_type=product&#038;p=20272"},"modified":"2025-04-26T01:23:23","modified_gmt":"2025-04-25T17:23:23","slug":"gel-tech","status":"publish","type":"product","link":"https:\/\/www.eulerdatasafe.com\/fr\/product\/gel-tech\/","title":{"rendered":"GEL TECH"},"content":{"rendered":"<table width=\"855\">\n<tbody>\n<tr>\n<td width=\"855\">Plage de capacit\u00e9 : 40Ah-3000Ah<\/td>\n<\/tr>\n<tr>\n<td width=\"855\">Classe de tension : 2V\/6V\/12V<\/td>\n<\/tr>\n<tr>\n<td width=\"855\">Faible taux d'autod\u00e9charge : \u22642 % par mois<\/td>\n<\/tr>\n<tr>\n<td width=\"855\">Efficacit\u00e9 \u00e9lev\u00e9e de la r\u00e9action scell\u00e9e : \u2265 98%<\/td>\n<\/tr>\n<tr>\n<td width=\"855\">Longue dur\u00e9e de vie (25\u2103) : 15 ans pour 6V\/12V , 20 ans pour 2V<\/td>\n<\/tr>\n<tr>\n<td width=\"855\">Temp\u00e9rature de fonctionnement \u00e9tendue : -40\u2103~60\u2103<\/td>\n<\/tr>\n<tr>\n<td width=\"855\"><\/td>\n<\/tr>\n<tr>\n<td width=\"855\">Grille : conception brevet\u00e9e de la structure de la grille primaire et secondaire\uff1b.<\/td>\n<\/tr>\n<tr>\n<td width=\"855\">Plaque positive : Type plat coll\u00e9, techniques de formation \u00e0 haute temp\u00e9rature et humidit\u00e9\uff1b.<\/td>\n<\/tr>\n<tr>\n<td width=\"855\">S\u00e9parateur : s\u00e9parateur PE \u00e0 haute porosit\u00e9 avec fibre de verre, bonnes caract\u00e9ristiques cycliques et r\u00e9sistance inf\u00e9rieure\uff1b.<\/td>\n<\/tr>\n<tr>\n<td width=\"855\">Conteneur de batterie : ABS haute r\u00e9sistance (UL94-HB) et UL94-V0 en option.<\/td>\n<\/tr>\n<tr>\n<td width=\"855\">Post-scellage : brevet de post-scellage \u00e0 double couche<\/td>\n<\/tr>\n<tr>\n<td width=\"855\">Soupape de s\u00e9curit\u00e9 : plage de pression de fonctionnement \u00e9troite et \u00e9quip\u00e9e d'un dispositif antid\u00e9flagrant et d'un filtre antiacide.<\/td>\n<\/tr>\n<\/tbody>\n<\/table>\n<p>&nbsp;<\/p>\n<p><a href=\"https:\/\/www.gotopess.com\/wp-content\/uploads\/2024\/11\/41-1.jpg\"><img fetchpriority=\"high\" decoding=\"async\" class=\"alignnone size-full wp-image-20915\" src=\"https:\/\/www.gotopess.com\/wp-content\/uploads\/2024\/11\/41-1.jpg\" alt=\"\" width=\"1416\" height=\"1873\" srcset=\"https:\/\/www.eulerdatasafe.com\/wp-content\/uploads\/2024\/11\/41-1.jpg 1416w, https:\/\/www.eulerdatasafe.com\/wp-content\/uploads\/2024\/11\/41-1-227x300.jpg 227w, https:\/\/www.eulerdatasafe.com\/wp-content\/uploads\/2024\/11\/41-1-774x1024.jpg 774w, https:\/\/www.eulerdatasafe.com\/wp-content\/uploads\/2024\/11\/41-1-768x1016.jpg 768w, https:\/\/www.eulerdatasafe.com\/wp-content\/uploads\/2024\/11\/41-1-1161x1536.jpg 1161w, https:\/\/www.eulerdatasafe.com\/wp-content\/uploads\/2024\/11\/41-1-9x12.jpg 9w, https:\/\/www.eulerdatasafe.com\/wp-content\/uploads\/2024\/11\/41-1-600x794.jpg 600w\" sizes=\"(max-width: 1416px) 100vw, 1416px\" \/><\/a><\/p>","protected":false},"excerpt":{"rendered":"<table width=\"795\">\n<tbody>\n<tr>\n<td width=\"795\">La technologie du gel est un type de batterie VRLA dans laquelle l'\u00e9lectrolyte liquide<\/td>\n<\/tr>\n<tr>\n<td>est suspendu dans un g\u00e9lifiant \u00e0 base de silice pyrog\u00e9n\u00e9e, ce qui le solidifie partiellement.<\/td>\n<\/tr>\n<tr>\n<td>L'agent g\u00e9lifiant offre une r\u00e9sistance sup\u00e9rieure aux fuites et une durabilit\u00e9 accrue avec peu d'entretien et sans arrosage.<\/td>\n<\/tr>\n<\/tbody>\n<\/table>","protected":false},"featured_media":20822,"comment_status":"open","ping_status":"closed","template":"","meta":[],"product_brand":[],"product_cat":[72],"product_tag":[167,168,161,146,162,157,163,171,166,164,165,169,170],"class_list":{"0":"post-20272","1":"product","2":"type-product","3":"status-publish","4":"has-post-thumbnail","6":"product_cat-gel-tech","7":"product_tag-20-years-for-2v","8":"product_tag-40ah-3000ah","9":"product_tag-bess","10":"product_tag-deep-cycle","11":"product_tag-energy-storage-system","12":"product_tag-ess","13":"product_tag-gel-tech","14":"product_tag-high-temperature","15":"product_tag-long-design-life-25-15-years-for-6v-12v","16":"product_tag-maintain-free","17":"product_tag-operation-temperature-4060","18":"product_tag-solar-energy-storage-system","19":"product_tag-solar-street-light","21":"first","22":"instock","23":"shipping-taxable","24":"product-type-simple"},"_links":{"self":[{"href":"https:\/\/www.eulerdatasafe.com\/fr\/wp-json\/wp\/v2\/product\/20272","targetHints":{"allow":["GET"]}}],"collection":[{"href":"https:\/\/www.eulerdatasafe.com\/fr\/wp-json\/wp\/v2\/product"}],"about":[{"href":"https:\/\/www.eulerdatasafe.com\/fr\/wp-json\/wp\/v2\/types\/product"}],"replies":[{"embeddable":true,"href":"https:\/\/www.eulerdatasafe.com\/fr\/wp-json\/wp\/v2\/comments?post=20272"}],"wp:featuredmedia":[{"embeddable":true,"href":"https:\/\/www.eulerdatasafe.com\/fr\/wp-json\/wp\/v2\/media\/20822"}],"wp:attachment":[{"href":"https:\/\/www.eulerdatasafe.com\/fr\/wp-json\/wp\/v2\/media?parent=20272"}],"wp:term":[{"taxonomy":"product_brand","embeddable":true,"href":"https:\/\/www.eulerdatasafe.com\/fr\/wp-json\/wp\/v2\/product_brand?post=20272"},{"taxonomy":"product_cat","embeddable":true,"href":"https:\/\/www.eulerdatasafe.com\/fr\/wp-json\/wp\/v2\/product_cat?post=20272"},{"taxonomy":"product_tag","embeddable":true,"href":"https:\/\/www.eulerdatasafe.com\/fr\/wp-json\/wp\/v2\/product_tag?post=20272"}],"curies":[{"name":"wp","href":"https:\/\/api.w.org\/{rel}","templated":true}]}}