{"id":20281,"date":"2025-02-17T16:01:04","date_gmt":"2025-02-17T08:01:04","guid":{"rendered":"https:\/\/www.eulerdatasafe.com\/?post_type=product&#038;p=20281"},"modified":"2025-04-26T17:36:03","modified_gmt":"2025-04-26T09:36:03","slug":"5g-smart-battery","status":"publish","type":"product","link":"https:\/\/www.eulerdatasafe.com\/fr\/product\/batterie-intelligente-5g\/","title":{"rendered":"Batterie intelligente 5G"},"content":{"rendered":"<p><a href=\"https:\/\/www.eulerdatasafe.com\/wp-content\/uploads\/2025\/02\/1-220F4202H9149.jpg\"><img fetchpriority=\"high\" decoding=\"async\" class=\"alignnone size-full wp-image-20282\" src=\"https:\/\/www.eulerdatasafe.com\/wp-content\/uploads\/2025\/02\/1-220F4202H9149.jpg\" alt=\"\" width=\"1300\" height=\"467\" srcset=\"https:\/\/www.eulerdatasafe.com\/wp-content\/uploads\/2025\/02\/1-220F4202H9149.jpg 1300w, https:\/\/www.eulerdatasafe.com\/wp-content\/uploads\/2025\/02\/1-220F4202H9149-300x108.jpg 300w, https:\/\/www.eulerdatasafe.com\/wp-content\/uploads\/2025\/02\/1-220F4202H9149-1024x368.jpg 1024w, https:\/\/www.eulerdatasafe.com\/wp-content\/uploads\/2025\/02\/1-220F4202H9149-768x276.jpg 768w, https:\/\/www.eulerdatasafe.com\/wp-content\/uploads\/2025\/02\/1-220F4202H9149-600x216.jpg 600w\" sizes=\"(max-width: 1300px) 100vw, 1300px\" \/><\/a><\/p>\n<p>Produit 5G avec conception int\u00e9gr\u00e9e de la station d'alimentation \u00e9lectrique distribu\u00e9e pour les applications 5G, qui se caract\u00e9rise par un environnement d'alimentation de secours \u00e0 courant \u00e9lev\u00e9 et \u00e0 court terme.<\/p>\n<p>L'installation sur poteau ou sur mur peut \u00eatre choisie de mani\u00e8re flexible en fonction de l'environnement du site, ce qui convient aux centres commerciaux, aux gares, aux a\u00e9roports et aux parkings,<\/p>\n<p><strong><b>Caract\u00e9ristiques du produit<\/b><\/strong><\/p>\n<p>+ L'\u00e9lectrode positive de la batterie est constitu\u00e9e de phosphate de fer lithi\u00e9 (LiFePO4), qui offre de bonnes performances en mati\u00e8re de s\u00e9curit\u00e9 et une longue dur\u00e9e de vie.<\/p>\n<p>+ Compatible avec divers \u00e9quipements d'alimentation en \u00e9nergie pour la communication<\/p>\n<p>+ Le BMS int\u00e9gr\u00e9 dispose de diverses fonctions de protection et de communication pour garantir la fiabilit\u00e9 des performances du bloc-batterie.<\/p>\n<p>et de r\u00e9aliser un suivi en temps r\u00e9el des donn\u00e9es de la batterie sur une longue distance<\/p>\n<p>+ Faible r\u00e9sistance interne de la batterie, circuit de contr\u00f4le de la batterie int\u00e9gr\u00e9 \u00e0 haut rendement, fonction d'\u00e9quilibrage interne<\/p>\n<p>+ Large gamme de temp\u00e9ratures et grande fiabilit\u00e9<\/p>\n<p>+ Permet l'utilisation en parall\u00e8le de plusieurs jeux de piles<\/p>\n<p>+ Salle de communication<\/p>\n<p>+ Station de base ext\u00e9rieure<\/p>\n<p><a href=\"https:\/\/www.gotopess.com\/wp-content\/uploads\/2025\/02\/31.jpg\"><img decoding=\"async\" class=\"alignnone size-full wp-image-20974\" src=\"https:\/\/www.gotopess.com\/wp-content\/uploads\/2025\/02\/31.jpg\" alt=\"\" width=\"1586\" height=\"403\" srcset=\"https:\/\/www.eulerdatasafe.com\/wp-content\/uploads\/2025\/02\/31.jpg 1586w, https:\/\/www.eulerdatasafe.com\/wp-content\/uploads\/2025\/02\/31-300x76.jpg 300w, https:\/\/www.eulerdatasafe.com\/wp-content\/uploads\/2025\/02\/31-1024x260.jpg 1024w, https:\/\/www.eulerdatasafe.com\/wp-content\/uploads\/2025\/02\/31-768x195.jpg 768w, https:\/\/www.eulerdatasafe.com\/wp-content\/uploads\/2025\/02\/31-1536x390.jpg 1536w, https:\/\/www.eulerdatasafe.com\/wp-content\/uploads\/2025\/02\/31-18x5.jpg 18w, https:\/\/www.eulerdatasafe.com\/wp-content\/uploads\/2025\/02\/31-600x152.jpg 600w\" sizes=\"(max-width: 1586px) 100vw, 1586px\" \/><\/a><\/p>","protected":false},"excerpt":{"rendered":"<p>+ L'\u00e9lectrode positive de la batterie est constitu\u00e9e de phosphate de fer lithi\u00e9 (LiFePO4), qui offre de bonnes performances en mati\u00e8re de s\u00e9curit\u00e9 et une longue dur\u00e9e de vie.<\/p>\n<p>+ Compatible avec divers \u00e9quipements d'alimentation en \u00e9nergie pour la communication<\/p>\n<p>+ Le BMS int\u00e9gr\u00e9 dispose de diverses fonctions de protection et de communication pour garantir la fiabilit\u00e9 des performances du bloc-batterie.<\/p>\n<p>et de r\u00e9aliser un suivi en temps r\u00e9el des donn\u00e9es de la batterie sur une longue distance<\/p>\n<p>+ Faible r\u00e9sistance interne de la batterie, circuit de contr\u00f4le de la batterie int\u00e9gr\u00e9 \u00e0 haut rendement, fonction d'\u00e9quilibrage interne<\/p>\n<p>+ Large gamme de temp\u00e9ratures et grande fiabilit\u00e9<\/p>\n<p>+ Permet l'utilisation en parall\u00e8le de plusieurs jeux de piles<\/p>\n<p>+ Salle de communication<\/p>\n<p>+ Station de base ext\u00e9rieure<\/p>","protected":false},"featured_media":20288,"comment_status":"open","ping_status":"closed","template":"","meta":[],"product_brand":[],"product_cat":[62,65],"product_tag":[],"class_list":{"0":"post-20281","1":"product","2":"type-product","3":"status-publish","4":"has-post-thumbnail","6":"product_cat-lithium","7":"product_cat-rack-mounted-48v-51-2v","9":"first","10":"instock","11":"shipping-taxable","12":"product-type-simple"},"_links":{"self":[{"href":"https:\/\/www.eulerdatasafe.com\/fr\/wp-json\/wp\/v2\/product\/20281","targetHints":{"allow":["GET"]}}],"collection":[{"href":"https:\/\/www.eulerdatasafe.com\/fr\/wp-json\/wp\/v2\/product"}],"about":[{"href":"https:\/\/www.eulerdatasafe.com\/fr\/wp-json\/wp\/v2\/types\/product"}],"replies":[{"embeddable":true,"href":"https:\/\/www.eulerdatasafe.com\/fr\/wp-json\/wp\/v2\/comments?post=20281"}],"wp:featuredmedia":[{"embeddable":true,"href":"https:\/\/www.eulerdatasafe.com\/fr\/wp-json\/wp\/v2\/media\/20288"}],"wp:attachment":[{"href":"https:\/\/www.eulerdatasafe.com\/fr\/wp-json\/wp\/v2\/media?parent=20281"}],"wp:term":[{"taxonomy":"product_brand","embeddable":true,"href":"https:\/\/www.eulerdatasafe.com\/fr\/wp-json\/wp\/v2\/product_brand?post=20281"},{"taxonomy":"product_cat","embeddable":true,"href":"https:\/\/www.eulerdatasafe.com\/fr\/wp-json\/wp\/v2\/product_cat?post=20281"},{"taxonomy":"product_tag","embeddable":true,"href":"https:\/\/www.eulerdatasafe.com\/fr\/wp-json\/wp\/v2\/product_tag?post=20281"}],"curies":[{"name":"wp","href":"https:\/\/api.w.org\/{rel}","templated":true}]}}