{"id":20289,"date":"2025-02-17T16:15:24","date_gmt":"2025-02-17T08:15:24","guid":{"rendered":"https:\/\/www.eulerdatasafe.com\/?post_type=product&#038;p=20289"},"modified":"2025-04-26T03:49:53","modified_gmt":"2025-04-25T19:49:53","slug":"12v-lfp","status":"publish","type":"product","link":"https:\/\/www.eulerdatasafe.com\/fr\/product\/12v-lfp\/","title":{"rendered":"12V LFP"},"content":{"rendered":"<p><strong><b>Pr\u00e9sentation du produit<\/b><\/strong><\/p>\n<p>La s\u00e9rie LFP12V dispose d'une protection de haut niveau pour garantir la s\u00e9curit\u00e9 et la fiabilit\u00e9 du syst\u00e8me tout au long de son cycle de vie ;<\/p>\n<p>la conception de la structure de gestion intelligente permet de surveiller avec pr\u00e9cision l'\u00e9tat de chaque composant du syst\u00e8me afin de garantir la stabilit\u00e9 des performances du syst\u00e8me<\/p>\n<p>et la s\u00e9curit\u00e9 de la consommation d'\u00e9lectricit\u00e9 des utilisateurs.<\/p>\n<p>&nbsp;<\/p>\n<p><strong><b>Caract\u00e9ristiques du produit<\/b><\/strong><\/p>\n<p>+ Batterie lithium-fer int\u00e9gr\u00e9e, 70% plus l\u00e9g\u00e8re que la batterie plomb-acide.<\/p>\n<p>+ Dur\u00e9e de vie plus longue (6000 cycles de charge, SLA 500 fois), fabricant direct,<\/p>\n<p>une assistance technique mondiale.<\/p>\n<p>+ Faible taux d'autod\u00e9charge et absence d'effet m\u00e9moire ; conception de s\u00e9curit\u00e9 pour \u00e9viter les courts-circuits,<\/p>\n<p>surcharge et d\u00e9charge, surintensit\u00e9 et surchauffe.<\/p>\n<p><a href=\"https:\/\/www.gotopess.com\/wp-content\/uploads\/2025\/02\/66.jpg\"><img fetchpriority=\"high\" decoding=\"async\" class=\"alignnone size-full wp-image-20950\" src=\"https:\/\/www.gotopess.com\/wp-content\/uploads\/2025\/02\/66.jpg\" alt=\"\" width=\"1472\" height=\"1081\" srcset=\"https:\/\/www.eulerdatasafe.com\/wp-content\/uploads\/2025\/02\/66.jpg 1472w, https:\/\/www.eulerdatasafe.com\/wp-content\/uploads\/2025\/02\/66-300x220.jpg 300w, https:\/\/www.eulerdatasafe.com\/wp-content\/uploads\/2025\/02\/66-1024x752.jpg 1024w, https:\/\/www.eulerdatasafe.com\/wp-content\/uploads\/2025\/02\/66-768x564.jpg 768w, https:\/\/www.eulerdatasafe.com\/wp-content\/uploads\/2025\/02\/66-16x12.jpg 16w, https:\/\/www.eulerdatasafe.com\/wp-content\/uploads\/2025\/02\/66-600x441.jpg 600w\" sizes=\"(max-width: 1472px) 100vw, 1472px\" \/><\/a><\/p>","protected":false},"excerpt":{"rendered":"<p><strong><b>Caract\u00e9ristiques du produit<\/b><\/strong><\/p>\n<p>+ Batterie lithium-fer int\u00e9gr\u00e9e, 70% plus l\u00e9g\u00e8re que la batterie plomb-acide.<\/p>\n<p>+ Dur\u00e9e de vie plus longue (6000 cycles de charge, SLA 500 fois), fabricant direct,<\/p>\n<p>une assistance technique mondiale.<\/p>\n<p>+ Faible taux d'autod\u00e9charge et absence d'effet m\u00e9moire ; conception de s\u00e9curit\u00e9 pour \u00e9viter les courts-circuits,<\/p>\n<p>surcharge et d\u00e9charge, surintensit\u00e9 et surchauffe.<\/p>","protected":false},"featured_media":20357,"comment_status":"open","ping_status":"closed","template":"","meta":[],"product_brand":[],"product_cat":[62,64],"product_tag":[],"class_list":{"0":"post-20289","1":"product","2":"type-product","3":"status-publish","4":"has-post-thumbnail","6":"product_cat-lithium","7":"product_cat-lead-acid-replacement-12-8v-25-6v","9":"first","10":"instock","11":"shipping-taxable","12":"product-type-simple"},"_links":{"self":[{"href":"https:\/\/www.eulerdatasafe.com\/fr\/wp-json\/wp\/v2\/product\/20289","targetHints":{"allow":["GET"]}}],"collection":[{"href":"https:\/\/www.eulerdatasafe.com\/fr\/wp-json\/wp\/v2\/product"}],"about":[{"href":"https:\/\/www.eulerdatasafe.com\/fr\/wp-json\/wp\/v2\/types\/product"}],"replies":[{"embeddable":true,"href":"https:\/\/www.eulerdatasafe.com\/fr\/wp-json\/wp\/v2\/comments?post=20289"}],"wp:featuredmedia":[{"embeddable":true,"href":"https:\/\/www.eulerdatasafe.com\/fr\/wp-json\/wp\/v2\/media\/20357"}],"wp:attachment":[{"href":"https:\/\/www.eulerdatasafe.com\/fr\/wp-json\/wp\/v2\/media?parent=20289"}],"wp:term":[{"taxonomy":"product_brand","embeddable":true,"href":"https:\/\/www.eulerdatasafe.com\/fr\/wp-json\/wp\/v2\/product_brand?post=20289"},{"taxonomy":"product_cat","embeddable":true,"href":"https:\/\/www.eulerdatasafe.com\/fr\/wp-json\/wp\/v2\/product_cat?post=20289"},{"taxonomy":"product_tag","embeddable":true,"href":"https:\/\/www.eulerdatasafe.com\/fr\/wp-json\/wp\/v2\/product_tag?post=20289"}],"curies":[{"name":"wp","href":"https:\/\/api.w.org\/{rel}","templated":true}]}}