{"id":20296,"date":"2025-02-17T16:24:48","date_gmt":"2025-02-17T08:24:48","guid":{"rendered":"https:\/\/www.eulerdatasafe.com\/?post_type=product&#038;p=20296"},"modified":"2025-04-26T17:22:34","modified_gmt":"2025-04-26T09:22:34","slug":"24v-lfp","status":"publish","type":"product","link":"https:\/\/www.eulerdatasafe.com\/fr\/product\/24v-lfp\/","title":{"rendered":"24V LFP"},"content":{"rendered":"<p><a href=\"https:\/\/www.gotopess.com\/wp-content\/uploads\/2025\/02\/11.jpg\"><img fetchpriority=\"high\" decoding=\"async\" class=\"alignnone size-full wp-image-20972\" src=\"https:\/\/www.gotopess.com\/wp-content\/uploads\/2025\/02\/11.jpg\" alt=\"\" width=\"1741\" height=\"595\" srcset=\"https:\/\/www.eulerdatasafe.com\/wp-content\/uploads\/2025\/02\/11.jpg 1741w, https:\/\/www.eulerdatasafe.com\/wp-content\/uploads\/2025\/02\/11-300x103.jpg 300w, https:\/\/www.eulerdatasafe.com\/wp-content\/uploads\/2025\/02\/11-1024x350.jpg 1024w, https:\/\/www.eulerdatasafe.com\/wp-content\/uploads\/2025\/02\/11-768x262.jpg 768w, https:\/\/www.eulerdatasafe.com\/wp-content\/uploads\/2025\/02\/11-1536x525.jpg 1536w, https:\/\/www.eulerdatasafe.com\/wp-content\/uploads\/2025\/02\/11-18x6.jpg 18w, https:\/\/www.eulerdatasafe.com\/wp-content\/uploads\/2025\/02\/11-600x205.jpg 600w\" sizes=\"(max-width: 1741px) 100vw, 1741px\" \/><\/a><\/p>","protected":false},"excerpt":{"rendered":"<p>+ Les produits sont d\u00e9velopp\u00e9s ind\u00e9pendamment par notre soci\u00e9t\u00e9 et conviennent \u00e0 diff\u00e9rents types de d\u00e9marrages \u00e9lectriques.<\/p>\n<p>+ Adopter des cellules LFP \u00e0 haut d\u00e9bit et un syst\u00e8me BMS, int\u00e9grer un syst\u00e8me de surveillance \u00e0 distance en temps r\u00e9el et un module de gestion intelligent.<\/p>\n<p><strong><b>Caract\u00e9ristiques du produit<\/b><\/strong><\/p>\n<p>+ performance \u00e0 cycle \u00e9lev\u00e9<\/p>\n<p>+ grande fiabilit\u00e9<\/p>\n<p>+ d\u00e9marrer le syst\u00e8me<\/p>\n<p>+ Utilisation parall\u00e8le sans restriction<\/p>\n<p>+ grande coh\u00e9rence<\/p>\n<p>&nbsp;<\/p>","protected":false},"featured_media":20356,"comment_status":"open","ping_status":"closed","template":"","meta":[],"product_brand":[],"product_cat":[62,64],"product_tag":[],"class_list":{"0":"post-20296","1":"product","2":"type-product","3":"status-publish","4":"has-post-thumbnail","6":"product_cat-lithium","7":"product_cat-lead-acid-replacement-12-8v-25-6v","9":"first","10":"instock","11":"shipping-taxable","12":"product-type-simple"},"_links":{"self":[{"href":"https:\/\/www.eulerdatasafe.com\/fr\/wp-json\/wp\/v2\/product\/20296","targetHints":{"allow":["GET"]}}],"collection":[{"href":"https:\/\/www.eulerdatasafe.com\/fr\/wp-json\/wp\/v2\/product"}],"about":[{"href":"https:\/\/www.eulerdatasafe.com\/fr\/wp-json\/wp\/v2\/types\/product"}],"replies":[{"embeddable":true,"href":"https:\/\/www.eulerdatasafe.com\/fr\/wp-json\/wp\/v2\/comments?post=20296"}],"wp:featuredmedia":[{"embeddable":true,"href":"https:\/\/www.eulerdatasafe.com\/fr\/wp-json\/wp\/v2\/media\/20356"}],"wp:attachment":[{"href":"https:\/\/www.eulerdatasafe.com\/fr\/wp-json\/wp\/v2\/media?parent=20296"}],"wp:term":[{"taxonomy":"product_brand","embeddable":true,"href":"https:\/\/www.eulerdatasafe.com\/fr\/wp-json\/wp\/v2\/product_brand?post=20296"},{"taxonomy":"product_cat","embeddable":true,"href":"https:\/\/www.eulerdatasafe.com\/fr\/wp-json\/wp\/v2\/product_cat?post=20296"},{"taxonomy":"product_tag","embeddable":true,"href":"https:\/\/www.eulerdatasafe.com\/fr\/wp-json\/wp\/v2\/product_tag?post=20296"}],"curies":[{"name":"wp","href":"https:\/\/api.w.org\/{rel}","templated":true}]}}