{"id":20299,"date":"2025-02-17T16:48:47","date_gmt":"2025-02-17T08:48:47","guid":{"rendered":"https:\/\/www.eulerdatasafe.com\/?post_type=product&#038;p=20299"},"modified":"2025-04-26T17:31:50","modified_gmt":"2025-04-26T09:31:50","slug":"48v-lfp","status":"publish","type":"product","link":"https:\/\/www.eulerdatasafe.com\/fr\/product\/48v-lfp\/","title":{"rendered":"48V LFP"},"content":{"rendered":"<p>Il s'agit d'un produit de haute technologie d\u00e9velopp\u00e9 ind\u00e9pendamment par notre soci\u00e9t\u00e9 pour les applications de t\u00e9l\u00e9communications.<\/p>\n<p>Bas\u00e9 sur la conception d'une armoire standard de 19 pouces, il pr\u00e9sente les caract\u00e9ristiques d'une installation et d'une maintenance faciles.<\/p>\n<p>Avantages remarquables dans le domaine de l'alimentation de secours pour les communications, tels que haute densit\u00e9 \u00e9nerg\u00e9tique, petite taille, longue dur\u00e9e de vie,<\/p>\n<p>Convient aux environnements \u00e0 haute temp\u00e9rature, \u00e0 la charge et \u00e0 la d\u00e9charge rapides, \u00e0 la conception modulaire, etc.<\/p>\n<p>&nbsp;<\/p>\n<p><strong><b>Caract\u00e9ristiques du produit<\/b><\/strong><\/p>\n<p>+ L'\u00e9lectrode positive de la batterie est constitu\u00e9e de phosphate de fer lithi\u00e9 (LiFePO4), qui offre de bonnes performances en mati\u00e8re de s\u00e9curit\u00e9 et une longue dur\u00e9e de vie.<\/p>\n<p>+ Compatible avec divers \u00e9quipements d'alimentation en \u00e9nergie pour la communication<\/p>\n<p>+ Le BMS int\u00e9gr\u00e9 dispose de diverses fonctions de protection et de communication pour garantir la fiabilit\u00e9 des performances du bloc-batterie.<\/p>\n<p>et de r\u00e9aliser un suivi en temps r\u00e9el des donn\u00e9es de la batterie sur une longue distance<\/p>\n<p>+ Faible r\u00e9sistance interne de la batterie, circuit de contr\u00f4le de la batterie int\u00e9gr\u00e9 \u00e0 haut rendement, fonction d'\u00e9quilibrage interne<\/p>\n<p>+ Large gamme de temp\u00e9ratures et grande fiabilit\u00e9<\/p>\n<p>+ Permet l'utilisation en parall\u00e8le de plusieurs jeux de piles<\/p>\n<p>+ Salle de communication<\/p>\n<p>+ Station de base ext\u00e9rieure<\/p>\n<p><a href=\"https:\/\/www.gotopess.com\/wp-content\/uploads\/2025\/02\/21.jpg\"><img fetchpriority=\"high\" decoding=\"async\" class=\"alignnone size-full wp-image-20973\" src=\"https:\/\/www.gotopess.com\/wp-content\/uploads\/2025\/02\/21.jpg\" alt=\"\" width=\"1817\" height=\"535\" srcset=\"https:\/\/www.eulerdatasafe.com\/wp-content\/uploads\/2025\/02\/21.jpg 1817w, https:\/\/www.eulerdatasafe.com\/wp-content\/uploads\/2025\/02\/21-300x88.jpg 300w, https:\/\/www.eulerdatasafe.com\/wp-content\/uploads\/2025\/02\/21-1024x302.jpg 1024w, https:\/\/www.eulerdatasafe.com\/wp-content\/uploads\/2025\/02\/21-768x226.jpg 768w, https:\/\/www.eulerdatasafe.com\/wp-content\/uploads\/2025\/02\/21-1536x452.jpg 1536w, https:\/\/www.eulerdatasafe.com\/wp-content\/uploads\/2025\/02\/21-18x5.jpg 18w, https:\/\/www.eulerdatasafe.com\/wp-content\/uploads\/2025\/02\/21-600x177.jpg 600w\" sizes=\"(max-width: 1817px) 100vw, 1817px\" \/><\/a><\/p>","protected":false},"excerpt":{"rendered":"<p>+ L'\u00e9lectrode positive de la batterie est constitu\u00e9e de phosphate de fer lithi\u00e9 (LiFePO4), qui offre de bonnes performances en mati\u00e8re de s\u00e9curit\u00e9 et une longue dur\u00e9e de vie.<\/p>\n<p>+ Compatible avec divers \u00e9quipements d'alimentation en \u00e9nergie pour la communication<\/p>\n<p>+ Le BMS int\u00e9gr\u00e9 dispose de diverses fonctions de protection et de communication pour garantir la fiabilit\u00e9 des performances du bloc-batterie.<\/p>\n<p>et de r\u00e9aliser un suivi en temps r\u00e9el des donn\u00e9es de la batterie sur une longue distance<\/p>\n<p>+ Faible r\u00e9sistance interne de la batterie, circuit de contr\u00f4le de la batterie int\u00e9gr\u00e9 \u00e0 haut rendement, fonction d'\u00e9quilibrage interne<\/p>\n<p>+ Large gamme de temp\u00e9ratures et grande fiabilit\u00e9<\/p>\n<p>+ Permet l'utilisation en parall\u00e8le de plusieurs jeux de piles<\/p>\n<p>+ Salle de communication<\/p>\n<p>+ Station de base ext\u00e9rieure<\/p>","protected":false},"featured_media":20301,"comment_status":"open","ping_status":"closed","template":"","meta":[],"product_brand":[],"product_cat":[62,65],"product_tag":[],"class_list":{"0":"post-20299","1":"product","2":"type-product","3":"status-publish","4":"has-post-thumbnail","6":"product_cat-lithium","7":"product_cat-rack-mounted-48v-51-2v","9":"first","10":"instock","11":"shipping-taxable","12":"product-type-simple"},"_links":{"self":[{"href":"https:\/\/www.eulerdatasafe.com\/fr\/wp-json\/wp\/v2\/product\/20299","targetHints":{"allow":["GET"]}}],"collection":[{"href":"https:\/\/www.eulerdatasafe.com\/fr\/wp-json\/wp\/v2\/product"}],"about":[{"href":"https:\/\/www.eulerdatasafe.com\/fr\/wp-json\/wp\/v2\/types\/product"}],"replies":[{"embeddable":true,"href":"https:\/\/www.eulerdatasafe.com\/fr\/wp-json\/wp\/v2\/comments?post=20299"}],"wp:featuredmedia":[{"embeddable":true,"href":"https:\/\/www.eulerdatasafe.com\/fr\/wp-json\/wp\/v2\/media\/20301"}],"wp:attachment":[{"href":"https:\/\/www.eulerdatasafe.com\/fr\/wp-json\/wp\/v2\/media?parent=20299"}],"wp:term":[{"taxonomy":"product_brand","embeddable":true,"href":"https:\/\/www.eulerdatasafe.com\/fr\/wp-json\/wp\/v2\/product_brand?post=20299"},{"taxonomy":"product_cat","embeddable":true,"href":"https:\/\/www.eulerdatasafe.com\/fr\/wp-json\/wp\/v2\/product_cat?post=20299"},{"taxonomy":"product_tag","embeddable":true,"href":"https:\/\/www.eulerdatasafe.com\/fr\/wp-json\/wp\/v2\/product_tag?post=20299"}],"curies":[{"name":"wp","href":"https:\/\/api.w.org\/{rel}","templated":true}]}}