{"id":20306,"date":"2025-02-17T17:17:02","date_gmt":"2025-02-17T09:17:02","guid":{"rendered":"https:\/\/www.eulerdatasafe.com\/?post_type=product&#038;p=20306"},"modified":"2025-04-26T21:49:15","modified_gmt":"2025-04-26T13:49:15","slug":"industrial-ess","status":"publish","type":"product","link":"https:\/\/www.eulerdatasafe.com\/fr\/product\/ess-industriel\/","title":{"rendered":"ESS industriel"},"content":{"rendered":"<p><a href=\"https:\/\/www.gotopess.com\/wp-content\/uploads\/2025\/02\/83.jpg\"><img fetchpriority=\"high\" decoding=\"async\" class=\"alignnone size-full wp-image-20997\" src=\"https:\/\/www.gotopess.com\/wp-content\/uploads\/2025\/02\/83.jpg\" alt=\"\" width=\"1443\" height=\"1921\" srcset=\"https:\/\/www.eulerdatasafe.com\/wp-content\/uploads\/2025\/02\/83.jpg 1443w, https:\/\/www.eulerdatasafe.com\/wp-content\/uploads\/2025\/02\/83-225x300.jpg 225w, https:\/\/www.eulerdatasafe.com\/wp-content\/uploads\/2025\/02\/83-769x1024.jpg 769w, https:\/\/www.eulerdatasafe.com\/wp-content\/uploads\/2025\/02\/83-768x1022.jpg 768w, https:\/\/www.eulerdatasafe.com\/wp-content\/uploads\/2025\/02\/83-1154x1536.jpg 1154w, https:\/\/www.eulerdatasafe.com\/wp-content\/uploads\/2025\/02\/83-9x12.jpg 9w, https:\/\/www.eulerdatasafe.com\/wp-content\/uploads\/2025\/02\/83-600x799.jpg 600w\" sizes=\"(max-width: 1443px) 100vw, 1443px\" \/><\/a><a href=\"https:\/\/www.eulerdatasafe.com\/wp-content\/uploads\/2025\/02\/1-220F42015131E.jpg\"><img decoding=\"async\" class=\"alignnone size-full wp-image-20312\" src=\"https:\/\/www.eulerdatasafe.com\/wp-content\/uploads\/2025\/02\/1-220F42015131E.jpg\" alt=\"\" width=\"2541\" height=\"595\" srcset=\"https:\/\/www.eulerdatasafe.com\/wp-content\/uploads\/2025\/02\/1-220F42015131E.jpg 2541w, https:\/\/www.eulerdatasafe.com\/wp-content\/uploads\/2025\/02\/1-220F42015131E-300x70.jpg 300w, https:\/\/www.eulerdatasafe.com\/wp-content\/uploads\/2025\/02\/1-220F42015131E-1024x240.jpg 1024w, https:\/\/www.eulerdatasafe.com\/wp-content\/uploads\/2025\/02\/1-220F42015131E-768x180.jpg 768w, https:\/\/www.eulerdatasafe.com\/wp-content\/uploads\/2025\/02\/1-220F42015131E-1536x360.jpg 1536w, https:\/\/www.eulerdatasafe.com\/wp-content\/uploads\/2025\/02\/1-220F42015131E-2048x480.jpg 2048w, https:\/\/www.eulerdatasafe.com\/wp-content\/uploads\/2025\/02\/1-220F42015131E-600x140.jpg 600w\" sizes=\"(max-width: 2541px) 100vw, 2541px\" \/><\/a><\/p>\n<p><strong><b>Pr\u00e9sentation du produit<\/b><\/strong><\/p>\n<p>L'agencement de la solution ESS de l'industrie est flexible et modifiable.<\/p>\n<p>Syst\u00e8me de batterie lithium-fer-phosphate \u00e0 dur\u00e9e de vie \u00e9lev\u00e9e, syst\u00e8me de gestion BMS, convertisseur de stockage d'\u00e9nergie \u00e0 haute performance,<\/p>\n<p>Le syst\u00e8me de s\u00e9curit\u00e9 incendie, le syst\u00e8me de distribution \u00e9lectrique et le syst\u00e8me de gestion thermique sont int\u00e9gr\u00e9s dans une armoire ext\u00e9rieure standard.<\/p>\n<p><a href=\"https:\/\/www.eulerdatasafe.com\/wp-content\/uploads\/2025\/02\/1-221223201F3343-scaled.jpg\"><img decoding=\"async\" class=\"alignnone size-full wp-image-20307\" src=\"https:\/\/www.eulerdatasafe.com\/wp-content\/uploads\/2025\/02\/1-221223201F3343-scaled.jpg\" alt=\"\" width=\"2560\" height=\"1503\" srcset=\"https:\/\/www.eulerdatasafe.com\/wp-content\/uploads\/2025\/02\/1-221223201F3343-scaled.jpg 2560w, https:\/\/www.eulerdatasafe.com\/wp-content\/uploads\/2025\/02\/1-221223201F3343-300x176.jpg 300w, https:\/\/www.eulerdatasafe.com\/wp-content\/uploads\/2025\/02\/1-221223201F3343-1024x601.jpg 1024w, https:\/\/www.eulerdatasafe.com\/wp-content\/uploads\/2025\/02\/1-221223201F3343-768x451.jpg 768w, https:\/\/www.eulerdatasafe.com\/wp-content\/uploads\/2025\/02\/1-221223201F3343-1536x902.jpg 1536w, https:\/\/www.eulerdatasafe.com\/wp-content\/uploads\/2025\/02\/1-221223201F3343-2048x1203.jpg 2048w, https:\/\/www.eulerdatasafe.com\/wp-content\/uploads\/2025\/02\/1-221223201F3343-600x352.jpg 600w\" sizes=\"(max-width: 2560px) 100vw, 2560px\" \/><\/a><\/p>\n<p><strong><b>Caract\u00e9ristiques du produit<\/b><\/strong><\/p>\n<p><strong><b> <a href=\"https:\/\/www.eulerdatasafe.com\/wp-content\/uploads\/2025\/02\/\u56fe\u72471.png\"><img loading=\"lazy\" decoding=\"async\" class=\"alignnone size-full wp-image-20308\" src=\"https:\/\/www.eulerdatasafe.com\/wp-content\/uploads\/2025\/02\/\u56fe\u72471.png\" alt=\"\" width=\"482\" height=\"332\" srcset=\"https:\/\/www.eulerdatasafe.com\/wp-content\/uploads\/2025\/02\/\u56fe\u72471.png 482w, https:\/\/www.eulerdatasafe.com\/wp-content\/uploads\/2025\/02\/\u56fe\u72471-300x207.png 300w\" sizes=\"(max-width: 482px) 100vw, 482px\" \/><\/a> <a href=\"https:\/\/www.eulerdatasafe.com\/wp-content\/uploads\/2025\/02\/\u56fe\u72472.png\"><img loading=\"lazy\" decoding=\"async\" class=\"alignnone size-full wp-image-20309\" src=\"https:\/\/www.eulerdatasafe.com\/wp-content\/uploads\/2025\/02\/\u56fe\u72472.png\" alt=\"\" width=\"648\" height=\"447\" srcset=\"https:\/\/www.eulerdatasafe.com\/wp-content\/uploads\/2025\/02\/\u56fe\u72472.png 648w, https:\/\/www.eulerdatasafe.com\/wp-content\/uploads\/2025\/02\/\u56fe\u72472-300x207.png 300w, https:\/\/www.eulerdatasafe.com\/wp-content\/uploads\/2025\/02\/\u56fe\u72472-600x414.png 600w\" sizes=\"(max-width: 648px) 100vw, 648px\" \/><\/a> <a href=\"https:\/\/www.eulerdatasafe.com\/wp-content\/uploads\/2025\/02\/\u56fe\u72473.png\"><img loading=\"lazy\" decoding=\"async\" class=\"alignnone size-full wp-image-20310\" src=\"https:\/\/www.eulerdatasafe.com\/wp-content\/uploads\/2025\/02\/\u56fe\u72473.png\" alt=\"\" width=\"724\" height=\"499\" srcset=\"https:\/\/www.eulerdatasafe.com\/wp-content\/uploads\/2025\/02\/\u56fe\u72473.png 724w, https:\/\/www.eulerdatasafe.com\/wp-content\/uploads\/2025\/02\/\u56fe\u72473-300x207.png 300w, https:\/\/www.eulerdatasafe.com\/wp-content\/uploads\/2025\/02\/\u56fe\u72473-600x414.png 600w\" sizes=\"(max-width: 724px) 100vw, 724px\" \/><\/a><\/b><\/strong><\/p>\n<p>&nbsp;<\/p>","protected":false},"excerpt":{"rendered":"<p><strong><b>Pr\u00e9sentation du produit<\/b><\/strong><\/p>\n<p>L'agencement de la solution ESS de l'industrie est flexible et modifiable.<\/p>\n<p>Syst\u00e8me de batterie lithium-fer-phosphate \u00e0 dur\u00e9e de vie \u00e9lev\u00e9e, syst\u00e8me de gestion BMS, convertisseur de stockage d'\u00e9nergie \u00e0 haute performance,<\/p>\n<p>Le syst\u00e8me de s\u00e9curit\u00e9 incendie, le syst\u00e8me de distribution \u00e9lectrique et le syst\u00e8me de gestion thermique sont int\u00e9gr\u00e9s dans une armoire ext\u00e9rieure standard.<\/p>","protected":false},"featured_media":20313,"comment_status":"open","ping_status":"closed","template":"","meta":[],"product_brand":[],"product_cat":[79],"product_tag":[],"class_list":{"0":"post-20306","1":"product","2":"type-product","3":"status-publish","4":"has-post-thumbnail","6":"product_cat-commercial-ess","8":"first","9":"instock","10":"shipping-taxable","11":"product-type-simple"},"_links":{"self":[{"href":"https:\/\/www.eulerdatasafe.com\/fr\/wp-json\/wp\/v2\/product\/20306","targetHints":{"allow":["GET"]}}],"collection":[{"href":"https:\/\/www.eulerdatasafe.com\/fr\/wp-json\/wp\/v2\/product"}],"about":[{"href":"https:\/\/www.eulerdatasafe.com\/fr\/wp-json\/wp\/v2\/types\/product"}],"replies":[{"embeddable":true,"href":"https:\/\/www.eulerdatasafe.com\/fr\/wp-json\/wp\/v2\/comments?post=20306"}],"wp:featuredmedia":[{"embeddable":true,"href":"https:\/\/www.eulerdatasafe.com\/fr\/wp-json\/wp\/v2\/media\/20313"}],"wp:attachment":[{"href":"https:\/\/www.eulerdatasafe.com\/fr\/wp-json\/wp\/v2\/media?parent=20306"}],"wp:term":[{"taxonomy":"product_brand","embeddable":true,"href":"https:\/\/www.eulerdatasafe.com\/fr\/wp-json\/wp\/v2\/product_brand?post=20306"},{"taxonomy":"product_cat","embeddable":true,"href":"https:\/\/www.eulerdatasafe.com\/fr\/wp-json\/wp\/v2\/product_cat?post=20306"},{"taxonomy":"product_tag","embeddable":true,"href":"https:\/\/www.eulerdatasafe.com\/fr\/wp-json\/wp\/v2\/product_tag?post=20306"}],"curies":[{"name":"wp","href":"https:\/\/api.w.org\/{rel}","templated":true}]}}