{"id":20316,"date":"2025-02-17T17:23:55","date_gmt":"2025-02-17T09:23:55","guid":{"rendered":"https:\/\/www.eulerdatasafe.com\/?post_type=product&#038;p=20316"},"modified":"2025-04-08T16:30:59","modified_gmt":"2025-04-08T08:30:59","slug":"li-cell","status":"publish","type":"product","link":"https:\/\/www.eulerdatasafe.com\/fr\/product\/li-cell\/","title":{"rendered":"Cellule Li"},"content":{"rendered":"<p><strong><b>Pr\u00e9sentation du produit<\/b><\/strong><\/p>\n<p>Les mat\u00e9riaux sont le point cl\u00e9 des piles.<\/p>\n<p>Les mat\u00e9riaux d\u00e9terminent la feuille de route technique des cellules, et les performances du mat\u00e9riau d\u00e9terminent les performances et les possibilit\u00e9s de la batterie.<\/p>\n<p>Les mat\u00e9riaux des piles sont divis\u00e9s en \u00e9lectrodes positives et n\u00e9gatives. \u00c0 l'heure actuelle, la cathode est le principal mat\u00e9riau utilis\u00e9 dans l'industrie.<\/p>\n<p>Notre batterie utilise principalement du phosphate de fer lithi\u00e9 et le mat\u00e9riau de l'\u00e9lectrode n\u00e9gative est principalement du graphite naturel et du graphite artificiel.<\/p>\n<p>&nbsp;<\/p>\n<p>S\u00e9curit\u00e9 Stabilit\u00e9 Respect de l'environnement<\/p>\n<p>Pas de risque d'explosion ou d'incendie Performances stables Pollution nulle<\/p>\n<p>anti-foudre et anti-interf\u00e9rence faible att\u00e9nuation haute efficacit\u00e9 et \u00e9conomie d'\u00e9nergie<\/p>\n<p>&nbsp;<\/p>\n<p>+ L'\u00e9lectrode positive de la batterie est constitu\u00e9e de phosphate de fer lithi\u00e9 (LiFePO4), qui offre de bonnes performances en mati\u00e8re de s\u00e9curit\u00e9 et une longue dur\u00e9e de vie.<\/p>\n<p>+ La conception sans entretien garantit la fiabilit\u00e9 des performances de la batterie<\/p>\n<p>+ Faible r\u00e9sistance interne de la batterie<\/p>\n<p>+ Large gamme de temp\u00e9ratures et grande fiabilit\u00e9<\/p>\n<p>+ Supporte plusieurs jeux de batteries en s\u00e9rie et en parall\u00e8le<\/p>\n<p><a href=\"https:\/\/www.eulerdatasafe.com\/wp-content\/uploads\/2025\/02\/1-220621195354K8.png\"><img fetchpriority=\"high\" decoding=\"async\" class=\"alignnone size-full wp-image-20317\" src=\"https:\/\/www.eulerdatasafe.com\/wp-content\/uploads\/2025\/02\/1-220621195354K8.png\" alt=\"\" width=\"1200\" height=\"894\" srcset=\"https:\/\/www.eulerdatasafe.com\/wp-content\/uploads\/2025\/02\/1-220621195354K8.png 1200w, https:\/\/www.eulerdatasafe.com\/wp-content\/uploads\/2025\/02\/1-220621195354K8-300x224.png 300w, https:\/\/www.eulerdatasafe.com\/wp-content\/uploads\/2025\/02\/1-220621195354K8-1024x763.png 1024w, https:\/\/www.eulerdatasafe.com\/wp-content\/uploads\/2025\/02\/1-220621195354K8-768x572.png 768w, https:\/\/www.eulerdatasafe.com\/wp-content\/uploads\/2025\/02\/1-220621195354K8-600x447.png 600w\" sizes=\"(max-width: 1200px) 100vw, 1200px\" \/><\/a> <a href=\"https:\/\/www.eulerdatasafe.com\/wp-content\/uploads\/2025\/02\/1-2206212022122X.jpg\"><img decoding=\"async\" class=\"alignnone size-full wp-image-20318\" src=\"https:\/\/www.eulerdatasafe.com\/wp-content\/uploads\/2025\/02\/1-2206212022122X.jpg\" alt=\"\" width=\"1200\" height=\"894\" srcset=\"https:\/\/www.eulerdatasafe.com\/wp-content\/uploads\/2025\/02\/1-2206212022122X.jpg 1200w, https:\/\/www.eulerdatasafe.com\/wp-content\/uploads\/2025\/02\/1-2206212022122X-300x224.jpg 300w, https:\/\/www.eulerdatasafe.com\/wp-content\/uploads\/2025\/02\/1-2206212022122X-1024x763.jpg 1024w, https:\/\/www.eulerdatasafe.com\/wp-content\/uploads\/2025\/02\/1-2206212022122X-768x572.jpg 768w, https:\/\/www.eulerdatasafe.com\/wp-content\/uploads\/2025\/02\/1-2206212022122X-600x447.jpg 600w\" sizes=\"(max-width: 1200px) 100vw, 1200px\" \/><\/a> <a href=\"https:\/\/www.eulerdatasafe.com\/wp-content\/uploads\/2025\/02\/1-220621202212627.jpg\"><img decoding=\"async\" class=\"alignnone size-full wp-image-20319\" src=\"https:\/\/www.eulerdatasafe.com\/wp-content\/uploads\/2025\/02\/1-220621202212627.jpg\" alt=\"\" width=\"1200\" height=\"894\" srcset=\"https:\/\/www.eulerdatasafe.com\/wp-content\/uploads\/2025\/02\/1-220621202212627.jpg 1200w, https:\/\/www.eulerdatasafe.com\/wp-content\/uploads\/2025\/02\/1-220621202212627-300x224.jpg 300w, https:\/\/www.eulerdatasafe.com\/wp-content\/uploads\/2025\/02\/1-220621202212627-1024x763.jpg 1024w, https:\/\/www.eulerdatasafe.com\/wp-content\/uploads\/2025\/02\/1-220621202212627-768x572.jpg 768w, https:\/\/www.eulerdatasafe.com\/wp-content\/uploads\/2025\/02\/1-220621202212627-600x447.jpg 600w\" sizes=\"(max-width: 1200px) 100vw, 1200px\" \/><\/a><\/p>","protected":false},"excerpt":{"rendered":"<p>Introduction du produit Les mat\u00e9riaux sont l'\u00e9l\u00e9ment cl\u00e9 des cellules de batteries. Les mat\u00e9riaux d\u00e9terminent l'itin\u00e9raire technique des cellules, et la performance du mat\u00e9riau d\u00e9termine la performance et les possibilit\u00e9s de la batterie. Les mat\u00e9riaux des batteries sont divis\u00e9s en \u00e9lectrodes positives et n\u00e9gatives. \u00c0 l'heure actuelle, la cathode est le principal mat\u00e9riau utilis\u00e9 dans l'industrie. Notre batterie est principalement utilis\u00e9e [...]<\/p>","protected":false},"featured_media":20321,"comment_status":"open","ping_status":"closed","template":"","meta":[],"product_brand":[],"product_cat":[62],"product_tag":[],"class_list":{"0":"post-20316","1":"product","2":"type-product","3":"status-publish","4":"has-post-thumbnail","6":"product_cat-lithium","8":"first","9":"instock","10":"shipping-taxable","11":"product-type-simple"},"_links":{"self":[{"href":"https:\/\/www.eulerdatasafe.com\/fr\/wp-json\/wp\/v2\/product\/20316","targetHints":{"allow":["GET"]}}],"collection":[{"href":"https:\/\/www.eulerdatasafe.com\/fr\/wp-json\/wp\/v2\/product"}],"about":[{"href":"https:\/\/www.eulerdatasafe.com\/fr\/wp-json\/wp\/v2\/types\/product"}],"replies":[{"embeddable":true,"href":"https:\/\/www.eulerdatasafe.com\/fr\/wp-json\/wp\/v2\/comments?post=20316"}],"wp:featuredmedia":[{"embeddable":true,"href":"https:\/\/www.eulerdatasafe.com\/fr\/wp-json\/wp\/v2\/media\/20321"}],"wp:attachment":[{"href":"https:\/\/www.eulerdatasafe.com\/fr\/wp-json\/wp\/v2\/media?parent=20316"}],"wp:term":[{"taxonomy":"product_brand","embeddable":true,"href":"https:\/\/www.eulerdatasafe.com\/fr\/wp-json\/wp\/v2\/product_brand?post=20316"},{"taxonomy":"product_cat","embeddable":true,"href":"https:\/\/www.eulerdatasafe.com\/fr\/wp-json\/wp\/v2\/product_cat?post=20316"},{"taxonomy":"product_tag","embeddable":true,"href":"https:\/\/www.eulerdatasafe.com\/fr\/wp-json\/wp\/v2\/product_tag?post=20316"}],"curies":[{"name":"wp","href":"https:\/\/api.w.org\/{rel}","templated":true}]}}