{"id":20323,"date":"2025-02-17T17:30:14","date_gmt":"2025-02-17T09:30:14","guid":{"rendered":"https:\/\/www.eulerdatasafe.com\/?post_type=product&#038;p=20323"},"modified":"2025-04-26T18:13:07","modified_gmt":"2025-04-26T10:13:07","slug":"motorcycle","status":"publish","type":"product","link":"https:\/\/www.eulerdatasafe.com\/fr\/product\/moto\/","title":{"rendered":"Motocyclette"},"content":{"rendered":"<p>+ Le poids et le volume des piles au lithium ne sont que le quart de ceux des piles au plomb, ce qui permet \u00e0 l'utilisateur de r\u00e9duire le poids et d'\u00e9conomiser de l'espace.<\/p>\n<p>+ Il n'est pas n\u00e9cessaire d'ajouter de l'acide, il ne n\u00e9cessite aucun entretien, ne contient pas de m\u00e9taux lourds tels que le plomb et le mercure, et est \u00e9cologique.<\/p>\n<p>+ Facile \u00e0 installer, il est possible de l'installer sous plusieurs angles et il n'y a pas de probl\u00e8me de fuite d'acide.<\/p>\n<p>+ Chargement rapide, soit 1\/3 du temps de charge par rapport \u00e0 une batterie plomb-acide.<\/p>\n<p>+ Dur\u00e9e de vie plus longue, cinq fois sup\u00e9rieure \u00e0 celle des batteries au plomb.<\/p>\n<p>+ \u00c9lectrode \u00e0 faible autod\u00e9charge, et l'autonomie en veille est cinq fois sup\u00e9rieure \u00e0 celle d'une batterie plomb-acide.<\/p>\n<p>+ Tension stable, respectueuse du moteur, facilite le d\u00e9marrage de votre moto.<\/p>\n<p>+ Forte adaptabilit\u00e9 \u00e0 la temp\u00e9rature \u00e9lev\u00e9e et \u00e0 la temp\u00e9rature ultra-basse. Il peut \u00eatre utilis\u00e9 dans un environnement naturel de -20~60\u2103, et peut \u00eatre utilis\u00e9 dans un environnement naturel de -40\u2103 apr\u00e8s traitement.<\/p>\n<p>+ Peut \u00eatre \u00e9quip\u00e9 d'un syst\u00e8me de gestion de la batterie (BMS) pour surveiller et contr\u00f4ler la batterie, ce qui est intelligent et s\u00fbr.<\/p>\n<p>+ D\u00e9charge acceptable d'un courant de 10C, capacit\u00e9 de 90% en 6 minutes.<\/p>\n<p><a href=\"https:\/\/www.gotopess.com\/wp-content\/uploads\/2025\/02\/41.jpg\"><img fetchpriority=\"high\" decoding=\"async\" class=\"alignnone size-full wp-image-20978\" src=\"https:\/\/www.gotopess.com\/wp-content\/uploads\/2025\/02\/41.jpg\" alt=\"\" width=\"1274\" height=\"221\" srcset=\"https:\/\/www.eulerdatasafe.com\/wp-content\/uploads\/2025\/02\/41.jpg 1274w, https:\/\/www.eulerdatasafe.com\/wp-content\/uploads\/2025\/02\/41-300x52.jpg 300w, https:\/\/www.eulerdatasafe.com\/wp-content\/uploads\/2025\/02\/41-1024x178.jpg 1024w, https:\/\/www.eulerdatasafe.com\/wp-content\/uploads\/2025\/02\/41-768x133.jpg 768w, https:\/\/www.eulerdatasafe.com\/wp-content\/uploads\/2025\/02\/41-18x3.jpg 18w, https:\/\/www.eulerdatasafe.com\/wp-content\/uploads\/2025\/02\/41-600x104.jpg 600w\" sizes=\"(max-width: 1274px) 100vw, 1274px\" \/><\/a><\/p>","protected":false},"excerpt":{"rendered":"<p>+ Le poids et le volume des piles au lithium ne sont que le quart de ceux des piles au plomb, ce qui permet \u00e0 l'utilisateur de r\u00e9duire le poids et d'\u00e9conomiser de l'espace.<\/p>\n<p>+ Il n'est pas n\u00e9cessaire d'ajouter de l'acide, il ne n\u00e9cessite aucun entretien, ne contient pas de m\u00e9taux lourds tels que le plomb et le mercure, et est \u00e9cologique.<\/p>\n<p>+ Facile \u00e0 installer, il est possible de l'installer sous plusieurs angles et il n'y a pas de probl\u00e8me de fuite d'acide.<\/p>\n<p>+ Chargement rapide, soit 1\/3 du temps de charge par rapport \u00e0 une batterie plomb-acide.<\/p>\n<p>+ Dur\u00e9e de vie plus longue, cinq fois sup\u00e9rieure \u00e0 celle des batteries au plomb.<\/p>\n<p>+ \u00c9lectrode \u00e0 faible autod\u00e9charge, et l'autonomie en veille est cinq fois sup\u00e9rieure \u00e0 celle d'une batterie plomb-acide.<\/p>\n<p>+ Tension stable, respectueuse du moteur, facilite le d\u00e9marrage de votre moto.<\/p>\n<p>+ Forte adaptabilit\u00e9 \u00e0 la temp\u00e9rature \u00e9lev\u00e9e et \u00e0 la temp\u00e9rature ultra-basse. Il peut \u00eatre utilis\u00e9 dans un environnement naturel de -20~60\u2103, et peut \u00eatre utilis\u00e9 dans un environnement naturel de -40\u2103 apr\u00e8s traitement.<\/p>\n<p>+ Peut \u00eatre \u00e9quip\u00e9 d'un syst\u00e8me de gestion de la batterie (BMS) pour surveiller et contr\u00f4ler la batterie, ce qui est intelligent et s\u00fbr.<\/p>\n<p>+ D\u00e9charge acceptable d'un courant de 10C, capacit\u00e9 de 90% en 6 minutes.<\/p>","protected":false},"featured_media":20326,"comment_status":"open","ping_status":"closed","template":"","meta":[],"product_brand":[],"product_cat":[174],"product_tag":[],"class_list":{"0":"post-20323","1":"product","2":"type-product","3":"status-publish","4":"has-post-thumbnail","6":"product_cat-motorcycle-battery","8":"first","9":"instock","10":"shipping-taxable","11":"product-type-simple"},"_links":{"self":[{"href":"https:\/\/www.eulerdatasafe.com\/fr\/wp-json\/wp\/v2\/product\/20323","targetHints":{"allow":["GET"]}}],"collection":[{"href":"https:\/\/www.eulerdatasafe.com\/fr\/wp-json\/wp\/v2\/product"}],"about":[{"href":"https:\/\/www.eulerdatasafe.com\/fr\/wp-json\/wp\/v2\/types\/product"}],"replies":[{"embeddable":true,"href":"https:\/\/www.eulerdatasafe.com\/fr\/wp-json\/wp\/v2\/comments?post=20323"}],"wp:featuredmedia":[{"embeddable":true,"href":"https:\/\/www.eulerdatasafe.com\/fr\/wp-json\/wp\/v2\/media\/20326"}],"wp:attachment":[{"href":"https:\/\/www.eulerdatasafe.com\/fr\/wp-json\/wp\/v2\/media?parent=20323"}],"wp:term":[{"taxonomy":"product_brand","embeddable":true,"href":"https:\/\/www.eulerdatasafe.com\/fr\/wp-json\/wp\/v2\/product_brand?post=20323"},{"taxonomy":"product_cat","embeddable":true,"href":"https:\/\/www.eulerdatasafe.com\/fr\/wp-json\/wp\/v2\/product_cat?post=20323"},{"taxonomy":"product_tag","embeddable":true,"href":"https:\/\/www.eulerdatasafe.com\/fr\/wp-json\/wp\/v2\/product_tag?post=20323"}],"curies":[{"name":"wp","href":"https:\/\/api.w.org\/{rel}","templated":true}]}}