{"id":20328,"date":"2025-02-17T17:35:35","date_gmt":"2025-02-17T09:35:35","guid":{"rendered":"https:\/\/www.eulerdatasafe.com\/?post_type=product&#038;p=20328"},"modified":"2025-04-26T21:33:22","modified_gmt":"2025-04-26T13:33:22","slug":"stackable-ess","status":"publish","type":"product","link":"https:\/\/www.eulerdatasafe.com\/fr\/product\/ess-empilable\/","title":{"rendered":"Empilable ESS"},"content":{"rendered":"<p><strong><b>Caract\u00e9ristiques du produit<\/b><\/strong><\/p>\n<p><a href=\"https:\/\/www.eulerdatasafe.com\/wp-content\/uploads\/2025\/02\/\u56fe\u72474.png\"><img fetchpriority=\"high\" decoding=\"async\" class=\"alignnone size-full wp-image-20329\" src=\"https:\/\/www.eulerdatasafe.com\/wp-content\/uploads\/2025\/02\/\u56fe\u72474.png\" alt=\"\" width=\"307\" height=\"322\" srcset=\"https:\/\/www.eulerdatasafe.com\/wp-content\/uploads\/2025\/02\/\u56fe\u72474.png 307w, https:\/\/www.eulerdatasafe.com\/wp-content\/uploads\/2025\/02\/\u56fe\u72474-286x300.png 286w\" sizes=\"(max-width: 307px) 100vw, 307px\" \/><\/a><\/p>\n<p><a href=\"https:\/\/www.gotopess.com\/wp-content\/uploads\/2025\/02\/82.jpg\"><img decoding=\"async\" class=\"alignnone size-full wp-image-20996\" src=\"https:\/\/www.gotopess.com\/wp-content\/uploads\/2025\/02\/82.jpg\" alt=\"\" width=\"1560\" height=\"2305\" srcset=\"https:\/\/www.eulerdatasafe.com\/wp-content\/uploads\/2025\/02\/82.jpg 1560w, https:\/\/www.eulerdatasafe.com\/wp-content\/uploads\/2025\/02\/82-203x300.jpg 203w, https:\/\/www.eulerdatasafe.com\/wp-content\/uploads\/2025\/02\/82-693x1024.jpg 693w, https:\/\/www.eulerdatasafe.com\/wp-content\/uploads\/2025\/02\/82-768x1135.jpg 768w, https:\/\/www.eulerdatasafe.com\/wp-content\/uploads\/2025\/02\/82-1040x1536.jpg 1040w, https:\/\/www.eulerdatasafe.com\/wp-content\/uploads\/2025\/02\/82-1386x2048.jpg 1386w, https:\/\/www.eulerdatasafe.com\/wp-content\/uploads\/2025\/02\/82-8x12.jpg 8w, https:\/\/www.eulerdatasafe.com\/wp-content\/uploads\/2025\/02\/82-600x887.jpg 600w\" sizes=\"(max-width: 1560px) 100vw, 1560px\" \/><\/a><\/p>","protected":false},"excerpt":{"rendered":"<p><strong><b>Pr\u00e9sentation du produit<\/b><\/strong><\/p>\n<p>Le stockage d'\u00e9nergie est configur\u00e9 diff\u00e9remment selon les besoins de la maison, la capacit\u00e9 de la batterie est de 5,12kWh \u00e0 20,48kWh.<\/p>\n<p>avec diff\u00e9rents types, tels que le mur d'alimentation, le support debout, etc.<\/p>\n<p>Notre batterie est la meilleure pour le stockage d'\u00e9nergie d'urgence \u00e0 domicile comme batterie solaire.<\/p>\n<p>Neata propose un syst\u00e8me de service unique qui permet de g\u00e9rer plus facilement votre syst\u00e8me de stockage solaire domestique.<\/p>\n<p>Un syst\u00e8me modulaire flexible peut \u00eatre con\u00e7u en fonction de la consommation quotidienne de la maison.<\/p>\n<p>La solution \u00e9nerg\u00e9tique de secours id\u00e9ale pour les villas, les appartements, les h\u00f4tels et les centres commerciaux.<\/p>","protected":false},"featured_media":20353,"comment_status":"open","ping_status":"closed","template":"","meta":[],"product_brand":[],"product_cat":[75,78],"product_tag":[],"class_list":{"0":"post-20328","1":"product","2":"type-product","3":"status-publish","4":"has-post-thumbnail","6":"product_cat-ess","7":"product_cat-residential-ess","9":"first","10":"instock","11":"shipping-taxable","12":"product-type-simple"},"_links":{"self":[{"href":"https:\/\/www.eulerdatasafe.com\/fr\/wp-json\/wp\/v2\/product\/20328","targetHints":{"allow":["GET"]}}],"collection":[{"href":"https:\/\/www.eulerdatasafe.com\/fr\/wp-json\/wp\/v2\/product"}],"about":[{"href":"https:\/\/www.eulerdatasafe.com\/fr\/wp-json\/wp\/v2\/types\/product"}],"replies":[{"embeddable":true,"href":"https:\/\/www.eulerdatasafe.com\/fr\/wp-json\/wp\/v2\/comments?post=20328"}],"wp:featuredmedia":[{"embeddable":true,"href":"https:\/\/www.eulerdatasafe.com\/fr\/wp-json\/wp\/v2\/media\/20353"}],"wp:attachment":[{"href":"https:\/\/www.eulerdatasafe.com\/fr\/wp-json\/wp\/v2\/media?parent=20328"}],"wp:term":[{"taxonomy":"product_brand","embeddable":true,"href":"https:\/\/www.eulerdatasafe.com\/fr\/wp-json\/wp\/v2\/product_brand?post=20328"},{"taxonomy":"product_cat","embeddable":true,"href":"https:\/\/www.eulerdatasafe.com\/fr\/wp-json\/wp\/v2\/product_cat?post=20328"},{"taxonomy":"product_tag","embeddable":true,"href":"https:\/\/www.eulerdatasafe.com\/fr\/wp-json\/wp\/v2\/product_tag?post=20328"}],"curies":[{"name":"wp","href":"https:\/\/api.w.org\/{rel}","templated":true}]}}