{"id":20333,"date":"2025-02-17T17:44:04","date_gmt":"2025-02-17T09:44:04","guid":{"rendered":"https:\/\/www.eulerdatasafe.com\/?post_type=product&#038;p=20333"},"modified":"2025-04-08T16:35:31","modified_gmt":"2025-04-08T08:35:31","slug":"ups-lithium-battery","status":"publish","type":"product","link":"https:\/\/www.eulerdatasafe.com\/fr\/product\/batterie-lithium-ups\/","title":{"rendered":"Batterie au lithium de l'onduleur"},"content":{"rendered":"<p><strong><b>Pr\u00e9sentation du produit<\/b><\/strong><\/p>\n<p>Les s\u00e9ries NC\/TC sont des produits d\u00e9velopp\u00e9s ind\u00e9pendamment par notre soci\u00e9t\u00e9 et conviennent \u00e0 tous les types d'ASI.<\/p>\n<p>Utilisation de cellules LFP \u00e0 haut d\u00e9bit et d'un syst\u00e8me BMS d\u00e9velopp\u00e9 par l'entreprise elle-m\u00eame,<\/p>\n<p>Syst\u00e8me de t\u00e9l\u00e9gestion int\u00e9gr\u00e9 et module intelligent de protection contre l'incendie, haute fiabilit\u00e9, bonne stabilit\u00e9, longue dur\u00e9e de vie et excellente performance en mati\u00e8re de s\u00e9curit\u00e9.<\/p>\n<p>Le produit se caract\u00e9rise par un co\u00fbt \u00e9lev\u00e9, une durabilit\u00e9 et une grande r\u00e9gularit\u00e9.<\/p>\n<p><a href=\"https:\/\/www.eulerdatasafe.com\/wp-content\/uploads\/2025\/02\/\u56fe\u72475.png\"><img fetchpriority=\"high\" decoding=\"async\" class=\"alignnone size-full wp-image-20334\" src=\"https:\/\/www.eulerdatasafe.com\/wp-content\/uploads\/2025\/02\/\u56fe\u72475.png\" alt=\"\" width=\"1268\" height=\"297\" srcset=\"https:\/\/www.eulerdatasafe.com\/wp-content\/uploads\/2025\/02\/\u56fe\u72475.png 1268w, https:\/\/www.eulerdatasafe.com\/wp-content\/uploads\/2025\/02\/\u56fe\u72475-300x70.png 300w, https:\/\/www.eulerdatasafe.com\/wp-content\/uploads\/2025\/02\/\u56fe\u72475-1024x240.png 1024w, https:\/\/www.eulerdatasafe.com\/wp-content\/uploads\/2025\/02\/\u56fe\u72475-768x180.png 768w, https:\/\/www.eulerdatasafe.com\/wp-content\/uploads\/2025\/02\/\u56fe\u72475-600x141.png 600w\" sizes=\"(max-width: 1268px) 100vw, 1268px\" \/><\/a><\/p>\n<p><strong><b>Caract\u00e9ristiques du produit<\/b><\/strong><\/p>\n<p>+ Protection de s\u00e9curit\u00e9 \u00e0 quatre niveaux avec des performances de s\u00e9curit\u00e9 \u00e9lev\u00e9es pour garantir la s\u00e9curit\u00e9 et la fiabilit\u00e9 du syst\u00e8me (niveau de la cellule, niveau du module, niveau du groupe, niveau du syst\u00e8me).<\/p>\n<p>+ Excellente performance de d\u00e9charge \u00e0 haut d\u00e9bit, d\u00e9charge jusqu'\u00e0 10C, efficacit\u00e9 de d\u00e9charge \u2265 95%<\/p>\n<p>+ Gestion compl\u00e8te des d\u00e9tails Gestion des cellules de la batterie 100% + Gestion des dispositifs fonctionnels<\/p>\n<p>+ Dur\u00e9e de vie de la conception de 20 ans<\/p>\n<p>+ Longue dur\u00e9e de vie : charge et d\u00e9charge 1C \u2265 3500 fois ; d\u00e9charge 4C\/0,5C \u2265 2000 fois<\/p>\n<p>+ Syst\u00e8me intelligent de gestion de l'informatique en nuage : soutien \u00e0 l'exploitation et \u00e0 la maintenance pr\u00e9dictives, exploitation et maintenance de la surveillance de l'informatique en nuage, soutien \u00e0 la gestion multir\u00f4le.<\/p>\n<p>+ Syst\u00e8me intelligent de contr\u00f4le des incendies (en option) Syst\u00e8me int\u00e9gr\u00e9 de contr\u00f4le des incendies, syst\u00e8me de garantie 7*24 et s\u00e9curit\u00e9 des installations<\/p>\n<p>+ Convient \u00e0 toutes les marques d'onduleurs ou d'autres appareils \u00e0 onduleur<\/p>\n<p>+ Centre de donn\u00e9es<\/p>\n<p>+ FInstitutions financi\u00e8res<\/p>\n<p>+ Rail Transit<\/p>\n<p>+ Stockage d'\u00e9nergie hybride \u00e9olien-solaire<\/p>\n<p>+ Alimentation de secours dans les zones d\u00e9pourvues d'\u00e9lectricit\u00e9<\/p>\n<p>&nbsp;<\/p>","protected":false},"excerpt":{"rendered":"<p>Introduction du produit Les s\u00e9ries NC\/TC sont des produits d\u00e9velopp\u00e9s ind\u00e9pendamment par notre soci\u00e9t\u00e9 qui conviennent \u00e0 tous les types d'ASI. Ils utilisent des cellules LFP \u00e0 haut d\u00e9bit et un syst\u00e8me BMS d\u00e9velopp\u00e9 par nos soins, un syst\u00e8me de t\u00e9l\u00e9gestion int\u00e9gr\u00e9 et un module de protection contre l'incendie intelligent, une grande fiabilit\u00e9, une bonne stabilit\u00e9, une longue dur\u00e9e de vie et d'excellentes performances en mati\u00e8re de s\u00e9curit\u00e9. Le produit est caract\u00e9ris\u00e9 par un co\u00fbt \u00e9lev\u00e9, [...]<\/p>","protected":false},"featured_media":20338,"comment_status":"open","ping_status":"closed","template":"","meta":[],"product_brand":[],"product_cat":[62],"product_tag":[],"class_list":{"0":"post-20333","1":"product","2":"type-product","3":"status-publish","4":"has-post-thumbnail","6":"product_cat-lithium","8":"first","9":"instock","10":"shipping-taxable","11":"product-type-simple"},"_links":{"self":[{"href":"https:\/\/www.eulerdatasafe.com\/fr\/wp-json\/wp\/v2\/product\/20333","targetHints":{"allow":["GET"]}}],"collection":[{"href":"https:\/\/www.eulerdatasafe.com\/fr\/wp-json\/wp\/v2\/product"}],"about":[{"href":"https:\/\/www.eulerdatasafe.com\/fr\/wp-json\/wp\/v2\/types\/product"}],"replies":[{"embeddable":true,"href":"https:\/\/www.eulerdatasafe.com\/fr\/wp-json\/wp\/v2\/comments?post=20333"}],"wp:featuredmedia":[{"embeddable":true,"href":"https:\/\/www.eulerdatasafe.com\/fr\/wp-json\/wp\/v2\/media\/20338"}],"wp:attachment":[{"href":"https:\/\/www.eulerdatasafe.com\/fr\/wp-json\/wp\/v2\/media?parent=20333"}],"wp:term":[{"taxonomy":"product_brand","embeddable":true,"href":"https:\/\/www.eulerdatasafe.com\/fr\/wp-json\/wp\/v2\/product_brand?post=20333"},{"taxonomy":"product_cat","embeddable":true,"href":"https:\/\/www.eulerdatasafe.com\/fr\/wp-json\/wp\/v2\/product_cat?post=20333"},{"taxonomy":"product_tag","embeddable":true,"href":"https:\/\/www.eulerdatasafe.com\/fr\/wp-json\/wp\/v2\/product_tag?post=20333"}],"curies":[{"name":"wp","href":"https:\/\/api.w.org\/{rel}","templated":true}]}}