{"id":20728,"date":"2025-04-13T10:18:12","date_gmt":"2025-04-13T02:18:12","guid":{"rendered":"https:\/\/www.eulerdatasafe.com\/?post_type=product&#038;p=20728"},"modified":"2025-04-14T09:34:59","modified_gmt":"2025-04-14T01:34:59","slug":"hybrid-gel-dc12-300mg","status":"publish","type":"product","link":"https:\/\/www.eulerdatasafe.com\/fr\/product\/gel-hybride-dc12-300mg\/","title":{"rendered":"GEL hybride -DC12-300MG"},"content":{"rendered":"<h4>Batterie GEL \u00e0 haute temp\u00e9rature et \u00e0 longue dur\u00e9e de vie<\/h4>\n<p>La s\u00e9rie GEL hybride est une batterie dont la dur\u00e9e de vie flottante est de 20 ans. Elle est id\u00e9ale pour les applications de veille ou de d\u00e9charge cyclique fr\u00e9quente dans des environnements extr\u00eames. Gr\u00e2ce \u00e0 l'utilisation de grilles solides, de plomb de haute puret\u00e9 et d'un \u00e9lectrolyte gel brevet\u00e9, la s\u00e9rie GEL hybride offre une excellente capacit\u00e9 de r\u00e9cup\u00e9ration apr\u00e8s une d\u00e9charge profonde dans le cadre d'une utilisation \u00e0 d\u00e9charge cyclique fr\u00e9quente, et peut fournir 2000 cycles \u00e0 50% DOD. Convient aux syst\u00e8mes solaires et \u00e9oliens, CATV, marine, v\u00e9hicules de plaisance, onduleurs \u00e0 d\u00e9charge profonde, t\u00e9l\u00e9communications, etc.<\/p>","protected":false},"excerpt":{"rendered":"<p>Batterie GEL haute temp\u00e9rature longue dur\u00e9e \u00e0 cycle profond La s\u00e9rie GEL hybride est une batterie dont la dur\u00e9e de vie flottante est de 20 ans. Elle est id\u00e9ale pour les applications de veille ou de d\u00e9charge cyclique fr\u00e9quente dans des environnements extr\u00eames. En utilisant des grilles solides, du plomb de haute puret\u00e9 et un \u00e9lectrolyte gel brevet\u00e9, la s\u00e9rie GEL hybride offre une excellente capacit\u00e9 de r\u00e9cup\u00e9ration apr\u00e8s une d\u00e9charge profonde sous [...]<\/p>","protected":false},"featured_media":20849,"comment_status":"open","ping_status":"closed","template":"","meta":[],"product_brand":[],"product_cat":[181],"product_tag":[],"class_list":{"0":"post-20728","1":"product","2":"type-product","3":"status-publish","4":"has-post-thumbnail","6":"product_cat-dc12-300mg","8":"first","9":"instock","10":"shipping-taxable","11":"product-type-simple"},"_links":{"self":[{"href":"https:\/\/www.eulerdatasafe.com\/fr\/wp-json\/wp\/v2\/product\/20728","targetHints":{"allow":["GET"]}}],"collection":[{"href":"https:\/\/www.eulerdatasafe.com\/fr\/wp-json\/wp\/v2\/product"}],"about":[{"href":"https:\/\/www.eulerdatasafe.com\/fr\/wp-json\/wp\/v2\/types\/product"}],"replies":[{"embeddable":true,"href":"https:\/\/www.eulerdatasafe.com\/fr\/wp-json\/wp\/v2\/comments?post=20728"}],"wp:featuredmedia":[{"embeddable":true,"href":"https:\/\/www.eulerdatasafe.com\/fr\/wp-json\/wp\/v2\/media\/20849"}],"wp:attachment":[{"href":"https:\/\/www.eulerdatasafe.com\/fr\/wp-json\/wp\/v2\/media?parent=20728"}],"wp:term":[{"taxonomy":"product_brand","embeddable":true,"href":"https:\/\/www.eulerdatasafe.com\/fr\/wp-json\/wp\/v2\/product_brand?post=20728"},{"taxonomy":"product_cat","embeddable":true,"href":"https:\/\/www.eulerdatasafe.com\/fr\/wp-json\/wp\/v2\/product_cat?post=20728"},{"taxonomy":"product_tag","embeddable":true,"href":"https:\/\/www.eulerdatasafe.com\/fr\/wp-json\/wp\/v2\/product_tag?post=20728"}],"curies":[{"name":"wp","href":"https:\/\/api.w.org\/{rel}","templated":true}]}}