{"id":21046,"date":"2025-05-17T20:54:00","date_gmt":"2025-05-17T12:54:00","guid":{"rendered":"https:\/\/www.eulerdatasafe.com\/?post_type=product&#038;p=21046"},"modified":"2025-05-17T22:08:54","modified_gmt":"2025-05-17T14:08:54","slug":"sodium-ion-for-speicalized-vehicles","status":"publish","type":"product","link":"https:\/\/www.eulerdatasafe.com\/fr\/product\/sodium-ion-for-speicalized-vehicles\/","title":{"rendered":"Sodium-ion pour les v\u00e9hicules sp\u00e9cialis\u00e9s"},"content":{"rendered":"<p><a href=\"https:\/\/www.gotopess.com\/wp-content\/uploads\/2025\/05\/Sodium-ion-for-speicalized-Vehicles.jpg\"><img fetchpriority=\"high\" decoding=\"async\" class=\"alignnone wp-image-21047 size-full\" src=\"https:\/\/www.gotopess.com\/wp-content\/uploads\/2025\/05\/Sodium-ion-for-speicalized-Vehicles-e1747490928764.jpg\" alt=\"\" width=\"1398\" height=\"825\" srcset=\"https:\/\/www.eulerdatasafe.com\/wp-content\/uploads\/2025\/05\/Sodium-ion-for-speicalized-Vehicles-e1747490928764.jpg 1398w, https:\/\/www.eulerdatasafe.com\/wp-content\/uploads\/2025\/05\/Sodium-ion-for-speicalized-Vehicles-e1747490928764-300x177.jpg 300w, https:\/\/www.eulerdatasafe.com\/wp-content\/uploads\/2025\/05\/Sodium-ion-for-speicalized-Vehicles-e1747490928764-1024x604.jpg 1024w, https:\/\/www.eulerdatasafe.com\/wp-content\/uploads\/2025\/05\/Sodium-ion-for-speicalized-Vehicles-e1747490928764-768x453.jpg 768w, https:\/\/www.eulerdatasafe.com\/wp-content\/uploads\/2025\/05\/Sodium-ion-for-speicalized-Vehicles-e1747490928764-18x12.jpg 18w, https:\/\/www.eulerdatasafe.com\/wp-content\/uploads\/2025\/05\/Sodium-ion-for-speicalized-Vehicles-e1747490928764-600x354.jpg 600w\" sizes=\"(max-width: 1398px) 100vw, 1398px\" \/><\/a><\/p>","protected":false},"excerpt":{"rendered":"","protected":false},"featured_media":21039,"comment_status":"open","ping_status":"closed","template":"","meta":[],"product_brand":[],"product_cat":[185,187,61],"product_tag":[],"class_list":{"0":"post-21046","1":"product","2":"type-product","3":"status-publish","4":"has-post-thumbnail","6":"product_cat-sodium-ion","7":"product_cat-specialized-vehcles-sodium-ion-battery","8":"product_cat-battery","10":"first","11":"instock","12":"shipping-taxable","13":"product-type-simple"},"_links":{"self":[{"href":"https:\/\/www.eulerdatasafe.com\/fr\/wp-json\/wp\/v2\/product\/21046","targetHints":{"allow":["GET"]}}],"collection":[{"href":"https:\/\/www.eulerdatasafe.com\/fr\/wp-json\/wp\/v2\/product"}],"about":[{"href":"https:\/\/www.eulerdatasafe.com\/fr\/wp-json\/wp\/v2\/types\/product"}],"replies":[{"embeddable":true,"href":"https:\/\/www.eulerdatasafe.com\/fr\/wp-json\/wp\/v2\/comments?post=21046"}],"wp:featuredmedia":[{"embeddable":true,"href":"https:\/\/www.eulerdatasafe.com\/fr\/wp-json\/wp\/v2\/media\/21039"}],"wp:attachment":[{"href":"https:\/\/www.eulerdatasafe.com\/fr\/wp-json\/wp\/v2\/media?parent=21046"}],"wp:term":[{"taxonomy":"product_brand","embeddable":true,"href":"https:\/\/www.eulerdatasafe.com\/fr\/wp-json\/wp\/v2\/product_brand?post=21046"},{"taxonomy":"product_cat","embeddable":true,"href":"https:\/\/www.eulerdatasafe.com\/fr\/wp-json\/wp\/v2\/product_cat?post=21046"},{"taxonomy":"product_tag","embeddable":true,"href":"https:\/\/www.eulerdatasafe.com\/fr\/wp-json\/wp\/v2\/product_tag?post=21046"}],"curies":[{"name":"wp","href":"https:\/\/api.w.org\/{rel}","templated":true}]}}