{"id":10885,"date":"2022-04-09T15:05:04","date_gmt":"2022-04-09T15:05:04","guid":{"rendered":"https:\/\/pricom.harutheme.com\/team\/?page_id=10885"},"modified":"2025-06-30T18:32:54","modified_gmt":"2025-06-30T10:32:54","slug":"contact-us","status":"publish","type":"page","link":"https:\/\/www.eulerdatasafe.com\/pt\/contactar-nos\/","title":{"rendered":"Contactar-nos"},"content":{"rendered":"<div data-elementor-type=\"wp-page\" data-elementor-id=\"10885\" class=\"elementor elementor-10885\">\n\t\t\t\t<div class=\"elementor-element elementor-element-a5d835d e-flex e-con-boxed e-con e-parent\" data-id=\"a5d835d\" data-element_type=\"container\" data-e-type=\"container\">\n\t\t\t\t\t<div class=\"e-con-inner\">\n\t\t<div class=\"elementor-element elementor-element-7c14d05 e-con-full e-flex e-con e-child\" data-id=\"7c14d05\" data-element_type=\"container\" data-e-type=\"container\">\n\t\t\t\t<div class=\"elementor-element elementor-element-c51f1c4 elementor-widget elementor-widget-haru-heading\" data-id=\"c51f1c4\" data-element_type=\"widget\" data-e-type=\"widget\" data-widget_type=\"haru-heading.default\">\n\t\t\t\t<div class=\"elementor-widget-container\">\n\t\t\t\t\t<h2 class=\"haru-heading-title haru-heading-title--heading-5\">Torne-se nosso revendedor<\/h2>\t\t\t\t<\/div>\n\t\t\t\t<\/div>\n\t\t\t\t<div class=\"elementor-element elementor-element-e3724bf elementor-widget elementor-widget-haru-heading\" data-id=\"e3724bf\" data-element_type=\"widget\" data-e-type=\"widget\" data-widget_type=\"haru-heading.default\">\n\t\t\t\t<div class=\"elementor-widget-container\">\n\t\t\t\t\t<h2 class=\"haru-heading-title haru-heading-title--description-2\">Quer vender produtos GT Power no seu pa\u00eds?  \u00c9 muito bem-vindo a juntar-se \u00e0 nossa rede global de distribuidores.  \u00c9 muito bem-vindo para nos contactar a qualquer momento!<\/h2>\t\t\t\t<\/div>\n\t\t\t\t<\/div>\n\t\t<div class=\"elementor-element elementor-element-749049d e-flex e-con-boxed e-con e-child\" data-id=\"749049d\" data-element_type=\"container\" data-e-type=\"container\">\n\t\t\t\t\t<div class=\"e-con-inner\">\n\t\t<div class=\"elementor-element elementor-element-cb439c8 e-con-full e-flex e-con e-child\" data-id=\"cb439c8\" data-element_type=\"container\" data-e-type=\"container\">\n\t\t\t\t<div class=\"elementor-element elementor-element-4f1f67f elementor-widget elementor-widget-haru-contact\" data-id=\"4f1f67f\" data-element_type=\"widget\" data-e-type=\"widget\" data-widget_type=\"haru-contact.default\">\n\t\t\t\t<div class=\"elementor-widget-container\">\n\t\t\t\t\t\n        \t\t        \t<div class=\"haru-contact haru-contact--style-5\">\n\t        \t\t\n\n\t<ul>\n\t\t\t\t\t<li>\n\t\t\t\t<div class=\"haru-contact__icon\"><i aria-hidden=\"true\" class=\"fas fa-star\"><\/i><\/div>\n\t\t\t\t<div class=\"haru-contact__content\">\n\t\t\t\t\t<h6 class=\"haru-contact__title\">Endere\u00e7o<\/h6>\n\t\t\t\t\t<div class=\"haru-contact__desc\"><strong>Escrit\u00f3rio nos EUA:<\/strong>   207 Antler Dr San Antonio TX 78213, EUA <br\/>\n<strong>Gabinete de I&amp;D:<\/strong>  Edif\u00edcio Industrial Oeste, Shenzhen China<br\/><strong>Gabinete de Lima:<\/strong>  Calle 20 Mz X LT 17 Asoc Coopip. SMP. Lima<\/div>\n\t\t\t\t<\/div>\n\t\t\t<\/li>\n\t\t\t<\/ul>\n\t    \t\t<\/div>\n    \t\t\n    \t\t\t\t\t\t<\/div>\n\t\t\t\t<\/div>\n\t\t\t\t<\/div>\n\t\t<div class=\"elementor-element elementor-element-ac5c171 e-con-full e-flex e-con e-child\" data-id=\"ac5c171\" data-element_type=\"container\" data-e-type=\"container\">\n\t\t\t\t<div class=\"elementor-element elementor-element-e936e90 elementor-widget elementor-widget-haru-contact\" data-id=\"e936e90\" data-element_type=\"widget\" data-e-type=\"widget\" data-widget_type=\"haru-contact.default\">\n\t\t\t\t<div class=\"elementor-widget-container\">\n\t\t\t\t\t\n        \t\t        \t<div class=\"haru-contact haru-contact--style-5\">\n\t        \t\t\n\n\t<ul>\n\t\t\t\t\t<li>\n\t\t\t\t<div class=\"haru-contact__icon\"><i aria-hidden=\"true\" class=\"fas fa-star\"><\/i><\/div>\n\t\t\t\t<div class=\"haru-contact__content\">\n\t\t\t\t\t<h6 class=\"haru-contact__title\">Contacto<\/h6>\n\t\t\t\t\t<div class=\"haru-contact__desc\">+86-0755-23228634 (Asia)<br\/>\nSales@gotopess.com<br\/>\n<\/div>\n\t\t\t\t<\/div>\n\t\t\t<\/li>\n\t\t\t<\/ul>\n\t    \t\t<\/div>\n    \t\t\n    \t\t\t\t\t\t<\/div>\n\t\t\t\t<\/div>\n\t\t\t\t<\/div>\n\t\t\t\t\t<\/div>\n\t\t\t\t<\/div>\n\t\t\t\t<\/div>\n\t\t<div class=\"elementor-element elementor-element-8a0f78a e-con-full e-flex e-con e-child\" data-id=\"8a0f78a\" data-element_type=\"container\" data-e-type=\"container\">\n\t\t\t\t<div class=\"elementor-element elementor-element-2ab38e1 elementor-widget elementor-widget-haru-heading\" data-id=\"2ab38e1\" data-element_type=\"widget\" data-e-type=\"widget\" data-widget_type=\"haru-heading.default\">\n\t\t\t\t<div class=\"elementor-widget-container\">\n\t\t\t\t\t<h2 class=\"haru-heading-title haru-heading-title--heading-5\">Enviar uma mensagem<\/h2>\t\t\t\t<\/div>\n\t\t\t\t<\/div>\n\t\t\t\t<div class=\"elementor-element elementor-element-3b16562 elementor-widget elementor-widget-shortcode\" data-id=\"3b16562\" data-element_type=\"widget\" data-e-type=\"widget\" data-widget_type=\"shortcode.default\">\n\t\t\t\t\t\t\t<div class=\"elementor-shortcode\">\n<div class=\"wpcf7 no-js\" id=\"wpcf7-f6153-o1\" lang=\"en-US\" dir=\"ltr\" data-wpcf7-id=\"6153\">\n<div class=\"screen-reader-response\"><p role=\"status\" aria-live=\"polite\" aria-atomic=\"true\"><\/p> <ul><\/ul><\/div>\n<form action=\"\/wp-json\/wp\/v2\/pages\/10885\" method=\"post\" class=\"wpcf7-form init\" aria-label=\"Contact form\" novalidate=\"novalidate\" data-status=\"init\" data-trp-original-action=\"\/pt\/wp-json\/wp\/v2\/pages\/10885#wpcf7-f6153-o1\">\n<fieldset class=\"hidden-fields-container\"><input type=\"hidden\" name=\"_wpcf7\" value=\"6153\" \/><input type=\"hidden\" name=\"_wpcf7_version\" value=\"6.1.5\" \/><input type=\"hidden\" name=\"_wpcf7_locale\" value=\"en_US\" \/><input type=\"hidden\" name=\"_wpcf7_unit_tag\" value=\"wpcf7-f6153-o1\" \/><input type=\"hidden\" name=\"_wpcf7_container_post\" value=\"0\" \/><input type=\"hidden\" name=\"_wpcf7_posted_data_hash\" value=\"\" \/>\n<\/fieldset>\n<div class=\"contact-form\">\n\n<div class=\"contact-form__row contact-form__row--cols-2\">\n    <div class=\"contact-form__col\">\n        <div class=\"contact-form__input\"><span class=\"wpcf7-form-control-wrap\" data-name=\"first-name\"><input size=\"40\" maxlength=\"400\" class=\"wpcf7-form-control wpcf7-text wpcf7-validates-as-required\" aria-required=\"true\" aria-invalid=\"false\" placeholder=\"Nome pr\u00f3prio\" value=\"\" type=\"text\" name=\"first-name\" \/><\/span><\/div>\n    <\/div>\n    <div class=\"contact-form__col\">\n        <div class=\"contact-form__input\"><span class=\"wpcf7-form-control-wrap\" data-name=\"last-name\"><input size=\"40\" maxlength=\"400\" class=\"wpcf7-form-control wpcf7-text wpcf7-validates-as-required\" aria-required=\"true\" aria-invalid=\"false\" placeholder=\"Apelido\" value=\"\" type=\"text\" name=\"last-name\" \/><\/span><\/div>\n    <\/div>\n<\/div>\n\n<div class=\"contact-form__row\">\n    <div class=\"contact-form__input\"><span class=\"wpcf7-form-control-wrap\" data-name=\"subject\"><input size=\"40\" maxlength=\"400\" class=\"wpcf7-form-control wpcf7-text wpcf7-validates-as-required\" aria-required=\"true\" aria-invalid=\"false\" placeholder=\"Assunto\" value=\"\" type=\"text\" name=\"subject\" \/><\/span><\/div>\n<\/div>\n\n<div class=\"contact-form__row\">\n    <div class=\"contact-form__input contact-form__message\"><span class=\"wpcf7-form-control-wrap\" data-name=\"message\"><textarea cols=\"40\" rows=\"10\" maxlength=\"2000\" class=\"wpcf7-form-control wpcf7-textarea wpcf7-validates-as-required\" aria-required=\"true\" aria-invalid=\"false\" placeholder=\"Mensagem\" name=\"message\"><\/textarea><\/span><\/div>\n<\/div>\n\n<div class=\"contact-form__row contact-form__row--submit\">\n    <div class=\"contact-form__submit contact-form__submit--center\">\n    <input class=\"wpcf7-form-control wpcf7-submit has-spinner\" type=\"submit\" value=\"Enviar\" \/>\n    <\/div>\n<\/div>\n\n<\/div><div class=\"wpcf7-response-output\" aria-hidden=\"true\"><\/div>\n<input type=\"hidden\" name=\"trp-form-language\" value=\"pt\"\/><\/form>\n<\/div>\n<\/div>\n\t\t\t\t\t\t<\/div>\n\t\t\t\t<\/div>\n\t\t\t\t\t<\/div>\n\t\t\t\t<\/div>\n\t\t<div class=\"elementor-element elementor-element-082b6cd e-flex e-con-boxed e-con e-parent\" data-id=\"082b6cd\" data-element_type=\"container\" data-e-type=\"container\">\n\t\t\t\t\t<div class=\"e-con-inner\">\n\t\t\t\t<div class=\"elementor-element elementor-element-637a31a elementor-widget elementor-widget-haru-google-maps\" data-id=\"637a31a\" data-element_type=\"widget\" data-e-type=\"widget\" data-widget_type=\"haru-google-maps.default\">\n\t\t\t\t<div class=\"elementor-widget-container\">\n\t\t\t\t\t\n                            <div class=\"haru-google-maps haru-google-maps--style-2\">\n                                        <div class=\"haru-custom-embed\">\n                        <iframe src=\"https:\/\/maps.google.com\/maps?q=207%20Antler%20Dr%20San%20Antonio%20TX%2078213%2CUSA&amp;t=m&amp;z=16&amp;output=embed&amp;iwloc=near\" title=\"%3$s\" aria-label=\"%3$s\"><\/iframe>\n                    <\/div>\n                <\/div>\n            \n            \t\t\t\t<\/div>\n\t\t\t\t<\/div>\n\t\t\t\t\t<\/div>\n\t\t\t\t<\/div>\n\t\t\t\t<\/div>","protected":false},"excerpt":{"rendered":"<p>Become Our Dealer Want to sell GT Power products in your country? You are warmly welcomed to join our global distributor network. You are warmly welcomed to contact us anytime! Address US office: 207 Antler Dr San Antonio TX 78213, USA R&#038;D office: West Industrial Building, Shenzhen ChinaLima Office: Calle 20 Mz X LT 17 [&hellip;]<\/p>","protected":false},"author":1,"featured_media":0,"parent":0,"menu_order":0,"comment_status":"closed","ping_status":"closed","template":"","meta":{"footnotes":""},"class_list":["post-10885","page","type-page","status-publish","hentry"],"_links":{"self":[{"href":"https:\/\/www.eulerdatasafe.com\/pt\/wp-json\/wp\/v2\/pages\/10885","targetHints":{"allow":["GET"]}}],"collection":[{"href":"https:\/\/www.eulerdatasafe.com\/pt\/wp-json\/wp\/v2\/pages"}],"about":[{"href":"https:\/\/www.eulerdatasafe.com\/pt\/wp-json\/wp\/v2\/types\/page"}],"author":[{"embeddable":true,"href":"https:\/\/www.eulerdatasafe.com\/pt\/wp-json\/wp\/v2\/users\/1"}],"replies":[{"embeddable":true,"href":"https:\/\/www.eulerdatasafe.com\/pt\/wp-json\/wp\/v2\/comments?post=10885"}],"version-history":[{"count":0,"href":"https:\/\/www.eulerdatasafe.com\/pt\/wp-json\/wp\/v2\/pages\/10885\/revisions"}],"wp:attachment":[{"href":"https:\/\/www.eulerdatasafe.com\/pt\/wp-json\/wp\/v2\/media?parent=10885"}],"curies":[{"name":"wp","href":"https:\/\/api.w.org\/{rel}","templated":true}]}}