{"id":11,"date":"2024-11-08T12:50:41","date_gmt":"2024-11-08T04:50:41","guid":{"rendered":"https:\/\/www.eulerdatasafe.com\/cart\/"},"modified":"2024-11-15T20:11:37","modified_gmt":"2024-11-15T12:11:37","slug":"cart","status":"publish","type":"page","link":"https:\/\/www.eulerdatasafe.com\/pt\/cart\/","title":{"rendered":"Carrinho"},"content":{"rendered":"<div data-block-name=\"woocommerce\/cart\" class=\"wp-block-woocommerce-cart alignwide is-loading\">\n<div data-block-name=\"woocommerce\/filled-cart-block\" class=\"wp-block-woocommerce-filled-cart-block\">\n<div data-block-name=\"woocommerce\/cart-items-block\" class=\"wp-block-woocommerce-cart-items-block\">\n<div data-block-name=\"woocommerce\/cart-line-items-block\" class=\"wp-block-woocommerce-cart-line-items-block\"><\/div>\n\n\n\n<div data-block-name=\"woocommerce\/cart-cross-sells-block\" class=\"wp-block-woocommerce-cart-cross-sells-block\">\n<h2 class=\"wp-block-heading has-large-font-size\">You may be interested in\u2026<\/h2>\n\n\n\n<div data-block-name=\"woocommerce\/cart-cross-sells-products-block\" class=\"wp-block-woocommerce-cart-cross-sells-products-block\"><\/div>\n<\/div>\n<\/div>\n\n\n\n<div data-block-name=\"woocommerce\/cart-totals-block\" class=\"wp-block-woocommerce-cart-totals-block\">\n<div data-block-name=\"woocommerce\/cart-order-summary-block\" class=\"wp-block-woocommerce-cart-order-summary-block\">\n<div data-block-name=\"woocommerce\/cart-order-summary-heading-block\" class=\"wp-block-woocommerce-cart-order-summary-heading-block\"><\/div><div data-block-name=\"woocommerce\/cart-order-summary-coupon-form-block\" class=\"wp-block-woocommerce-cart-order-summary-coupon-form-block\"><\/div><div data-block-name=\"woocommerce\/cart-order-summary-totals-block\" class=\"wp-block-woocommerce-cart-order-summary-totals-block\">\n<div data-block-name=\"woocommerce\/cart-order-summary-subtotal-block\" class=\"wp-block-woocommerce-cart-order-summary-subtotal-block\"><\/div>\n<div data-block-name=\"woocommerce\/cart-order-summary-discount-block\" class=\"wp-block-woocommerce-cart-order-summary-discount-block\"><\/div>\n<div data-block-name=\"woocommerce\/cart-order-summary-fee-block\" class=\"wp-block-woocommerce-cart-order-summary-fee-block\"><\/div>\n<div data-block-name=\"woocommerce\/cart-order-summary-shipping-block\" class=\"wp-block-woocommerce-cart-order-summary-shipping-block\"><\/div>\n<div data-block-name=\"woocommerce\/cart-order-summary-taxes-block\" class=\"wp-block-woocommerce-cart-order-summary-taxes-block\"><\/div><\/div>\n<\/div>\n\n\n\n<div data-block-name=\"woocommerce\/cart-express-payment-block\" class=\"wp-block-woocommerce-cart-express-payment-block\"><\/div>\n\n\n\n<div data-block-name=\"woocommerce\/proceed-to-checkout-block\" class=\"wp-block-woocommerce-proceed-to-checkout-block\"><\/div>\n\n\n\n<div data-block-name=\"woocommerce\/cart-accepted-payment-methods-block\" class=\"wp-block-woocommerce-cart-accepted-payment-methods-block\"><\/div>\n<\/div>\n<\/div>\n\n\n\n<div data-block-name=\"woocommerce\/empty-cart-block\" class=\"wp-block-woocommerce-empty-cart-block\">\n<h2 class=\"wp-block-heading has-text-align-center with-empty-cart-icon wc-block-cart__empty-cart__title\">Your cart is currently empty!<\/h2>\n\n\n\n<hr class=\"wp-block-separator has-alpha-channel-opacity is-style-dots\"\/>\n\n\n\n<h2 class=\"wp-block-heading has-text-align-center\">New in store<\/h2>\n\n\n<div data-block-name=\"woocommerce\/product-new\" data-columns=\"4\" data-rows=\"1\" class=\"wc-block-grid wp-block-product-new wp-block-woocommerce-product-new wc-block-product-new has-4-columns\"><ul class=\"wc-block-grid__products\"><li class=\"wc-block-grid__product\">\n\t\t\t\t<a href=\"https:\/\/www.eulerdatasafe.com\/pt\/product\/automotive-starter-sodium-ion-battery\/\" class=\"wc-block-grid__product-link\">\n\t\t\t\t\t\n\t\t\t\t\t<div class=\"wc-block-grid__product-image\"><img fetchpriority=\"high\" decoding=\"async\" width=\"300\" height=\"300\" src=\"https:\/\/www.eulerdatasafe.com\/wp-content\/uploads\/2025\/05\/p6-300x300.jpg\" class=\"attachment-woocommerce_thumbnail size-woocommerce_thumbnail\" alt=\"Bateria de i\u00f5es de s\u00f3dio para arranque de autom\u00f3veis\" srcset=\"https:\/\/www.eulerdatasafe.com\/wp-content\/uploads\/2025\/05\/p6-300x300.jpg 300w, https:\/\/www.eulerdatasafe.com\/wp-content\/uploads\/2025\/05\/p6-150x150.jpg 150w, https:\/\/www.eulerdatasafe.com\/wp-content\/uploads\/2025\/05\/p6-768x768.jpg 768w, https:\/\/www.eulerdatasafe.com\/wp-content\/uploads\/2025\/05\/p6-12x12.jpg 12w, https:\/\/www.eulerdatasafe.com\/wp-content\/uploads\/2025\/05\/p6-600x600.jpg 600w, https:\/\/www.eulerdatasafe.com\/wp-content\/uploads\/2025\/05\/p6.jpg 1000w\" sizes=\"(max-width: 300px) 100vw, 300px\" \/><\/div>\n\t\t\t\t\t<div class=\"wc-block-grid__product-title\">Bateria de i\u00f5es de s\u00f3dio para arranque de autom\u00f3veis<\/div>\n\t\t\t\t<\/a>\n\t\t\t\t<div class=\"wc-block-grid__product-price price\"><\/div>\n\t\t\t\t\n\t\t\t\t<div class=\"wp-block-button wc-block-grid__product-add-to-cart\"><a href=\"https:\/\/www.eulerdatasafe.com\/pt\/product\/automotive-starter-sodium-ion-battery\/\" aria-label=\"Ler mais sobre &quot;Automotive Starter Sodium-ion Battery&quot;\" data-quantity=\"1\" data-product_id=\"21049\" data-product_sku=\"\" data-price=\"0\" rel=\"nofollow\" class=\"wp-block-button__link  add_to_cart_button\" data-no-translation=\"\" data-trp-gettext=\"\" data-no-translation-aria-label=\"\">Ler mais<\/a><\/div>\n\t\t\t<\/li><li class=\"wc-block-grid__product\">\n\t\t\t\t<a href=\"https:\/\/www.eulerdatasafe.com\/pt\/product\/sodium-ion-for-speicalized-vehicles\/\" class=\"wc-block-grid__product-link\">\n\t\t\t\t\t\n\t\t\t\t\t<div class=\"wc-block-grid__product-image\"><img decoding=\"async\" width=\"300\" height=\"300\" src=\"https:\/\/www.eulerdatasafe.com\/wp-content\/uploads\/2025\/05\/p5-300x300.jpg\" class=\"attachment-woocommerce_thumbnail size-woocommerce_thumbnail\" alt=\"I\u00f5es de s\u00f3dio para ve\u00edculos r\u00e1pidos\" srcset=\"https:\/\/www.eulerdatasafe.com\/wp-content\/uploads\/2025\/05\/p5-300x300.jpg 300w, https:\/\/www.eulerdatasafe.com\/wp-content\/uploads\/2025\/05\/p5-150x150.jpg 150w, https:\/\/www.eulerdatasafe.com\/wp-content\/uploads\/2025\/05\/p5-768x768.jpg 768w, https:\/\/www.eulerdatasafe.com\/wp-content\/uploads\/2025\/05\/p5-12x12.jpg 12w, https:\/\/www.eulerdatasafe.com\/wp-content\/uploads\/2025\/05\/p5-600x600.jpg 600w, https:\/\/www.eulerdatasafe.com\/wp-content\/uploads\/2025\/05\/p5.jpg 1000w\" sizes=\"(max-width: 300px) 100vw, 300px\" \/><\/div>\n\t\t\t\t\t<div class=\"wc-block-grid__product-title\">I\u00f5es de s\u00f3dio para ve\u00edculos r\u00e1pidos<\/div>\n\t\t\t\t<\/a>\n\t\t\t\t<div class=\"wc-block-grid__product-price price\"><\/div>\n\t\t\t\t\n\t\t\t\t<div class=\"wp-block-button wc-block-grid__product-add-to-cart\"><a href=\"https:\/\/www.eulerdatasafe.com\/pt\/product\/sodium-ion-for-speicalized-vehicles\/\" aria-label=\"Ler mais sobre &quot;Sodium-ion for Speicalized Vehicles&quot;\" data-quantity=\"1\" data-product_id=\"21046\" data-product_sku=\"\" data-price=\"0\" rel=\"nofollow\" class=\"wp-block-button__link  add_to_cart_button\" data-no-translation=\"\" data-trp-gettext=\"\" data-no-translation-aria-label=\"\">Ler mais<\/a><\/div>\n\t\t\t<\/li><li class=\"wc-block-grid__product\">\n\t\t\t\t<a href=\"https:\/\/www.eulerdatasafe.com\/pt\/product\/sistemas-de-baterias-de-ioes-de-sodio-na-industria-das-telecomunicacoes\/\" class=\"wc-block-grid__product-link\">\n\t\t\t\t\t\n\t\t\t\t\t<div class=\"wc-block-grid__product-image\"><img decoding=\"async\" width=\"300\" height=\"300\" src=\"https:\/\/www.eulerdatasafe.com\/wp-content\/uploads\/2025\/05\/p4-300x300.jpg\" class=\"attachment-woocommerce_thumbnail size-woocommerce_thumbnail\" alt=\"Sistemas de baterias de i\u00f5es de s\u00f3dio no sector das telecomunica\u00e7\u00f5es\" srcset=\"https:\/\/www.eulerdatasafe.com\/wp-content\/uploads\/2025\/05\/p4-300x300.jpg 300w, https:\/\/www.eulerdatasafe.com\/wp-content\/uploads\/2025\/05\/p4-150x150.jpg 150w, https:\/\/www.eulerdatasafe.com\/wp-content\/uploads\/2025\/05\/p4-768x768.jpg 768w, https:\/\/www.eulerdatasafe.com\/wp-content\/uploads\/2025\/05\/p4-12x12.jpg 12w, https:\/\/www.eulerdatasafe.com\/wp-content\/uploads\/2025\/05\/p4-600x600.jpg 600w, https:\/\/www.eulerdatasafe.com\/wp-content\/uploads\/2025\/05\/p4.jpg 1000w\" sizes=\"(max-width: 300px) 100vw, 300px\" \/><\/div>\n\t\t\t\t\t<div class=\"wc-block-grid__product-title\">Sistemas de baterias de i\u00f5es de s\u00f3dio no sector das telecomunica\u00e7\u00f5es<\/div>\n\t\t\t\t<\/a>\n\t\t\t\t<div class=\"wc-block-grid__product-price price\"><\/div>\n\t\t\t\t\n\t\t\t\t<div class=\"wp-block-button wc-block-grid__product-add-to-cart\"><a href=\"https:\/\/www.eulerdatasafe.com\/pt\/product\/sistemas-de-baterias-de-ioes-de-sodio-na-industria-das-telecomunicacoes\/\" aria-label=\"Ler mais sobre &quot;Sodium-ion battery systems in the telecommunications industry&quot;\" data-quantity=\"1\" data-product_id=\"21037\" data-product_sku=\"\" data-price=\"0\" rel=\"nofollow\" class=\"wp-block-button__link  add_to_cart_button\" data-no-translation=\"\" data-trp-gettext=\"\" data-no-translation-aria-label=\"\">Ler mais<\/a><\/div>\n\t\t\t<\/li><li class=\"wc-block-grid__product\">\n\t\t\t\t<a href=\"https:\/\/www.eulerdatasafe.com\/pt\/product\/baterias-de-ioes-de-sodio-para-veiculos-industriais-especiais\/\" class=\"wc-block-grid__product-link\">\n\t\t\t\t\t\n\t\t\t\t\t<div class=\"wc-block-grid__product-image\"><img loading=\"lazy\" decoding=\"async\" width=\"300\" height=\"300\" src=\"https:\/\/www.eulerdatasafe.com\/wp-content\/uploads\/2025\/05\/p7-300x300.jpg\" class=\"attachment-woocommerce_thumbnail size-woocommerce_thumbnail\" alt=\"C\u00e9lula de i\u00f5es de s\u00f3dio Na+50Ah Na+160Ah\" srcset=\"https:\/\/www.eulerdatasafe.com\/wp-content\/uploads\/2025\/05\/p7-300x300.jpg 300w, https:\/\/www.eulerdatasafe.com\/wp-content\/uploads\/2025\/05\/p7-150x150.jpg 150w, https:\/\/www.eulerdatasafe.com\/wp-content\/uploads\/2025\/05\/p7-768x768.jpg 768w, https:\/\/www.eulerdatasafe.com\/wp-content\/uploads\/2025\/05\/p7-12x12.jpg 12w, https:\/\/www.eulerdatasafe.com\/wp-content\/uploads\/2025\/05\/p7-600x600.jpg 600w, https:\/\/www.eulerdatasafe.com\/wp-content\/uploads\/2025\/05\/p7.jpg 1000w\" sizes=\"(max-width: 300px) 100vw, 300px\" \/><\/div>\n\t\t\t\t\t<div class=\"wc-block-grid__product-title\">C\u00e9lula de i\u00f5es de s\u00f3dio Na+50Ah Na+160Ah<\/div>\n\t\t\t\t<\/a>\n\t\t\t\t<div class=\"wc-block-grid__product-price price\"><\/div>\n\t\t\t\t\n\t\t\t\t<div class=\"wp-block-button wc-block-grid__product-add-to-cart\"><a href=\"https:\/\/www.eulerdatasafe.com\/pt\/product\/baterias-de-ioes-de-sodio-para-veiculos-industriais-especiais\/\" aria-label=\"Ler mais sobre &quot;Sodium-ion cell Na+50Ah  Na+160Ah&quot;\" data-quantity=\"1\" data-product_id=\"21034\" data-product_sku=\"\" data-price=\"0\" rel=\"nofollow\" class=\"wp-block-button__link  add_to_cart_button\" data-no-translation=\"\" data-trp-gettext=\"\" data-no-translation-aria-label=\"\">Ler mais<\/a><\/div>\n\t\t\t<\/li><\/ul><\/div><\/div>\n<\/div>","protected":false},"excerpt":{"rendered":"","protected":false},"author":1,"featured_media":0,"parent":0,"menu_order":0,"comment_status":"closed","ping_status":"closed","template":"","meta":{"footnotes":""},"class_list":["post-11","page","type-page","status-publish","hentry"],"_links":{"self":[{"href":"https:\/\/www.eulerdatasafe.com\/pt\/wp-json\/wp\/v2\/pages\/11","targetHints":{"allow":["GET"]}}],"collection":[{"href":"https:\/\/www.eulerdatasafe.com\/pt\/wp-json\/wp\/v2\/pages"}],"about":[{"href":"https:\/\/www.eulerdatasafe.com\/pt\/wp-json\/wp\/v2\/types\/page"}],"author":[{"embeddable":true,"href":"https:\/\/www.eulerdatasafe.com\/pt\/wp-json\/wp\/v2\/users\/1"}],"replies":[{"embeddable":true,"href":"https:\/\/www.eulerdatasafe.com\/pt\/wp-json\/wp\/v2\/comments?post=11"}],"version-history":[{"count":0,"href":"https:\/\/www.eulerdatasafe.com\/pt\/wp-json\/wp\/v2\/pages\/11\/revisions"}],"wp:attachment":[{"href":"https:\/\/www.eulerdatasafe.com\/pt\/wp-json\/wp\/v2\/media?parent=11"}],"curies":[{"name":"wp","href":"https:\/\/api.w.org\/{rel}","templated":true}]}}