{"id":15651,"date":"2022-11-14T04:36:19","date_gmt":"2022-11-14T04:36:19","guid":{"rendered":"https:\/\/pricom.harutheme.com\/team\/?page_id=15651"},"modified":"2024-11-08T20:34:35","modified_gmt":"2024-11-08T12:34:35","slug":"faqs","status":"publish","type":"page","link":"https:\/\/www.eulerdatasafe.com\/pt\/perguntas-frequentes\/","title":{"rendered":"FAQs"},"content":{"rendered":"<div data-elementor-type=\"wp-page\" data-elementor-id=\"15651\" class=\"elementor elementor-15651\">\n\t\t\t\t<div class=\"elementor-element elementor-element-51a53ea section-bg-gradient-brown e-flex e-con-boxed e-con e-parent\" data-id=\"51a53ea\" data-element_type=\"container\" data-e-type=\"container\">\n\t\t\t\t\t<div class=\"e-con-inner\">\n\t\t<div class=\"elementor-element elementor-element-5e0fab3 e-con-full e-flex e-con e-child\" data-id=\"5e0fab3\" data-element_type=\"container\" data-e-type=\"container\">\n\t\t\t\t<div class=\"elementor-element elementor-element-a076902 elementor-widget elementor-widget-haru-heading\" data-id=\"a076902\" data-element_type=\"widget\" data-e-type=\"widget\" data-widget_type=\"haru-heading.default\">\n\t\t\t\t<div class=\"elementor-widget-container\">\n\t\t\t\t\t<h2 class=\"haru-heading-title haru-heading-title--sub-heading-1\">GRUPO GT POWER<\/h2>\t\t\t\t<\/div>\n\t\t\t\t<\/div>\n\t\t\t\t<div class=\"elementor-element elementor-element-e8610bc elementor-widget elementor-widget-haru-heading\" data-id=\"e8610bc\" data-element_type=\"widget\" data-e-type=\"widget\" data-widget_type=\"haru-heading.default\">\n\t\t\t\t<div class=\"elementor-widget-container\">\n\t\t\t\t\t<h2 class=\"haru-heading-title haru-heading-title--heading-1\">Perguntas mais frequentes<\/h2>\t\t\t\t<\/div>\n\t\t\t\t<\/div>\n\t\t\t\t<\/div>\n\t\t\t\t\t<\/div>\n\t\t\t\t<\/div>\n\t\t<div class=\"elementor-element elementor-element-46f0cac section-bg-gradient-brown e-flex e-con-boxed e-con e-parent\" data-id=\"46f0cac\" data-element_type=\"container\" data-e-type=\"container\">\n\t\t\t\t\t<div class=\"e-con-inner\">\n\t\t<div class=\"elementor-element elementor-element-22e73dc e-flex e-con-boxed e-con e-child\" data-id=\"22e73dc\" data-element_type=\"container\" data-e-type=\"container\">\n\t\t\t\t\t<div class=\"e-con-inner\">\n\t\t<div class=\"elementor-element elementor-element-b939bdb e-con-full section-shadow section-bg-rounded section-faqs e-flex e-con e-child\" data-id=\"b939bdb\" data-element_type=\"container\" data-e-type=\"container\">\n\t\t<div class=\"elementor-element elementor-element-52db959 e-con-full e-flex e-con e-child\" data-id=\"52db959\" data-element_type=\"container\" data-e-type=\"container\">\n\t\t\t\t<div class=\"elementor-element elementor-element-7ef8a63 elementor-widget elementor-widget-image\" data-id=\"7ef8a63\" data-element_type=\"widget\" data-e-type=\"widget\" data-widget_type=\"image.default\">\n\t\t\t\t\t\t\t\t\t\t\t\t\t\t\t<img fetchpriority=\"high\" decoding=\"async\" width=\"800\" height=\"1007\" src=\"https:\/\/www.eulerdatasafe.com\/wp-content\/uploads\/2024\/11\/Lithium-battery-factory-7-2.jpg\" class=\"attachment-large size-large wp-image-19916\" alt=\"\" srcset=\"https:\/\/www.eulerdatasafe.com\/wp-content\/uploads\/2024\/11\/Lithium-battery-factory-7-2.jpg 800w, https:\/\/www.eulerdatasafe.com\/wp-content\/uploads\/2024\/11\/Lithium-battery-factory-7-2-238x300.jpg 238w, https:\/\/www.eulerdatasafe.com\/wp-content\/uploads\/2024\/11\/Lithium-battery-factory-7-2-768x967.jpg 768w, https:\/\/www.eulerdatasafe.com\/wp-content\/uploads\/2024\/11\/Lithium-battery-factory-7-2-600x755.jpg 600w\" sizes=\"(max-width: 800px) 100vw, 800px\" \/>\t\t\t\t\t\t\t\t\t\t\t\t\t\t\t<\/div>\n\t\t\t\t<\/div>\n\t\t<div class=\"elementor-element elementor-element-adb9ceb e-con-full testimonial-home-9 e-flex e-con e-child\" data-id=\"adb9ceb\" data-element_type=\"container\" data-e-type=\"container\">\n\t\t\t\t<div class=\"elementor-element elementor-element-a9db754 elementor-widget elementor-widget-haru-accordion\" data-id=\"a9db754\" data-element_type=\"widget\" data-e-type=\"widget\" data-widget_type=\"haru-accordion.default\">\n\t\t\t\t<div class=\"elementor-widget-container\">\n\t\t\t\t\t\n                          <!--   <div class=\"haru-accordion haru-accordion--style-4\" role=\"tablist\">\n                                    <\/div> -->\n                <div class=\"haru-accordion haru-accordion--style-4\" role=\"tablist\">\n                                            <div class=\"haru-accordion-item\">\n                            <div id=\"haru-tab-title-1781\" class=\"haru-tab-title active\" data-tab=\"1\" role=\"tab\" aria-controls=\"haru-tab-content-1781\">\n                                                                    <span class=\"haru-accordion-icon haru-accordion-icon-right\" aria-hidden=\"true\">\n                                                                            <span class=\"haru-accordion-icon-closed\"><i class=\"phosphor phosphor-plus\"><\/i><\/span>\n                                        <span class=\"haru-accordion-icon-opened\"><i class=\"phosphor phosphor-minus\"><\/i><\/span>\n                                                                        <\/span>\n                                                                <a class=\"haru-accordion-title\" href=\"\">Quais s\u00e3o os requisitos do local para a instala\u00e7\u00e3o de centrais de armazenamento de energia?<\/a>\n                            <\/div>\n                            <div id=\"haru-tab-content-1781\" class=\"haru-tab-content haru-clearfix active\" data-tab=\"1\" aria-labelledby=\"haru-tab-title-1781\"><p>O local est\u00e1 situado ao ar livre e n\u00e3o existe qualquer armaz\u00e9m de produtos qu\u00edmicos perigosos num raio de 20 metros.<br \/>O mais pr\u00f3ximo poss\u00edvel da sala de distribui\u00e7\u00e3o de energia, a dist\u00e2ncia da sala de distribui\u00e7\u00e3o de energia n\u00e3o deve exceder 100 metros.<\/p><\/div>\n                        <\/div>\n                                            <div class=\"haru-accordion-item\">\n                            <div id=\"haru-tab-title-1782\" class=\"haru-tab-title\" data-tab=\"2\" role=\"tab\" aria-controls=\"haru-tab-content-1782\">\n                                                                    <span class=\"haru-accordion-icon haru-accordion-icon-right\" aria-hidden=\"true\">\n                                                                            <span class=\"haru-accordion-icon-closed\"><i class=\"phosphor phosphor-plus\"><\/i><\/span>\n                                        <span class=\"haru-accordion-icon-opened\"><i class=\"phosphor phosphor-minus\"><\/i><\/span>\n                                                                        <\/span>\n                                                                <a class=\"haru-accordion-title\" href=\"\">A instala\u00e7\u00e3o da central de armazenamento de energia requer a assist\u00eancia do propriet\u00e1rio?<\/a>\n                            <\/div>\n                            <div id=\"haru-tab-content-1782\" class=\"haru-tab-content haru-clearfix\" data-tab=\"2\" aria-labelledby=\"haru-tab-title-1782\"><p>A instala\u00e7\u00e3o de centrais de armazenamento de energia tem de ser registada no s\u00edtio Web do gabinete local de desenvolvimento e reforma, sendo este procedimento da responsabilidade do operador de integra\u00e7\u00e3o, bastando que o propriet\u00e1rio coopere no fornecimento de informa\u00e7\u00f5es.<\/p><\/div>\n                        <\/div>\n                                            <div class=\"haru-accordion-item\">\n                            <div id=\"haru-tab-title-1783\" class=\"haru-tab-title\" data-tab=\"3\" role=\"tab\" aria-controls=\"haru-tab-content-1783\">\n                                                                    <span class=\"haru-accordion-icon haru-accordion-icon-right\" aria-hidden=\"true\">\n                                                                            <span class=\"haru-accordion-icon-closed\"><i class=\"phosphor phosphor-plus\"><\/i><\/span>\n                                        <span class=\"haru-accordion-icon-opened\"><i class=\"phosphor phosphor-minus\"><\/i><\/span>\n                                                                        <\/span>\n                                                                <a class=\"haru-accordion-title\" href=\"\">Quanto tempo dura o ciclo de constru\u00e7\u00e3o da central de armazenamento de energia? Necessita de um corte de energia? Quanto tempo ser\u00e1?<\/a>\n                            <\/div>\n                            <div id=\"haru-tab-content-1783\" class=\"haru-tab-content haru-clearfix\" data-tab=\"3\" aria-labelledby=\"haru-tab-title-1783\"><p>Depois de conclu\u00eddas as formalidades, o per\u00edodo de constru\u00e7\u00e3o formal \u00e9 de cerca de 1-1,5 meses; para a instala\u00e7\u00e3o de arm\u00e1rios ligados \u00e0 rede, \u00e9 necess\u00e1ria uma interrup\u00e7\u00e3o de energia de curta dura\u00e7\u00e3o e o tempo mais curto de falha de energia \u00e9 de cerca de 2 horas.<\/p><\/div>\n                        <\/div>\n                                            <div class=\"haru-accordion-item\">\n                            <div id=\"haru-tab-title-1784\" class=\"haru-tab-title\" data-tab=\"4\" role=\"tab\" aria-controls=\"haru-tab-content-1784\">\n                                                                    <span class=\"haru-accordion-icon haru-accordion-icon-right\" aria-hidden=\"true\">\n                                                                            <span class=\"haru-accordion-icon-closed\"><i class=\"phosphor phosphor-plus\"><\/i><\/span>\n                                        <span class=\"haru-accordion-icon-opened\"><i class=\"phosphor phosphor-minus\"><\/i><\/span>\n                                                                        <\/span>\n                                                                <a class=\"haru-accordion-title\" href=\"\">Quem ser\u00e1 respons\u00e1vel pela opera\u00e7\u00e3o e manuten\u00e7\u00e3o ap\u00f3s a conclus\u00e3o da central de armazenamento de energia?<\/a>\n                            <\/div>\n                            <div id=\"haru-tab-content-1784\" class=\"haru-tab-content haru-clearfix\" data-tab=\"4\" aria-labelledby=\"haru-tab-title-1784\"><p>Para os clientes que optam por um operador integrado, este ser\u00e1 respons\u00e1vel pela opera\u00e7\u00e3o e manuten\u00e7\u00e3o da central de acumula\u00e7\u00e3o de energia ap\u00f3s a sua conclus\u00e3o e, em geral, dar\u00e1 uma forma\u00e7\u00e3o simples ao pessoal relevante do propriet\u00e1rio e fornecer\u00e1 planos de tratamento em circunst\u00e2ncias especiais.<\/p><\/div>\n                        <\/div>\n                                            <div class=\"haru-accordion-item\">\n                            <div id=\"haru-tab-title-1785\" class=\"haru-tab-title\" data-tab=\"5\" role=\"tab\" aria-controls=\"haru-tab-content-1785\">\n                                                                    <span class=\"haru-accordion-icon haru-accordion-icon-right\" aria-hidden=\"true\">\n                                                                            <span class=\"haru-accordion-icon-closed\"><i class=\"phosphor phosphor-plus\"><\/i><\/span>\n                                        <span class=\"haru-accordion-icon-opened\"><i class=\"phosphor phosphor-minus\"><\/i><\/span>\n                                                                        <\/span>\n                                                                <a class=\"haru-accordion-title\" href=\"\">A central de armazenamento de energia vai aumentar a fatura b\u00e1sica de eletricidade do propriet\u00e1rio?<\/a>\n                            <\/div>\n                            <div id=\"haru-tab-content-1785\" class=\"haru-tab-content haru-clearfix\" data-tab=\"5\" aria-labelledby=\"haru-tab-title-1785\"><p>N\u00e3o. Se cobrar por capacidade, a tarifa de base \u00e9 fixa. Se for um carregamento a pedido, tamb\u00e9m \u00e9 poss\u00edvel reduzir a fatura b\u00e1sica de eletricidade, porque a descarga do acumulador de energia suporta a carga, reduzindo a procura m\u00e1xima.<\/p><\/div>\n                        <\/div>\n                    \n                                    <\/div>\n            \n            \t\t\t\t<\/div>\n\t\t\t\t<\/div>\n\t\t\t\t<\/div>\n\t\t\t\t<\/div>\n\t\t\t\t\t<\/div>\n\t\t\t\t<\/div>\n\t\t\t\t<div class=\"elementor-element elementor-element-b2c2336 elementor-widget__width-initial elementor-absolute e-transform elementor-widget elementor-widget-haru-decor\" data-id=\"b2c2336\" data-element_type=\"widget\" data-e-type=\"widget\" data-settings=\"{&quot;_position&quot;:&quot;absolute&quot;,&quot;_transform_rotateZ_effect&quot;:{&quot;unit&quot;:&quot;px&quot;,&quot;size&quot;:100,&quot;sizes&quot;:[]},&quot;pre_style&quot;:&quot;style-1&quot;,&quot;_transform_rotateZ_effect_tablet&quot;:{&quot;unit&quot;:&quot;deg&quot;,&quot;size&quot;:&quot;&quot;,&quot;sizes&quot;:[]},&quot;_transform_rotateZ_effect_mobile&quot;:{&quot;unit&quot;:&quot;deg&quot;,&quot;size&quot;:&quot;&quot;,&quot;sizes&quot;:[]}}\" data-widget_type=\"haru-decor.default\">\n\t\t\t\t<div class=\"elementor-widget-container\">\n\t\t\t\t\t\n        \t\t        \t<div class=\"haru-decor haru-decor--style-1\">\n\t        \t\t\n<div class=\"haru-decor__content\">\n\t\t<div class=\"haru-decor__circle haru-decor__circle--gradient\" style=\"background: linear-gradient(203.02deg, #EEC2FDA6 18.73%, #EEC2FD00 98.41% );\">\n\t<\/div>\n\t\n    \n    \n    \n    \n    \n    \n    <\/div>\n\n\t    \t\t<\/div>\n    \t\t\n    \t\t\t\t\t\t<\/div>\n\t\t\t\t<\/div>\n\t\t\t\t<div class=\"elementor-element elementor-element-d633a79 elementor-widget__width-initial elementor-absolute e-transform elementor-widget elementor-widget-haru-decor\" data-id=\"d633a79\" data-element_type=\"widget\" data-e-type=\"widget\" data-settings=\"{&quot;_position&quot;:&quot;absolute&quot;,&quot;_transform_rotateZ_effect&quot;:{&quot;unit&quot;:&quot;px&quot;,&quot;size&quot;:100,&quot;sizes&quot;:[]},&quot;pre_style&quot;:&quot;style-1&quot;,&quot;_transform_rotateZ_effect_tablet&quot;:{&quot;unit&quot;:&quot;deg&quot;,&quot;size&quot;:&quot;&quot;,&quot;sizes&quot;:[]},&quot;_transform_rotateZ_effect_mobile&quot;:{&quot;unit&quot;:&quot;deg&quot;,&quot;size&quot;:&quot;&quot;,&quot;sizes&quot;:[]}}\" data-widget_type=\"haru-decor.default\">\n\t\t\t\t<div class=\"elementor-widget-container\">\n\t\t\t\t\t\n        \t\t        \t<div class=\"haru-decor haru-decor--style-1\">\n\t        \t\t\n<div class=\"haru-decor__content\">\n\t\t<div class=\"haru-decor__circle haru-decor__circle--gradient\" style=\"background: linear-gradient(203.02deg, #EEC2FDA6 18.73%, #EEC2FD00 98.41% );\">\n\t<\/div>\n\t\n    \n    \n    \n    \n    \n    \n    <\/div>\n\n\t    \t\t<\/div>\n    \t\t\n    \t\t\t\t\t\t<\/div>\n\t\t\t\t<\/div>\n\t\t\t\t\t<\/div>\n\t\t\t\t<\/div>\n\t\t\t\t<\/div>","protected":false},"excerpt":{"rendered":"<p>GT POWER GROUP Frequently asked questions What are the site requirements for installing energy storage power stations? The site is located outdoors and there is no hazardous chemical warehouse within 20 meters.As close as possible to the power distribution room, the distance from the power distribution room should not exceed 100 meters. Does the installation [&hellip;]<\/p>","protected":false},"author":1,"featured_media":0,"parent":0,"menu_order":0,"comment_status":"closed","ping_status":"closed","template":"","meta":{"footnotes":""},"class_list":["post-15651","page","type-page","status-publish","hentry"],"_links":{"self":[{"href":"https:\/\/www.eulerdatasafe.com\/pt\/wp-json\/wp\/v2\/pages\/15651","targetHints":{"allow":["GET"]}}],"collection":[{"href":"https:\/\/www.eulerdatasafe.com\/pt\/wp-json\/wp\/v2\/pages"}],"about":[{"href":"https:\/\/www.eulerdatasafe.com\/pt\/wp-json\/wp\/v2\/types\/page"}],"author":[{"embeddable":true,"href":"https:\/\/www.eulerdatasafe.com\/pt\/wp-json\/wp\/v2\/users\/1"}],"replies":[{"embeddable":true,"href":"https:\/\/www.eulerdatasafe.com\/pt\/wp-json\/wp\/v2\/comments?post=15651"}],"version-history":[{"count":0,"href":"https:\/\/www.eulerdatasafe.com\/pt\/wp-json\/wp\/v2\/pages\/15651\/revisions"}],"wp:attachment":[{"href":"https:\/\/www.eulerdatasafe.com\/pt\/wp-json\/wp\/v2\/media?parent=15651"}],"curies":[{"name":"wp","href":"https:\/\/api.w.org\/{rel}","templated":true}]}}