{"id":20214,"date":"2024-11-15T21:12:30","date_gmt":"2024-11-15T13:12:30","guid":{"rendered":"https:\/\/www.eulerdatasafe.com\/?post_type=product&#038;p=20214"},"modified":"2025-04-13T12:10:00","modified_gmt":"2025-04-13T04:10:00","slug":"containerized-solution-ess","status":"publish","type":"product","link":"https:\/\/www.eulerdatasafe.com\/pt\/product\/solucao-em-contentor-ess\/","title":{"rendered":"Solu\u00e7\u00e3o em contentor ESS"},"content":{"rendered":"","protected":false},"excerpt":{"rendered":"<h3>Sistema de armazenamento de energia 6KW | 5120Wh~25600Wh | PV 245V | MPPT 80A<\/h3>\n<p>A solu\u00e7\u00e3o ESS do sistema de armazenamento de energia HBP3300 PTLV, que inclui um inversor solar de 6KW 48vdc e um armazenamento de bateria de l\u00edtio com op\u00e7\u00e3o de energia de 5kwh-25kwh. \u00c9 um sistema de servi\u00e7o \u00fanico que pode gerir o seu sistema de armazenamento de bateria solar dom\u00e9stico de forma mais conveniente. O sistema modular flex\u00edvel pode ser concebido com base no consumo di\u00e1rio da casa.<\/p>\n<p>A solu\u00e7\u00e3o energ\u00e9tica de emerg\u00eancia perfeita para moradias, apartamentos, hot\u00e9is, centros comerciais.<\/p>","protected":false},"featured_media":20216,"comment_status":"open","ping_status":"closed","template":"","meta":[],"product_brand":[],"product_cat":[81],"product_tag":[],"class_list":{"0":"post-20214","1":"product","2":"type-product","3":"status-publish","4":"has-post-thumbnail","6":"product_cat-containerized-solution-ess","8":"first","9":"instock","10":"shipping-taxable","11":"product-type-simple"},"_links":{"self":[{"href":"https:\/\/www.eulerdatasafe.com\/pt\/wp-json\/wp\/v2\/product\/20214","targetHints":{"allow":["GET"]}}],"collection":[{"href":"https:\/\/www.eulerdatasafe.com\/pt\/wp-json\/wp\/v2\/product"}],"about":[{"href":"https:\/\/www.eulerdatasafe.com\/pt\/wp-json\/wp\/v2\/types\/product"}],"replies":[{"embeddable":true,"href":"https:\/\/www.eulerdatasafe.com\/pt\/wp-json\/wp\/v2\/comments?post=20214"}],"wp:featuredmedia":[{"embeddable":true,"href":"https:\/\/www.eulerdatasafe.com\/pt\/wp-json\/wp\/v2\/media\/20216"}],"wp:attachment":[{"href":"https:\/\/www.eulerdatasafe.com\/pt\/wp-json\/wp\/v2\/media?parent=20214"}],"wp:term":[{"taxonomy":"product_brand","embeddable":true,"href":"https:\/\/www.eulerdatasafe.com\/pt\/wp-json\/wp\/v2\/product_brand?post=20214"},{"taxonomy":"product_cat","embeddable":true,"href":"https:\/\/www.eulerdatasafe.com\/pt\/wp-json\/wp\/v2\/product_cat?post=20214"},{"taxonomy":"product_tag","embeddable":true,"href":"https:\/\/www.eulerdatasafe.com\/pt\/wp-json\/wp\/v2\/product_tag?post=20214"}],"curies":[{"name":"wp","href":"https:\/\/api.w.org\/{rel}","templated":true}]}}