{"id":20246,"date":"2024-11-16T18:59:02","date_gmt":"2024-11-16T10:59:02","guid":{"rendered":"https:\/\/www.eulerdatasafe.com\/?post_type=product&#038;p=20246"},"modified":"2025-04-26T19:33:06","modified_gmt":"2025-04-26T11:33:06","slug":"energy-storage-inverter-8600va-11000va-gd-series","status":"publish","type":"product","link":"https:\/\/www.eulerdatasafe.com\/pt\/product\/inversor-de-armazenamento-de-energia-8600va-11000va-serie-gd\/","title":{"rendered":"Inversor de armazenamento de energia 8600W-11000W"},"content":{"rendered":"<p>Inversor solar h\u00edbrido \/ Inversor de armazenamento de energia 8600VA \/ 11000VA |48VDC|220\/230\/240VAC|<a href=\"https:\/\/www.gotopess.com\/wp-content\/uploads\/2024\/11\/70.jpg\"><img fetchpriority=\"high\" decoding=\"async\" class=\"alignnone size-full wp-image-20993\" src=\"https:\/\/www.gotopess.com\/wp-content\/uploads\/2024\/11\/70.jpg\" alt=\"\" width=\"1580\" height=\"853\" srcset=\"https:\/\/www.eulerdatasafe.com\/wp-content\/uploads\/2024\/11\/70.jpg 1580w, https:\/\/www.eulerdatasafe.com\/wp-content\/uploads\/2024\/11\/70-300x162.jpg 300w, https:\/\/www.eulerdatasafe.com\/wp-content\/uploads\/2024\/11\/70-1024x553.jpg 1024w, https:\/\/www.eulerdatasafe.com\/wp-content\/uploads\/2024\/11\/70-768x415.jpg 768w, https:\/\/www.eulerdatasafe.com\/wp-content\/uploads\/2024\/11\/70-1536x829.jpg 1536w, https:\/\/www.eulerdatasafe.com\/wp-content\/uploads\/2024\/11\/70-18x10.jpg 18w, https:\/\/www.eulerdatasafe.com\/wp-content\/uploads\/2024\/11\/70-600x324.jpg 600w\" sizes=\"(max-width: 1580px) 100vw, 1580px\" \/><\/a> <a href=\"https:\/\/www.gotopess.com\/wp-content\/uploads\/2024\/11\/71.jpg\"><img decoding=\"async\" class=\"alignnone size-full wp-image-20994\" src=\"https:\/\/www.gotopess.com\/wp-content\/uploads\/2024\/11\/71.jpg\" alt=\"\" width=\"1550\" height=\"1824\" srcset=\"https:\/\/www.eulerdatasafe.com\/wp-content\/uploads\/2024\/11\/71.jpg 1550w, https:\/\/www.eulerdatasafe.com\/wp-content\/uploads\/2024\/11\/71-255x300.jpg 255w, https:\/\/www.eulerdatasafe.com\/wp-content\/uploads\/2024\/11\/71-870x1024.jpg 870w, https:\/\/www.eulerdatasafe.com\/wp-content\/uploads\/2024\/11\/71-768x904.jpg 768w, https:\/\/www.eulerdatasafe.com\/wp-content\/uploads\/2024\/11\/71-1305x1536.jpg 1305w, https:\/\/www.eulerdatasafe.com\/wp-content\/uploads\/2024\/11\/71-10x12.jpg 10w, https:\/\/www.eulerdatasafe.com\/wp-content\/uploads\/2024\/11\/71-600x706.jpg 600w\" sizes=\"(max-width: 1550px) 100vw, 1550px\" \/><\/a><\/p>\n<p>&nbsp;<\/p>\n<p>&nbsp;<\/p>","protected":false},"excerpt":{"rendered":"<ul>\n<li>Bateria de l\u00edtioFun\u00e7\u00e3o de rein\u00edcio autom\u00e1tico, mais conveniente para o carregamento da bateria de l\u00edtio<\/li>\n<li>Modo de fornecimento de energia inteligente, distribui\u00e7\u00e3o inteligente de ac\u00e7\u00f5es de energia do painel solar\/m\u00e3e\/bateria<\/li>\n<li>Tens\u00e3o de carregamento utilit\u00e1rio\/Tens\u00e3o de carregamento fotovoltaico ajust\u00e1vel, compat\u00edvel com diferentes requisitos de carregamento de baterias<\/li>\n<li>Corpo fino, instala\u00e7\u00e3o e transporte convenientes<\/li>\n<li>BateriaProtec\u00e7\u00e3o de liga\u00e7\u00e3o inversa com interrutor de fus\u00edvel, instala\u00e7\u00e3o mais segura<\/li>\n<li>PF1.0, alta efici\u00eancia, baixo consumo, conserva\u00e7\u00e3o de energia\/prote\u00e7\u00e3o ambiental\/poupan\u00e7a de eletricidade\/poupan\u00e7a de custos<\/li>\n<li>Apoiar o funcionamento sem bateria: Reduzir o custo do sistema solar<\/li>\n<li>Fun\u00e7\u00e3o paralela at\u00e9 um m\u00e1ximo de 9 unidades: Ampliar mais cargas<\/li>\n<li>Alta precis\u00e3o da tens\u00e3o de sa\u00edda,+5%, cuida dos seus aparelhos<\/li>\n<li>Op\u00e7\u00e3o de comunica\u00e7\u00e3o: ExternalwlFl, Supervis\u00e3o em qualquer altura<\/li>\n<li>Fun\u00e7\u00e3o BMS para bateria de l\u00edtio<\/li>\n<\/ul>","protected":false},"featured_media":20245,"comment_status":"open","ping_status":"closed","template":"","meta":[],"product_brand":[],"product_cat":[76],"product_tag":[133,129,131,124,125,126,123,130,132,128,118,117,134,127],"class_list":{"0":"post-20246","1":"product","2":"type-product","3":"status-publish","4":"has-post-thumbnail","6":"product_cat-hybrid-solar-inverter","7":"product_tag-11000va","8":"product_tag-11000w","9":"product_tag-11kw","10":"product_tag-220vac","11":"product_tag-230vac","12":"product_tag-240vac","13":"product_tag-48v","14":"product_tag-8-6kw","15":"product_tag-8600va","16":"product_tag-8600w","17":"product_tag-energy-storage-inverter","18":"product_tag-hybrid-solar-inverter","19":"product_tag-pure-sine-wave","20":"product_tag-solar-inverter","22":"first","23":"instock","24":"shipping-taxable","25":"product-type-simple"},"_links":{"self":[{"href":"https:\/\/www.eulerdatasafe.com\/pt\/wp-json\/wp\/v2\/product\/20246","targetHints":{"allow":["GET"]}}],"collection":[{"href":"https:\/\/www.eulerdatasafe.com\/pt\/wp-json\/wp\/v2\/product"}],"about":[{"href":"https:\/\/www.eulerdatasafe.com\/pt\/wp-json\/wp\/v2\/types\/product"}],"replies":[{"embeddable":true,"href":"https:\/\/www.eulerdatasafe.com\/pt\/wp-json\/wp\/v2\/comments?post=20246"}],"wp:featuredmedia":[{"embeddable":true,"href":"https:\/\/www.eulerdatasafe.com\/pt\/wp-json\/wp\/v2\/media\/20245"}],"wp:attachment":[{"href":"https:\/\/www.eulerdatasafe.com\/pt\/wp-json\/wp\/v2\/media?parent=20246"}],"wp:term":[{"taxonomy":"product_brand","embeddable":true,"href":"https:\/\/www.eulerdatasafe.com\/pt\/wp-json\/wp\/v2\/product_brand?post=20246"},{"taxonomy":"product_cat","embeddable":true,"href":"https:\/\/www.eulerdatasafe.com\/pt\/wp-json\/wp\/v2\/product_cat?post=20246"},{"taxonomy":"product_tag","embeddable":true,"href":"https:\/\/www.eulerdatasafe.com\/pt\/wp-json\/wp\/v2\/product_tag?post=20246"}],"curies":[{"name":"wp","href":"https:\/\/api.w.org\/{rel}","templated":true}]}}