{"id":20272,"date":"2024-11-17T19:19:42","date_gmt":"2024-11-17T11:19:42","guid":{"rendered":"https:\/\/www.eulerdatasafe.com\/?post_type=product&#038;p=20272"},"modified":"2025-04-26T01:23:23","modified_gmt":"2025-04-25T17:23:23","slug":"gel-tech","status":"publish","type":"product","link":"https:\/\/www.eulerdatasafe.com\/pt\/product\/tecnologia-de-gel\/","title":{"rendered":"GEL TECH"},"content":{"rendered":"<table width=\"855\">\n<tbody>\n<tr>\n<td width=\"855\">Gama de capacidades: 40Ah-3000Ah<\/td>\n<\/tr>\n<tr>\n<td width=\"855\">Classe de tens\u00e3o:2V\/6V\/12V<\/td>\n<\/tr>\n<tr>\n<td width=\"855\">Baixa taxa de auto-descarga: \u22642 % por m\u00eas<\/td>\n<\/tr>\n<tr>\n<td width=\"855\">Elevada efici\u00eancia de rea\u00e7\u00e3o selada: \u2265 98%<\/td>\n<\/tr>\n<tr>\n<td width=\"855\">Longa vida \u00fatil do projeto (25 \u2103): 15 anos para 6V\/12V , 20 anos para 2V<\/td>\n<\/tr>\n<tr>\n<td width=\"855\">Ampla temperatura de opera\u00e7\u00e3o: -40 \u2103 ~ 60 \u2103<\/td>\n<\/tr>\n<tr>\n<td width=\"855\"><\/td>\n<\/tr>\n<tr>\n<td width=\"855\">Grade: projeto de estrutura de grade prim\u00e1ria e secund\u00e1ria patenteado\uff1b<\/td>\n<\/tr>\n<tr>\n<td width=\"855\">Placa positiva: Tipo plano colado, t\u00e9cnicas de forma\u00e7\u00e3o de alta temperatura e humidade\uff1b<\/td>\n<\/tr>\n<tr>\n<td width=\"855\">Separador: separador de PE de alta porosidade com fibra de vidro, boas carater\u00edsticas c\u00edclicas e menor resist\u00eancia\uff1b<\/td>\n<\/tr>\n<tr>\n<td width=\"855\">Recipiente da bateria: ABS de alta resist\u00eancia (UL94-HB) e UL94-V0 \u00e9 opcional\uff1b<\/td>\n<\/tr>\n<tr>\n<td width=\"855\">P\u00f3s-selagem: p\u00f3s-selagem de dupla camada patenteada<\/td>\n<\/tr>\n<tr>\n<td width=\"855\">V\u00e1lvula de seguran\u00e7a: gama de press\u00e3o de funcionamento estreita e equipada com para-raios \u00e0 prova de explos\u00e3o e filtro de \u00e1cido.<\/td>\n<\/tr>\n<\/tbody>\n<\/table>\n<p>&nbsp;<\/p>\n<p><a href=\"https:\/\/www.gotopess.com\/wp-content\/uploads\/2024\/11\/41-1.jpg\"><img fetchpriority=\"high\" decoding=\"async\" class=\"alignnone size-full wp-image-20915\" src=\"https:\/\/www.gotopess.com\/wp-content\/uploads\/2024\/11\/41-1.jpg\" alt=\"\" width=\"1416\" height=\"1873\" srcset=\"https:\/\/www.eulerdatasafe.com\/wp-content\/uploads\/2024\/11\/41-1.jpg 1416w, https:\/\/www.eulerdatasafe.com\/wp-content\/uploads\/2024\/11\/41-1-227x300.jpg 227w, https:\/\/www.eulerdatasafe.com\/wp-content\/uploads\/2024\/11\/41-1-774x1024.jpg 774w, https:\/\/www.eulerdatasafe.com\/wp-content\/uploads\/2024\/11\/41-1-768x1016.jpg 768w, https:\/\/www.eulerdatasafe.com\/wp-content\/uploads\/2024\/11\/41-1-1161x1536.jpg 1161w, https:\/\/www.eulerdatasafe.com\/wp-content\/uploads\/2024\/11\/41-1-9x12.jpg 9w, https:\/\/www.eulerdatasafe.com\/wp-content\/uploads\/2024\/11\/41-1-600x794.jpg 600w\" sizes=\"(max-width: 1416px) 100vw, 1416px\" \/><\/a><\/p>","protected":false},"excerpt":{"rendered":"<table width=\"795\">\n<tbody>\n<tr>\n<td width=\"795\">A tecnologia de gel \u00e9 um tipo de bateria VRLA em que o eletr\u00f3lito l\u00edquido<\/td>\n<\/tr>\n<tr>\n<td>\u00e9 suspenso num agente gelificante de s\u00edlica pirog\u00e9nica, o que provoca a sua solidifica\u00e7\u00e3o parcial.<\/td>\n<\/tr>\n<tr>\n<td>O agente gelificante oferece uma resist\u00eancia superior a fugas e uma maior durabilidade com pouca manuten\u00e7\u00e3o e sem rega.<\/td>\n<\/tr>\n<\/tbody>\n<\/table>","protected":false},"featured_media":20822,"comment_status":"open","ping_status":"closed","template":"","meta":[],"product_brand":[],"product_cat":[72],"product_tag":[167,168,161,146,162,157,163,171,166,164,165,169,170],"class_list":{"0":"post-20272","1":"product","2":"type-product","3":"status-publish","4":"has-post-thumbnail","6":"product_cat-gel-tech","7":"product_tag-20-years-for-2v","8":"product_tag-40ah-3000ah","9":"product_tag-bess","10":"product_tag-deep-cycle","11":"product_tag-energy-storage-system","12":"product_tag-ess","13":"product_tag-gel-tech","14":"product_tag-high-temperature","15":"product_tag-long-design-life-25-15-years-for-6v-12v","16":"product_tag-maintain-free","17":"product_tag-operation-temperature-4060","18":"product_tag-solar-energy-storage-system","19":"product_tag-solar-street-light","21":"first","22":"instock","23":"shipping-taxable","24":"product-type-simple"},"_links":{"self":[{"href":"https:\/\/www.eulerdatasafe.com\/pt\/wp-json\/wp\/v2\/product\/20272","targetHints":{"allow":["GET"]}}],"collection":[{"href":"https:\/\/www.eulerdatasafe.com\/pt\/wp-json\/wp\/v2\/product"}],"about":[{"href":"https:\/\/www.eulerdatasafe.com\/pt\/wp-json\/wp\/v2\/types\/product"}],"replies":[{"embeddable":true,"href":"https:\/\/www.eulerdatasafe.com\/pt\/wp-json\/wp\/v2\/comments?post=20272"}],"wp:featuredmedia":[{"embeddable":true,"href":"https:\/\/www.eulerdatasafe.com\/pt\/wp-json\/wp\/v2\/media\/20822"}],"wp:attachment":[{"href":"https:\/\/www.eulerdatasafe.com\/pt\/wp-json\/wp\/v2\/media?parent=20272"}],"wp:term":[{"taxonomy":"product_brand","embeddable":true,"href":"https:\/\/www.eulerdatasafe.com\/pt\/wp-json\/wp\/v2\/product_brand?post=20272"},{"taxonomy":"product_cat","embeddable":true,"href":"https:\/\/www.eulerdatasafe.com\/pt\/wp-json\/wp\/v2\/product_cat?post=20272"},{"taxonomy":"product_tag","embeddable":true,"href":"https:\/\/www.eulerdatasafe.com\/pt\/wp-json\/wp\/v2\/product_tag?post=20272"}],"curies":[{"name":"wp","href":"https:\/\/api.w.org\/{rel}","templated":true}]}}