{"id":20281,"date":"2025-02-17T16:01:04","date_gmt":"2025-02-17T08:01:04","guid":{"rendered":"https:\/\/www.eulerdatasafe.com\/?post_type=product&#038;p=20281"},"modified":"2025-04-26T17:36:03","modified_gmt":"2025-04-26T09:36:03","slug":"5g-smart-battery","status":"publish","type":"product","link":"https:\/\/www.eulerdatasafe.com\/pt\/product\/bateria-inteligente-5g\/","title":{"rendered":"Bateria inteligente 5G"},"content":{"rendered":"<p><a href=\"https:\/\/www.eulerdatasafe.com\/wp-content\/uploads\/2025\/02\/1-220F4202H9149.jpg\"><img fetchpriority=\"high\" decoding=\"async\" class=\"alignnone size-full wp-image-20282\" src=\"https:\/\/www.eulerdatasafe.com\/wp-content\/uploads\/2025\/02\/1-220F4202H9149.jpg\" alt=\"\" width=\"1300\" height=\"467\" srcset=\"https:\/\/www.eulerdatasafe.com\/wp-content\/uploads\/2025\/02\/1-220F4202H9149.jpg 1300w, https:\/\/www.eulerdatasafe.com\/wp-content\/uploads\/2025\/02\/1-220F4202H9149-300x108.jpg 300w, https:\/\/www.eulerdatasafe.com\/wp-content\/uploads\/2025\/02\/1-220F4202H9149-1024x368.jpg 1024w, https:\/\/www.eulerdatasafe.com\/wp-content\/uploads\/2025\/02\/1-220F4202H9149-768x276.jpg 768w, https:\/\/www.eulerdatasafe.com\/wp-content\/uploads\/2025\/02\/1-220F4202H9149-600x216.jpg 600w\" sizes=\"(max-width: 1300px) 100vw, 1300px\" \/><\/a><\/p>\n<p>Produto 5G com conce\u00e7\u00e3o integrada de esta\u00e7\u00e3o de alimenta\u00e7\u00e3o distribu\u00edda para aplica\u00e7\u00f5es 5G com carater\u00edsticas de ambiente de energia de reserva de alta corrente a curto prazo.<\/p>\n<p>A instala\u00e7\u00e3o em postes ou na parede pode ser selecionada de forma flex\u00edvel de acordo com o ambiente do local, o que \u00e9 adequado para centros comerciais, esta\u00e7\u00f5es, aeroportos, parques de estacionamento,<\/p>\n<p><strong><b>Carater\u00edsticas do produto<\/b><\/strong><\/p>\n<p>+ O el\u00e9trodo positivo da bateria \u00e9 feito de material de fosfato de ferro e l\u00edtio (LiFePO4), com bom desempenho de seguran\u00e7a e ciclo de vida longo<\/p>\n<p>+ Compat\u00edvel com v\u00e1rios equipamentos de alimenta\u00e7\u00e3o de comunica\u00e7\u00f5es<\/p>\n<p>+ O BMS incorporado possui v\u00e1rias fun\u00e7\u00f5es de prote\u00e7\u00e3o e comunica\u00e7\u00e3o para garantir a fiabilidade do desempenho do conjunto de baterias<\/p>\n<p>e efetuar a monitoriza\u00e7\u00e3o em tempo real a longa dist\u00e2ncia dos dados da bateria<\/p>\n<p>+ Pequena resist\u00eancia interna da bateria, fun\u00e7\u00e3o de equil\u00edbrio interno do circuito de controlo da bateria de alta efici\u00eancia incorporado<\/p>\n<p>+ Ampla gama de temperaturas e elevada fiabilidade<\/p>\n<p>+ Suporta a utiliza\u00e7\u00e3o paralela de v\u00e1rios conjuntos de pilhas<\/p>\n<p>+ Sala de comunica\u00e7\u00f5es<\/p>\n<p>+ Esta\u00e7\u00e3o de base exterior<\/p>\n<p><a href=\"https:\/\/www.gotopess.com\/wp-content\/uploads\/2025\/02\/31.jpg\"><img decoding=\"async\" class=\"alignnone size-full wp-image-20974\" src=\"https:\/\/www.gotopess.com\/wp-content\/uploads\/2025\/02\/31.jpg\" alt=\"\" width=\"1586\" height=\"403\" srcset=\"https:\/\/www.eulerdatasafe.com\/wp-content\/uploads\/2025\/02\/31.jpg 1586w, https:\/\/www.eulerdatasafe.com\/wp-content\/uploads\/2025\/02\/31-300x76.jpg 300w, https:\/\/www.eulerdatasafe.com\/wp-content\/uploads\/2025\/02\/31-1024x260.jpg 1024w, https:\/\/www.eulerdatasafe.com\/wp-content\/uploads\/2025\/02\/31-768x195.jpg 768w, https:\/\/www.eulerdatasafe.com\/wp-content\/uploads\/2025\/02\/31-1536x390.jpg 1536w, https:\/\/www.eulerdatasafe.com\/wp-content\/uploads\/2025\/02\/31-18x5.jpg 18w, https:\/\/www.eulerdatasafe.com\/wp-content\/uploads\/2025\/02\/31-600x152.jpg 600w\" sizes=\"(max-width: 1586px) 100vw, 1586px\" \/><\/a><\/p>","protected":false},"excerpt":{"rendered":"<p>+ O el\u00e9trodo positivo da bateria \u00e9 feito de material de fosfato de ferro e l\u00edtio (LiFePO4), com bom desempenho de seguran\u00e7a e ciclo de vida longo<\/p>\n<p>+ Compat\u00edvel com v\u00e1rios equipamentos de alimenta\u00e7\u00e3o de comunica\u00e7\u00f5es<\/p>\n<p>+ O BMS incorporado possui v\u00e1rias fun\u00e7\u00f5es de prote\u00e7\u00e3o e comunica\u00e7\u00e3o para garantir a fiabilidade do desempenho do conjunto de baterias<\/p>\n<p>e efetuar a monitoriza\u00e7\u00e3o em tempo real a longa dist\u00e2ncia dos dados da bateria<\/p>\n<p>+ Pequena resist\u00eancia interna da bateria, fun\u00e7\u00e3o de equil\u00edbrio interno do circuito de controlo da bateria de alta efici\u00eancia incorporado<\/p>\n<p>+ Ampla gama de temperaturas e elevada fiabilidade<\/p>\n<p>+ Suporta a utiliza\u00e7\u00e3o paralela de v\u00e1rios conjuntos de pilhas<\/p>\n<p>+ Sala de comunica\u00e7\u00f5es<\/p>\n<p>+ Esta\u00e7\u00e3o de base exterior<\/p>","protected":false},"featured_media":20288,"comment_status":"open","ping_status":"closed","template":"","meta":[],"product_brand":[],"product_cat":[62,65],"product_tag":[],"class_list":{"0":"post-20281","1":"product","2":"type-product","3":"status-publish","4":"has-post-thumbnail","6":"product_cat-lithium","7":"product_cat-rack-mounted-48v-51-2v","9":"first","10":"instock","11":"shipping-taxable","12":"product-type-simple"},"_links":{"self":[{"href":"https:\/\/www.eulerdatasafe.com\/pt\/wp-json\/wp\/v2\/product\/20281","targetHints":{"allow":["GET"]}}],"collection":[{"href":"https:\/\/www.eulerdatasafe.com\/pt\/wp-json\/wp\/v2\/product"}],"about":[{"href":"https:\/\/www.eulerdatasafe.com\/pt\/wp-json\/wp\/v2\/types\/product"}],"replies":[{"embeddable":true,"href":"https:\/\/www.eulerdatasafe.com\/pt\/wp-json\/wp\/v2\/comments?post=20281"}],"wp:featuredmedia":[{"embeddable":true,"href":"https:\/\/www.eulerdatasafe.com\/pt\/wp-json\/wp\/v2\/media\/20288"}],"wp:attachment":[{"href":"https:\/\/www.eulerdatasafe.com\/pt\/wp-json\/wp\/v2\/media?parent=20281"}],"wp:term":[{"taxonomy":"product_brand","embeddable":true,"href":"https:\/\/www.eulerdatasafe.com\/pt\/wp-json\/wp\/v2\/product_brand?post=20281"},{"taxonomy":"product_cat","embeddable":true,"href":"https:\/\/www.eulerdatasafe.com\/pt\/wp-json\/wp\/v2\/product_cat?post=20281"},{"taxonomy":"product_tag","embeddable":true,"href":"https:\/\/www.eulerdatasafe.com\/pt\/wp-json\/wp\/v2\/product_tag?post=20281"}],"curies":[{"name":"wp","href":"https:\/\/api.w.org\/{rel}","templated":true}]}}