{"id":20289,"date":"2025-02-17T16:15:24","date_gmt":"2025-02-17T08:15:24","guid":{"rendered":"https:\/\/www.eulerdatasafe.com\/?post_type=product&#038;p=20289"},"modified":"2025-04-26T03:49:53","modified_gmt":"2025-04-25T19:49:53","slug":"12v-lfp","status":"publish","type":"product","link":"https:\/\/www.eulerdatasafe.com\/pt\/product\/12v-lfp\/","title":{"rendered":"12V LFP"},"content":{"rendered":"<p><strong><b>Apresenta\u00e7\u00e3o do produto<\/b><\/strong><\/p>\n<p>A s\u00e9rie LFP12V possui uma prote\u00e7\u00e3o de seguran\u00e7a de alto n\u00edvel para garantir a seguran\u00e7a e a fiabilidade do sistema durante todo o ciclo de vida;<\/p>\n<p>a conce\u00e7\u00e3o da estrutura de gest\u00e3o inteligente pode monitorizar com precis\u00e3o o estado de cada componente do sistema para garantir o desempenho est\u00e1vel do sistema<\/p>\n<p>e a seguran\u00e7a do consumo de eletricidade dos utilizadores.<\/p>\n<p>&nbsp;<\/p>\n<p><strong><b>Carater\u00edsticas do produto<\/b><\/strong><\/p>\n<p>+ Bateria de ferro-l\u00edtio incorporada, 70% mais leve do que a bateria de chumbo-\u00e1cido.<\/p>\n<p>+ Vida \u00fatil mais longa (6000 ciclos de carregamento, SLA \u00e9 500 vezes), fabricante direto,<\/p>\n<p>apoio t\u00e9cnico global.<\/p>\n<p>+ Baixa taxa de auto-descarga e sem efeito de mem\u00f3ria; conce\u00e7\u00e3o de seguran\u00e7a para evitar curto-circuitos,<\/p>\n<p>sobrecarga e descarga excessiva, sobreintensidade e sobreaquecimento.<\/p>\n<p><a href=\"https:\/\/www.gotopess.com\/wp-content\/uploads\/2025\/02\/66.jpg\"><img fetchpriority=\"high\" decoding=\"async\" class=\"alignnone size-full wp-image-20950\" src=\"https:\/\/www.gotopess.com\/wp-content\/uploads\/2025\/02\/66.jpg\" alt=\"\" width=\"1472\" height=\"1081\" srcset=\"https:\/\/www.eulerdatasafe.com\/wp-content\/uploads\/2025\/02\/66.jpg 1472w, https:\/\/www.eulerdatasafe.com\/wp-content\/uploads\/2025\/02\/66-300x220.jpg 300w, https:\/\/www.eulerdatasafe.com\/wp-content\/uploads\/2025\/02\/66-1024x752.jpg 1024w, https:\/\/www.eulerdatasafe.com\/wp-content\/uploads\/2025\/02\/66-768x564.jpg 768w, https:\/\/www.eulerdatasafe.com\/wp-content\/uploads\/2025\/02\/66-16x12.jpg 16w, https:\/\/www.eulerdatasafe.com\/wp-content\/uploads\/2025\/02\/66-600x441.jpg 600w\" sizes=\"(max-width: 1472px) 100vw, 1472px\" \/><\/a><\/p>","protected":false},"excerpt":{"rendered":"<p><strong><b>Carater\u00edsticas do produto<\/b><\/strong><\/p>\n<p>+ Bateria de ferro-l\u00edtio incorporada, 70% mais leve do que a bateria de chumbo-\u00e1cido.<\/p>\n<p>+ Vida \u00fatil mais longa (6000 ciclos de carregamento, SLA \u00e9 500 vezes), fabricante direto,<\/p>\n<p>apoio t\u00e9cnico global.<\/p>\n<p>+ Baixa taxa de auto-descarga e sem efeito de mem\u00f3ria; conce\u00e7\u00e3o de seguran\u00e7a para evitar curto-circuitos,<\/p>\n<p>sobrecarga e descarga excessiva, sobreintensidade e sobreaquecimento.<\/p>","protected":false},"featured_media":20357,"comment_status":"open","ping_status":"closed","template":"","meta":[],"product_brand":[],"product_cat":[62,64],"product_tag":[],"class_list":{"0":"post-20289","1":"product","2":"type-product","3":"status-publish","4":"has-post-thumbnail","6":"product_cat-lithium","7":"product_cat-lead-acid-replacement-12-8v-25-6v","9":"first","10":"instock","11":"shipping-taxable","12":"product-type-simple"},"_links":{"self":[{"href":"https:\/\/www.eulerdatasafe.com\/pt\/wp-json\/wp\/v2\/product\/20289","targetHints":{"allow":["GET"]}}],"collection":[{"href":"https:\/\/www.eulerdatasafe.com\/pt\/wp-json\/wp\/v2\/product"}],"about":[{"href":"https:\/\/www.eulerdatasafe.com\/pt\/wp-json\/wp\/v2\/types\/product"}],"replies":[{"embeddable":true,"href":"https:\/\/www.eulerdatasafe.com\/pt\/wp-json\/wp\/v2\/comments?post=20289"}],"wp:featuredmedia":[{"embeddable":true,"href":"https:\/\/www.eulerdatasafe.com\/pt\/wp-json\/wp\/v2\/media\/20357"}],"wp:attachment":[{"href":"https:\/\/www.eulerdatasafe.com\/pt\/wp-json\/wp\/v2\/media?parent=20289"}],"wp:term":[{"taxonomy":"product_brand","embeddable":true,"href":"https:\/\/www.eulerdatasafe.com\/pt\/wp-json\/wp\/v2\/product_brand?post=20289"},{"taxonomy":"product_cat","embeddable":true,"href":"https:\/\/www.eulerdatasafe.com\/pt\/wp-json\/wp\/v2\/product_cat?post=20289"},{"taxonomy":"product_tag","embeddable":true,"href":"https:\/\/www.eulerdatasafe.com\/pt\/wp-json\/wp\/v2\/product_tag?post=20289"}],"curies":[{"name":"wp","href":"https:\/\/api.w.org\/{rel}","templated":true}]}}