{"id":20296,"date":"2025-02-17T16:24:48","date_gmt":"2025-02-17T08:24:48","guid":{"rendered":"https:\/\/www.eulerdatasafe.com\/?post_type=product&#038;p=20296"},"modified":"2025-04-26T17:22:34","modified_gmt":"2025-04-26T09:22:34","slug":"24v-lfp","status":"publish","type":"product","link":"https:\/\/www.eulerdatasafe.com\/pt\/product\/24v-lfp\/","title":{"rendered":"24V LFP"},"content":{"rendered":"<p><a href=\"https:\/\/www.gotopess.com\/wp-content\/uploads\/2025\/02\/11.jpg\"><img fetchpriority=\"high\" decoding=\"async\" class=\"alignnone size-full wp-image-20972\" src=\"https:\/\/www.gotopess.com\/wp-content\/uploads\/2025\/02\/11.jpg\" alt=\"\" width=\"1741\" height=\"595\" srcset=\"https:\/\/www.eulerdatasafe.com\/wp-content\/uploads\/2025\/02\/11.jpg 1741w, https:\/\/www.eulerdatasafe.com\/wp-content\/uploads\/2025\/02\/11-300x103.jpg 300w, https:\/\/www.eulerdatasafe.com\/wp-content\/uploads\/2025\/02\/11-1024x350.jpg 1024w, https:\/\/www.eulerdatasafe.com\/wp-content\/uploads\/2025\/02\/11-768x262.jpg 768w, https:\/\/www.eulerdatasafe.com\/wp-content\/uploads\/2025\/02\/11-1536x525.jpg 1536w, https:\/\/www.eulerdatasafe.com\/wp-content\/uploads\/2025\/02\/11-18x6.jpg 18w, https:\/\/www.eulerdatasafe.com\/wp-content\/uploads\/2025\/02\/11-600x205.jpg 600w\" sizes=\"(max-width: 1741px) 100vw, 1741px\" \/><\/a><\/p>","protected":false},"excerpt":{"rendered":"<p>+ Desenvolvido independentemente pela nossa empresa, adequado para v\u00e1rios tipos de arranque el\u00e9trico<\/p>\n<p>+ Adotar c\u00e9lulas LFP de alta taxa e sistema BMS, integrar sistema de monitoriza\u00e7\u00e3o remota em tempo real e m\u00f3dulo de gest\u00e3o inteligente<\/p>\n<p><strong><b>Carater\u00edsticas do produto<\/b><\/strong><\/p>\n<p>+ desempenho de ciclo elevado<\/p>\n<p>+ elevada fiabilidade<\/p>\n<p>+ iniciar o sistema<\/p>\n<p>+ Utiliza\u00e7\u00e3o paralela sem restri\u00e7\u00f5es<\/p>\n<p>+ elevada consist\u00eancia<\/p>\n<p>&nbsp;<\/p>","protected":false},"featured_media":20356,"comment_status":"open","ping_status":"closed","template":"","meta":[],"product_brand":[],"product_cat":[62,64],"product_tag":[],"class_list":{"0":"post-20296","1":"product","2":"type-product","3":"status-publish","4":"has-post-thumbnail","6":"product_cat-lithium","7":"product_cat-lead-acid-replacement-12-8v-25-6v","9":"first","10":"instock","11":"shipping-taxable","12":"product-type-simple"},"_links":{"self":[{"href":"https:\/\/www.eulerdatasafe.com\/pt\/wp-json\/wp\/v2\/product\/20296","targetHints":{"allow":["GET"]}}],"collection":[{"href":"https:\/\/www.eulerdatasafe.com\/pt\/wp-json\/wp\/v2\/product"}],"about":[{"href":"https:\/\/www.eulerdatasafe.com\/pt\/wp-json\/wp\/v2\/types\/product"}],"replies":[{"embeddable":true,"href":"https:\/\/www.eulerdatasafe.com\/pt\/wp-json\/wp\/v2\/comments?post=20296"}],"wp:featuredmedia":[{"embeddable":true,"href":"https:\/\/www.eulerdatasafe.com\/pt\/wp-json\/wp\/v2\/media\/20356"}],"wp:attachment":[{"href":"https:\/\/www.eulerdatasafe.com\/pt\/wp-json\/wp\/v2\/media?parent=20296"}],"wp:term":[{"taxonomy":"product_brand","embeddable":true,"href":"https:\/\/www.eulerdatasafe.com\/pt\/wp-json\/wp\/v2\/product_brand?post=20296"},{"taxonomy":"product_cat","embeddable":true,"href":"https:\/\/www.eulerdatasafe.com\/pt\/wp-json\/wp\/v2\/product_cat?post=20296"},{"taxonomy":"product_tag","embeddable":true,"href":"https:\/\/www.eulerdatasafe.com\/pt\/wp-json\/wp\/v2\/product_tag?post=20296"}],"curies":[{"name":"wp","href":"https:\/\/api.w.org\/{rel}","templated":true}]}}