{"id":20299,"date":"2025-02-17T16:48:47","date_gmt":"2025-02-17T08:48:47","guid":{"rendered":"https:\/\/www.eulerdatasafe.com\/?post_type=product&#038;p=20299"},"modified":"2025-04-26T17:31:50","modified_gmt":"2025-04-26T09:31:50","slug":"48v-lfp","status":"publish","type":"product","link":"https:\/\/www.eulerdatasafe.com\/pt\/product\/48v-lfp\/","title":{"rendered":"48V LFP"},"content":{"rendered":"<p>Este \u00e9 um produto de alta tecnologia desenvolvido independentemente pela nossa empresa para aplica\u00e7\u00e3o em telecomunica\u00e7\u00f5es.<\/p>\n<p>Baseado no design do arm\u00e1rio standard de 19 polegadas, tem as carater\u00edsticas de f\u00e1cil instala\u00e7\u00e3o e manuten\u00e7\u00e3o.<\/p>\n<p>Vantagens not\u00e1veis no dom\u00ednio da fonte de alimenta\u00e7\u00e3o de reserva para comunica\u00e7\u00f5es, tais como elevada densidade energ\u00e9tica, dimens\u00f5es reduzidas e longa dura\u00e7\u00e3o,<\/p>\n<p>Adequado para ambiente de alta temperatura, carregamento e descarregamento r\u00e1pidos e design modular, etc.<\/p>\n<p>&nbsp;<\/p>\n<p><strong><b>Carater\u00edsticas do produto<\/b><\/strong><\/p>\n<p>+ O el\u00e9trodo positivo da bateria \u00e9 feito de material de fosfato de ferro e l\u00edtio (LiFePO4), com bom desempenho de seguran\u00e7a e ciclo de vida longo<\/p>\n<p>+ Compat\u00edvel com v\u00e1rios equipamentos de alimenta\u00e7\u00e3o de comunica\u00e7\u00f5es<\/p>\n<p>+ O BMS incorporado possui v\u00e1rias fun\u00e7\u00f5es de prote\u00e7\u00e3o e comunica\u00e7\u00e3o para garantir a fiabilidade do desempenho do conjunto de baterias<\/p>\n<p>e efetuar a monitoriza\u00e7\u00e3o em tempo real a longa dist\u00e2ncia dos dados da bateria<\/p>\n<p>+ Pequena resist\u00eancia interna da bateria, fun\u00e7\u00e3o de equil\u00edbrio interno do circuito de controlo da bateria de alta efici\u00eancia incorporado<\/p>\n<p>+ Ampla gama de temperaturas e elevada fiabilidade<\/p>\n<p>+ Suporta a utiliza\u00e7\u00e3o paralela de v\u00e1rios conjuntos de pilhas<\/p>\n<p>+ Sala de comunica\u00e7\u00f5es<\/p>\n<p>+ Esta\u00e7\u00e3o de base exterior<\/p>\n<p><a href=\"https:\/\/www.gotopess.com\/wp-content\/uploads\/2025\/02\/21.jpg\"><img fetchpriority=\"high\" decoding=\"async\" class=\"alignnone size-full wp-image-20973\" src=\"https:\/\/www.gotopess.com\/wp-content\/uploads\/2025\/02\/21.jpg\" alt=\"\" width=\"1817\" height=\"535\" srcset=\"https:\/\/www.eulerdatasafe.com\/wp-content\/uploads\/2025\/02\/21.jpg 1817w, https:\/\/www.eulerdatasafe.com\/wp-content\/uploads\/2025\/02\/21-300x88.jpg 300w, https:\/\/www.eulerdatasafe.com\/wp-content\/uploads\/2025\/02\/21-1024x302.jpg 1024w, https:\/\/www.eulerdatasafe.com\/wp-content\/uploads\/2025\/02\/21-768x226.jpg 768w, https:\/\/www.eulerdatasafe.com\/wp-content\/uploads\/2025\/02\/21-1536x452.jpg 1536w, https:\/\/www.eulerdatasafe.com\/wp-content\/uploads\/2025\/02\/21-18x5.jpg 18w, https:\/\/www.eulerdatasafe.com\/wp-content\/uploads\/2025\/02\/21-600x177.jpg 600w\" sizes=\"(max-width: 1817px) 100vw, 1817px\" \/><\/a><\/p>","protected":false},"excerpt":{"rendered":"<p>+ O el\u00e9trodo positivo da bateria \u00e9 feito de material de fosfato de ferro e l\u00edtio (LiFePO4), com bom desempenho de seguran\u00e7a e ciclo de vida longo<\/p>\n<p>+ Compat\u00edvel com v\u00e1rios equipamentos de alimenta\u00e7\u00e3o de comunica\u00e7\u00f5es<\/p>\n<p>+ O BMS incorporado possui v\u00e1rias fun\u00e7\u00f5es de prote\u00e7\u00e3o e comunica\u00e7\u00e3o para garantir a fiabilidade do desempenho do conjunto de baterias<\/p>\n<p>e efetuar a monitoriza\u00e7\u00e3o em tempo real a longa dist\u00e2ncia dos dados da bateria<\/p>\n<p>+ Pequena resist\u00eancia interna da bateria, fun\u00e7\u00e3o de equil\u00edbrio interno do circuito de controlo da bateria de alta efici\u00eancia incorporado<\/p>\n<p>+ Ampla gama de temperaturas e elevada fiabilidade<\/p>\n<p>+ Suporta a utiliza\u00e7\u00e3o paralela de v\u00e1rios conjuntos de pilhas<\/p>\n<p>+ Sala de comunica\u00e7\u00f5es<\/p>\n<p>+ Esta\u00e7\u00e3o de base exterior<\/p>","protected":false},"featured_media":20301,"comment_status":"open","ping_status":"closed","template":"","meta":[],"product_brand":[],"product_cat":[62,65],"product_tag":[],"class_list":{"0":"post-20299","1":"product","2":"type-product","3":"status-publish","4":"has-post-thumbnail","6":"product_cat-lithium","7":"product_cat-rack-mounted-48v-51-2v","9":"first","10":"instock","11":"shipping-taxable","12":"product-type-simple"},"_links":{"self":[{"href":"https:\/\/www.eulerdatasafe.com\/pt\/wp-json\/wp\/v2\/product\/20299","targetHints":{"allow":["GET"]}}],"collection":[{"href":"https:\/\/www.eulerdatasafe.com\/pt\/wp-json\/wp\/v2\/product"}],"about":[{"href":"https:\/\/www.eulerdatasafe.com\/pt\/wp-json\/wp\/v2\/types\/product"}],"replies":[{"embeddable":true,"href":"https:\/\/www.eulerdatasafe.com\/pt\/wp-json\/wp\/v2\/comments?post=20299"}],"wp:featuredmedia":[{"embeddable":true,"href":"https:\/\/www.eulerdatasafe.com\/pt\/wp-json\/wp\/v2\/media\/20301"}],"wp:attachment":[{"href":"https:\/\/www.eulerdatasafe.com\/pt\/wp-json\/wp\/v2\/media?parent=20299"}],"wp:term":[{"taxonomy":"product_brand","embeddable":true,"href":"https:\/\/www.eulerdatasafe.com\/pt\/wp-json\/wp\/v2\/product_brand?post=20299"},{"taxonomy":"product_cat","embeddable":true,"href":"https:\/\/www.eulerdatasafe.com\/pt\/wp-json\/wp\/v2\/product_cat?post=20299"},{"taxonomy":"product_tag","embeddable":true,"href":"https:\/\/www.eulerdatasafe.com\/pt\/wp-json\/wp\/v2\/product_tag?post=20299"}],"curies":[{"name":"wp","href":"https:\/\/api.w.org\/{rel}","templated":true}]}}