{"id":20316,"date":"2025-02-17T17:23:55","date_gmt":"2025-02-17T09:23:55","guid":{"rendered":"https:\/\/www.eulerdatasafe.com\/?post_type=product&#038;p=20316"},"modified":"2025-04-08T16:30:59","modified_gmt":"2025-04-08T08:30:59","slug":"li-cell","status":"publish","type":"product","link":"https:\/\/www.eulerdatasafe.com\/pt\/product\/celula-li\/","title":{"rendered":"C\u00e9lula Li"},"content":{"rendered":"<p><strong><b>Apresenta\u00e7\u00e3o do produto<\/b><\/strong><\/p>\n<p>Os materiais s\u00e3o o ponto-chave da c\u00e9lula das baterias.<\/p>\n<p>Os materiais determinam o roteiro t\u00e9cnico das c\u00e9lulas, e o desempenho do material determina o desempenho e a possibilidade da bateria.<\/p>\n<p>Os materiais das baterias dividem-se em el\u00e9trodo positivo e negativo. Atualmente, o c\u00e1todo \u00e9 o mais utilizado na ind\u00fastria.<\/p>\n<p>A nossa bateria \u00e9 usada principalmente fosfato de ferro-l\u00edtio e o material do el\u00e9trodo negativo \u00e9 principalmente grafite natural e material de grafite artificial.<\/p>\n<p>&nbsp;<\/p>\n<p>Seguran\u00e7a Est\u00e1vel Amigo do ambiente<\/p>\n<p>Sem risco de explos\u00e3o ou inc\u00eandio Desempenho est\u00e1vel Polui\u00e7\u00e3o zero<\/p>\n<p>anti-raios e anti-interfer\u00eancia baixa atenua\u00e7\u00e3o alta efici\u00eancia e poupan\u00e7a de energia<\/p>\n<p>&nbsp;<\/p>\n<p>+ O el\u00e9trodo positivo da bateria \u00e9 feito de material de fosfato de ferro e l\u00edtio (LiFePO4), com bom desempenho de seguran\u00e7a e ciclo de vida longo<\/p>\n<p>+ O design sem manuten\u00e7\u00e3o garante um desempenho fi\u00e1vel da bateria<\/p>\n<p>+ Pequena resist\u00eancia interna da bateria<\/p>\n<p>+ Ampla gama de temperaturas e elevada fiabilidade<\/p>\n<p>+ Suporta v\u00e1rios conjuntos de baterias em s\u00e9rie e em paralelo<\/p>\n<p><a href=\"https:\/\/www.eulerdatasafe.com\/wp-content\/uploads\/2025\/02\/1-220621195354K8.png\"><img fetchpriority=\"high\" decoding=\"async\" class=\"alignnone size-full wp-image-20317\" src=\"https:\/\/www.eulerdatasafe.com\/wp-content\/uploads\/2025\/02\/1-220621195354K8.png\" alt=\"\" width=\"1200\" height=\"894\" srcset=\"https:\/\/www.eulerdatasafe.com\/wp-content\/uploads\/2025\/02\/1-220621195354K8.png 1200w, https:\/\/www.eulerdatasafe.com\/wp-content\/uploads\/2025\/02\/1-220621195354K8-300x224.png 300w, https:\/\/www.eulerdatasafe.com\/wp-content\/uploads\/2025\/02\/1-220621195354K8-1024x763.png 1024w, https:\/\/www.eulerdatasafe.com\/wp-content\/uploads\/2025\/02\/1-220621195354K8-768x572.png 768w, https:\/\/www.eulerdatasafe.com\/wp-content\/uploads\/2025\/02\/1-220621195354K8-600x447.png 600w\" sizes=\"(max-width: 1200px) 100vw, 1200px\" \/><\/a> <a href=\"https:\/\/www.eulerdatasafe.com\/wp-content\/uploads\/2025\/02\/1-2206212022122X.jpg\"><img decoding=\"async\" class=\"alignnone size-full wp-image-20318\" src=\"https:\/\/www.eulerdatasafe.com\/wp-content\/uploads\/2025\/02\/1-2206212022122X.jpg\" alt=\"\" width=\"1200\" height=\"894\" srcset=\"https:\/\/www.eulerdatasafe.com\/wp-content\/uploads\/2025\/02\/1-2206212022122X.jpg 1200w, https:\/\/www.eulerdatasafe.com\/wp-content\/uploads\/2025\/02\/1-2206212022122X-300x224.jpg 300w, https:\/\/www.eulerdatasafe.com\/wp-content\/uploads\/2025\/02\/1-2206212022122X-1024x763.jpg 1024w, https:\/\/www.eulerdatasafe.com\/wp-content\/uploads\/2025\/02\/1-2206212022122X-768x572.jpg 768w, https:\/\/www.eulerdatasafe.com\/wp-content\/uploads\/2025\/02\/1-2206212022122X-600x447.jpg 600w\" sizes=\"(max-width: 1200px) 100vw, 1200px\" \/><\/a> <a href=\"https:\/\/www.eulerdatasafe.com\/wp-content\/uploads\/2025\/02\/1-220621202212627.jpg\"><img decoding=\"async\" class=\"alignnone size-full wp-image-20319\" src=\"https:\/\/www.eulerdatasafe.com\/wp-content\/uploads\/2025\/02\/1-220621202212627.jpg\" alt=\"\" width=\"1200\" height=\"894\" srcset=\"https:\/\/www.eulerdatasafe.com\/wp-content\/uploads\/2025\/02\/1-220621202212627.jpg 1200w, https:\/\/www.eulerdatasafe.com\/wp-content\/uploads\/2025\/02\/1-220621202212627-300x224.jpg 300w, https:\/\/www.eulerdatasafe.com\/wp-content\/uploads\/2025\/02\/1-220621202212627-1024x763.jpg 1024w, https:\/\/www.eulerdatasafe.com\/wp-content\/uploads\/2025\/02\/1-220621202212627-768x572.jpg 768w, https:\/\/www.eulerdatasafe.com\/wp-content\/uploads\/2025\/02\/1-220621202212627-600x447.jpg 600w\" sizes=\"(max-width: 1200px) 100vw, 1200px\" \/><\/a><\/p>","protected":false},"excerpt":{"rendered":"<p>Introdu\u00e7\u00e3o ao produto Os materiais s\u00e3o o ponto-chave da c\u00e9lula das baterias. Os materiais determinam o roteiro t\u00e9cnico das c\u00e9lulas, e o desempenho do material determina o desempenho e a possibilidade da bateria. Os materiais das baterias s\u00e3o divididos em el\u00e9trodo positivo e negativo. Atualmente, o c\u00e1todo \u00e9 o mais utilizado na ind\u00fastria. A nossa bateria \u00e9 principalmente utilizada [...]<\/p>","protected":false},"featured_media":20321,"comment_status":"open","ping_status":"closed","template":"","meta":[],"product_brand":[],"product_cat":[62],"product_tag":[],"class_list":{"0":"post-20316","1":"product","2":"type-product","3":"status-publish","4":"has-post-thumbnail","6":"product_cat-lithium","8":"first","9":"instock","10":"shipping-taxable","11":"product-type-simple"},"_links":{"self":[{"href":"https:\/\/www.eulerdatasafe.com\/pt\/wp-json\/wp\/v2\/product\/20316","targetHints":{"allow":["GET"]}}],"collection":[{"href":"https:\/\/www.eulerdatasafe.com\/pt\/wp-json\/wp\/v2\/product"}],"about":[{"href":"https:\/\/www.eulerdatasafe.com\/pt\/wp-json\/wp\/v2\/types\/product"}],"replies":[{"embeddable":true,"href":"https:\/\/www.eulerdatasafe.com\/pt\/wp-json\/wp\/v2\/comments?post=20316"}],"wp:featuredmedia":[{"embeddable":true,"href":"https:\/\/www.eulerdatasafe.com\/pt\/wp-json\/wp\/v2\/media\/20321"}],"wp:attachment":[{"href":"https:\/\/www.eulerdatasafe.com\/pt\/wp-json\/wp\/v2\/media?parent=20316"}],"wp:term":[{"taxonomy":"product_brand","embeddable":true,"href":"https:\/\/www.eulerdatasafe.com\/pt\/wp-json\/wp\/v2\/product_brand?post=20316"},{"taxonomy":"product_cat","embeddable":true,"href":"https:\/\/www.eulerdatasafe.com\/pt\/wp-json\/wp\/v2\/product_cat?post=20316"},{"taxonomy":"product_tag","embeddable":true,"href":"https:\/\/www.eulerdatasafe.com\/pt\/wp-json\/wp\/v2\/product_tag?post=20316"}],"curies":[{"name":"wp","href":"https:\/\/api.w.org\/{rel}","templated":true}]}}