{"id":20323,"date":"2025-02-17T17:30:14","date_gmt":"2025-02-17T09:30:14","guid":{"rendered":"https:\/\/www.eulerdatasafe.com\/?post_type=product&#038;p=20323"},"modified":"2025-04-26T18:13:07","modified_gmt":"2025-04-26T10:13:07","slug":"motorcycle","status":"publish","type":"product","link":"https:\/\/www.eulerdatasafe.com\/pt\/product\/motociclo\/","title":{"rendered":"Motociclo"},"content":{"rendered":"<p>+ O peso e o volume das baterias de l\u00edtio s\u00e3o apenas 1\/4 Compare as baterias de chumbo-\u00e1cido, o que pode ajudar o utilizador a reduzir o peso e a poupar espa\u00e7o.<\/p>\n<p>+ N\u00e3o \u00e9 necess\u00e1rio adicionar \u00e1cido, n\u00e3o necessita de manuten\u00e7\u00e3o, n\u00e3o cont\u00e9m metais pesados, como chumbo e merc\u00fario, e \u00e9 ecol\u00f3gico e amigo do ambiente.<\/p>\n<p>+ F\u00e1cil de instalar, suporta a instala\u00e7\u00e3o em v\u00e1rios \u00e2ngulos e n\u00e3o tem problemas de fugas de \u00e1cido.<\/p>\n<p>+ Suporta carregamento r\u00e1pido, que \u00e9 1\/3 do tempo de carregamento comparado com a bateria de chumbo-\u00e1cido.<\/p>\n<p>+ Ciclo de vida mais longo, que \u00e9 cinco vezes superior ao da bateria de chumbo-\u00e1cido.<\/p>\n<p>+ El\u00e9trodo de baixa auto-descarga, e o tempo de espera \u00e9 cinco vezes superior ao da bateria de chumbo-\u00e1cido.<\/p>\n<p>+ Tens\u00e3o est\u00e1vel, favor\u00e1vel ao motor, mais f\u00e1cil de arrancar a sua mota.<\/p>\n<p>+ Forte adaptabilidade a alta temperatura e temperatura ultrabaixa. Pode ser usado no ambiente natural de -20 ~ 60 \u2103, e pode ser usado no ambiente natural de -40 \u2103 ap\u00f3s o processamento.<\/p>\n<p>+ Pode ser equipado com um sistema de gest\u00e3o da bateria (BMS) para monitorizar e controlar a bateria, que \u00e9 inteligente e segura.<\/p>\n<p>+ Descarga de corrente aceit\u00e1vel de 10C, capacidade de 90% em 6 minutos.<\/p>\n<p><a href=\"https:\/\/www.gotopess.com\/wp-content\/uploads\/2025\/02\/41.jpg\"><img fetchpriority=\"high\" decoding=\"async\" class=\"alignnone size-full wp-image-20978\" src=\"https:\/\/www.gotopess.com\/wp-content\/uploads\/2025\/02\/41.jpg\" alt=\"\" width=\"1274\" height=\"221\" srcset=\"https:\/\/www.eulerdatasafe.com\/wp-content\/uploads\/2025\/02\/41.jpg 1274w, https:\/\/www.eulerdatasafe.com\/wp-content\/uploads\/2025\/02\/41-300x52.jpg 300w, https:\/\/www.eulerdatasafe.com\/wp-content\/uploads\/2025\/02\/41-1024x178.jpg 1024w, https:\/\/www.eulerdatasafe.com\/wp-content\/uploads\/2025\/02\/41-768x133.jpg 768w, https:\/\/www.eulerdatasafe.com\/wp-content\/uploads\/2025\/02\/41-18x3.jpg 18w, https:\/\/www.eulerdatasafe.com\/wp-content\/uploads\/2025\/02\/41-600x104.jpg 600w\" sizes=\"(max-width: 1274px) 100vw, 1274px\" \/><\/a><\/p>","protected":false},"excerpt":{"rendered":"<p>+ O peso e o volume das baterias de l\u00edtio s\u00e3o apenas 1\/4 Compare as baterias de chumbo-\u00e1cido, o que pode ajudar o utilizador a reduzir o peso e a poupar espa\u00e7o.<\/p>\n<p>+ N\u00e3o \u00e9 necess\u00e1rio adicionar \u00e1cido, n\u00e3o necessita de manuten\u00e7\u00e3o, n\u00e3o cont\u00e9m metais pesados, como chumbo e merc\u00fario, e \u00e9 ecol\u00f3gico e amigo do ambiente.<\/p>\n<p>+ F\u00e1cil de instalar, suporta a instala\u00e7\u00e3o em v\u00e1rios \u00e2ngulos e n\u00e3o tem problemas de fugas de \u00e1cido.<\/p>\n<p>+ Suporta carregamento r\u00e1pido, que \u00e9 1\/3 do tempo de carregamento comparado com a bateria de chumbo-\u00e1cido.<\/p>\n<p>+ Ciclo de vida mais longo, que \u00e9 cinco vezes superior ao da bateria de chumbo-\u00e1cido.<\/p>\n<p>+ El\u00e9trodo de baixa auto-descarga, e o tempo de espera \u00e9 cinco vezes superior ao da bateria de chumbo-\u00e1cido.<\/p>\n<p>+ Tens\u00e3o est\u00e1vel, favor\u00e1vel ao motor, mais f\u00e1cil de arrancar a sua mota.<\/p>\n<p>+ Forte adaptabilidade a alta temperatura e temperatura ultrabaixa. Pode ser usado no ambiente natural de -20 ~ 60 \u2103, e pode ser usado no ambiente natural de -40 \u2103 ap\u00f3s o processamento.<\/p>\n<p>+ Pode ser equipado com um sistema de gest\u00e3o da bateria (BMS) para monitorizar e controlar a bateria, que \u00e9 inteligente e segura.<\/p>\n<p>+ Descarga de corrente aceit\u00e1vel de 10C, capacidade de 90% em 6 minutos.<\/p>","protected":false},"featured_media":20326,"comment_status":"open","ping_status":"closed","template":"","meta":[],"product_brand":[],"product_cat":[174],"product_tag":[],"class_list":{"0":"post-20323","1":"product","2":"type-product","3":"status-publish","4":"has-post-thumbnail","6":"product_cat-motorcycle-battery","8":"first","9":"instock","10":"shipping-taxable","11":"product-type-simple"},"_links":{"self":[{"href":"https:\/\/www.eulerdatasafe.com\/pt\/wp-json\/wp\/v2\/product\/20323","targetHints":{"allow":["GET"]}}],"collection":[{"href":"https:\/\/www.eulerdatasafe.com\/pt\/wp-json\/wp\/v2\/product"}],"about":[{"href":"https:\/\/www.eulerdatasafe.com\/pt\/wp-json\/wp\/v2\/types\/product"}],"replies":[{"embeddable":true,"href":"https:\/\/www.eulerdatasafe.com\/pt\/wp-json\/wp\/v2\/comments?post=20323"}],"wp:featuredmedia":[{"embeddable":true,"href":"https:\/\/www.eulerdatasafe.com\/pt\/wp-json\/wp\/v2\/media\/20326"}],"wp:attachment":[{"href":"https:\/\/www.eulerdatasafe.com\/pt\/wp-json\/wp\/v2\/media?parent=20323"}],"wp:term":[{"taxonomy":"product_brand","embeddable":true,"href":"https:\/\/www.eulerdatasafe.com\/pt\/wp-json\/wp\/v2\/product_brand?post=20323"},{"taxonomy":"product_cat","embeddable":true,"href":"https:\/\/www.eulerdatasafe.com\/pt\/wp-json\/wp\/v2\/product_cat?post=20323"},{"taxonomy":"product_tag","embeddable":true,"href":"https:\/\/www.eulerdatasafe.com\/pt\/wp-json\/wp\/v2\/product_tag?post=20323"}],"curies":[{"name":"wp","href":"https:\/\/api.w.org\/{rel}","templated":true}]}}