{"id":20328,"date":"2025-02-17T17:35:35","date_gmt":"2025-02-17T09:35:35","guid":{"rendered":"https:\/\/www.eulerdatasafe.com\/?post_type=product&#038;p=20328"},"modified":"2025-04-26T21:33:22","modified_gmt":"2025-04-26T13:33:22","slug":"stackable-ess","status":"publish","type":"product","link":"https:\/\/www.eulerdatasafe.com\/pt\/product\/ess-empilhavel\/","title":{"rendered":"ESS empilh\u00e1vel"},"content":{"rendered":"<p><strong><b>Carater\u00edsticas do produto<\/b><\/strong><\/p>\n<p><a href=\"https:\/\/www.eulerdatasafe.com\/wp-content\/uploads\/2025\/02\/\u56fe\u72474.png\"><img fetchpriority=\"high\" decoding=\"async\" class=\"alignnone size-full wp-image-20329\" src=\"https:\/\/www.eulerdatasafe.com\/wp-content\/uploads\/2025\/02\/\u56fe\u72474.png\" alt=\"\" width=\"307\" height=\"322\" srcset=\"https:\/\/www.eulerdatasafe.com\/wp-content\/uploads\/2025\/02\/\u56fe\u72474.png 307w, https:\/\/www.eulerdatasafe.com\/wp-content\/uploads\/2025\/02\/\u56fe\u72474-286x300.png 286w\" sizes=\"(max-width: 307px) 100vw, 307px\" \/><\/a><\/p>\n<p><a href=\"https:\/\/www.gotopess.com\/wp-content\/uploads\/2025\/02\/82.jpg\"><img decoding=\"async\" class=\"alignnone size-full wp-image-20996\" src=\"https:\/\/www.gotopess.com\/wp-content\/uploads\/2025\/02\/82.jpg\" alt=\"\" width=\"1560\" height=\"2305\" srcset=\"https:\/\/www.eulerdatasafe.com\/wp-content\/uploads\/2025\/02\/82.jpg 1560w, https:\/\/www.eulerdatasafe.com\/wp-content\/uploads\/2025\/02\/82-203x300.jpg 203w, https:\/\/www.eulerdatasafe.com\/wp-content\/uploads\/2025\/02\/82-693x1024.jpg 693w, https:\/\/www.eulerdatasafe.com\/wp-content\/uploads\/2025\/02\/82-768x1135.jpg 768w, https:\/\/www.eulerdatasafe.com\/wp-content\/uploads\/2025\/02\/82-1040x1536.jpg 1040w, https:\/\/www.eulerdatasafe.com\/wp-content\/uploads\/2025\/02\/82-1386x2048.jpg 1386w, https:\/\/www.eulerdatasafe.com\/wp-content\/uploads\/2025\/02\/82-8x12.jpg 8w, https:\/\/www.eulerdatasafe.com\/wp-content\/uploads\/2025\/02\/82-600x887.jpg 600w\" sizes=\"(max-width: 1560px) 100vw, 1560px\" \/><\/a><\/p>","protected":false},"excerpt":{"rendered":"<p><strong><b>Apresenta\u00e7\u00e3o do produto<\/b><\/strong><\/p>\n<p>O armazenamento de energia \u00e9 configurado de forma diferente consoante as necessidades da casa, a capacidade da bateria \u00e9 de 5,12 kWh a 20,48 kWh.<\/p>\n<p>com diferentes tipos, tais como power wall, standing stacable, etc<\/p>\n<p>Nossa bateria \u00e9 melhor para armazenamento de energia de emerg\u00eancia em casa como bateria solar.<\/p>\n<p>A Neata oferece um sistema de servi\u00e7o \u00fanico que pode gerir o seu sistema de armazenamento solar de baterias dom\u00e9sticas de forma mais conveniente.<\/p>\n<p>O sistema modular flex\u00edvel pode ser concebido com base no consumo di\u00e1rio da casa.<\/p>\n<p>A solu\u00e7\u00e3o energ\u00e9tica de emerg\u00eancia perfeita para moradias, apartamentos, hot\u00e9is, centros comerciais.<\/p>","protected":false},"featured_media":20353,"comment_status":"open","ping_status":"closed","template":"","meta":[],"product_brand":[],"product_cat":[75,78],"product_tag":[],"class_list":{"0":"post-20328","1":"product","2":"type-product","3":"status-publish","4":"has-post-thumbnail","6":"product_cat-ess","7":"product_cat-residential-ess","9":"first","10":"instock","11":"shipping-taxable","12":"product-type-simple"},"_links":{"self":[{"href":"https:\/\/www.eulerdatasafe.com\/pt\/wp-json\/wp\/v2\/product\/20328","targetHints":{"allow":["GET"]}}],"collection":[{"href":"https:\/\/www.eulerdatasafe.com\/pt\/wp-json\/wp\/v2\/product"}],"about":[{"href":"https:\/\/www.eulerdatasafe.com\/pt\/wp-json\/wp\/v2\/types\/product"}],"replies":[{"embeddable":true,"href":"https:\/\/www.eulerdatasafe.com\/pt\/wp-json\/wp\/v2\/comments?post=20328"}],"wp:featuredmedia":[{"embeddable":true,"href":"https:\/\/www.eulerdatasafe.com\/pt\/wp-json\/wp\/v2\/media\/20353"}],"wp:attachment":[{"href":"https:\/\/www.eulerdatasafe.com\/pt\/wp-json\/wp\/v2\/media?parent=20328"}],"wp:term":[{"taxonomy":"product_brand","embeddable":true,"href":"https:\/\/www.eulerdatasafe.com\/pt\/wp-json\/wp\/v2\/product_brand?post=20328"},{"taxonomy":"product_cat","embeddable":true,"href":"https:\/\/www.eulerdatasafe.com\/pt\/wp-json\/wp\/v2\/product_cat?post=20328"},{"taxonomy":"product_tag","embeddable":true,"href":"https:\/\/www.eulerdatasafe.com\/pt\/wp-json\/wp\/v2\/product_tag?post=20328"}],"curies":[{"name":"wp","href":"https:\/\/api.w.org\/{rel}","templated":true}]}}