{"id":20333,"date":"2025-02-17T17:44:04","date_gmt":"2025-02-17T09:44:04","guid":{"rendered":"https:\/\/www.eulerdatasafe.com\/?post_type=product&#038;p=20333"},"modified":"2025-04-08T16:35:31","modified_gmt":"2025-04-08T08:35:31","slug":"ups-lithium-battery","status":"publish","type":"product","link":"https:\/\/www.eulerdatasafe.com\/pt\/product\/bateria-de-litio-ups\/","title":{"rendered":"Bateria de l\u00edtio da UPS"},"content":{"rendered":"<p><strong><b>Apresenta\u00e7\u00e3o do produto<\/b><\/strong><\/p>\n<p>As s\u00e9ries NC\/TC s\u00e3o produtos desenvolvidos independentemente pela nossa empresa que s\u00e3o adequados para todos os tipos de UPS.<\/p>\n<p>Utilizou c\u00e9lulas LFP de alta taxa e um sistema BMS desenvolvido pelo pr\u00f3prio,<\/p>\n<p>Sistema integrado de gest\u00e3o remota e m\u00f3dulo inteligente de prote\u00e7\u00e3o contra inc\u00eandios, elevada fiabilidade, boa estabilidade, longa vida \u00fatil e excelente desempenho de seguran\u00e7a.<\/p>\n<p>O produto caracteriza-se por um elevado desempenho em termos de custos, durabilidade e elevada consist\u00eancia<\/p>\n<p><a href=\"https:\/\/www.eulerdatasafe.com\/wp-content\/uploads\/2025\/02\/\u56fe\u72475.png\"><img fetchpriority=\"high\" decoding=\"async\" class=\"alignnone size-full wp-image-20334\" src=\"https:\/\/www.eulerdatasafe.com\/wp-content\/uploads\/2025\/02\/\u56fe\u72475.png\" alt=\"\" width=\"1268\" height=\"297\" srcset=\"https:\/\/www.eulerdatasafe.com\/wp-content\/uploads\/2025\/02\/\u56fe\u72475.png 1268w, https:\/\/www.eulerdatasafe.com\/wp-content\/uploads\/2025\/02\/\u56fe\u72475-300x70.png 300w, https:\/\/www.eulerdatasafe.com\/wp-content\/uploads\/2025\/02\/\u56fe\u72475-1024x240.png 1024w, https:\/\/www.eulerdatasafe.com\/wp-content\/uploads\/2025\/02\/\u56fe\u72475-768x180.png 768w, https:\/\/www.eulerdatasafe.com\/wp-content\/uploads\/2025\/02\/\u56fe\u72475-600x141.png 600w\" sizes=\"(max-width: 1268px) 100vw, 1268px\" \/><\/a><\/p>\n<p><strong><b>Carater\u00edsticas do produto<\/b><\/strong><\/p>\n<p>+ Prote\u00e7\u00e3o de seguran\u00e7a a quatro n\u00edveis com elevado desempenho de seguran\u00e7a para garantir a seguran\u00e7a e a fiabilidade do sistema (n\u00edvel da c\u00e9lula, n\u00edvel do m\u00f3dulo, n\u00edvel do grupo, n\u00edvel do sistema)<\/p>\n<p>+ Excelente desempenho de descarga a alta velocidade suporta at\u00e9 10C de descarga, efici\u00eancia de descarga \u2265 95%<\/p>\n<p>+ Gest\u00e3o de todos os pormenores Gest\u00e3o de c\u00e9lulas de bateria 100% + Gest\u00e3o de dispositivos funcionais<\/p>\n<p>+ Vida \u00fatil prolongada de 20 anos<\/p>\n<p>+ Vida \u00fatil longa Carga e descarga de 1C \u2265 3500 vezes; descarga de 4C \/ carga de 0,5C \u2265 2000 vezes<\/p>\n<p>+ Sistema de gest\u00e3o inteligente da nuvem, opera\u00e7\u00e3o preditiva e apoio \u00e0 manuten\u00e7\u00e3o, opera\u00e7\u00e3o e manuten\u00e7\u00e3o de monitoriza\u00e7\u00e3o da nuvem, apoio \u00e0 gest\u00e3o de m\u00faltiplas fun\u00e7\u00f5es<\/p>\n<p>+ Sistema inteligente de controlo de inc\u00eandios (opcional) sistema de controlo de inc\u00eandios incorporado, sistema de garantia 7*24 e seguran\u00e7a das instala\u00e7\u00f5es<\/p>\n<p>+ Adequado para todas as marcas de UPS ou outros dispositivos inversores<\/p>\n<p>+ Centro de dados<\/p>\n<p>+ Fins financeiros<\/p>\n<p>+ Tr\u00e2nsito ferrovi\u00e1rio<\/p>\n<p>+ Armazenamento de energia h\u00edbrido e\u00f3lico-solar<\/p>\n<p>+ Energia de reserva em zonas sem eletricidade da rede p\u00fablica<\/p>\n<p>&nbsp;<\/p>","protected":false},"excerpt":{"rendered":"<p>Introdu\u00e7\u00e3o do produto As s\u00e9ries NC\/TC s\u00e3o produtos desenvolvidos de forma independente pela nossa empresa, adequados para todos os tipos de UPS. Usou c\u00e9lulas LFP de alta taxa e sistema BMS auto-desenvolvido, sistema de gerenciamento remoto integrado e m\u00f3dulo inteligente de prote\u00e7\u00e3o contra inc\u00eandio, alta confiabilidade, boa estabilidade, longa vida \u00fatil e excelente desempenho de seguran\u00e7a. O produto \u00e9 caracterizado por um desempenho de alto custo, [...]<\/p>","protected":false},"featured_media":20338,"comment_status":"open","ping_status":"closed","template":"","meta":[],"product_brand":[],"product_cat":[62],"product_tag":[],"class_list":{"0":"post-20333","1":"product","2":"type-product","3":"status-publish","4":"has-post-thumbnail","6":"product_cat-lithium","8":"first","9":"instock","10":"shipping-taxable","11":"product-type-simple"},"_links":{"self":[{"href":"https:\/\/www.eulerdatasafe.com\/pt\/wp-json\/wp\/v2\/product\/20333","targetHints":{"allow":["GET"]}}],"collection":[{"href":"https:\/\/www.eulerdatasafe.com\/pt\/wp-json\/wp\/v2\/product"}],"about":[{"href":"https:\/\/www.eulerdatasafe.com\/pt\/wp-json\/wp\/v2\/types\/product"}],"replies":[{"embeddable":true,"href":"https:\/\/www.eulerdatasafe.com\/pt\/wp-json\/wp\/v2\/comments?post=20333"}],"wp:featuredmedia":[{"embeddable":true,"href":"https:\/\/www.eulerdatasafe.com\/pt\/wp-json\/wp\/v2\/media\/20338"}],"wp:attachment":[{"href":"https:\/\/www.eulerdatasafe.com\/pt\/wp-json\/wp\/v2\/media?parent=20333"}],"wp:term":[{"taxonomy":"product_brand","embeddable":true,"href":"https:\/\/www.eulerdatasafe.com\/pt\/wp-json\/wp\/v2\/product_brand?post=20333"},{"taxonomy":"product_cat","embeddable":true,"href":"https:\/\/www.eulerdatasafe.com\/pt\/wp-json\/wp\/v2\/product_cat?post=20333"},{"taxonomy":"product_tag","embeddable":true,"href":"https:\/\/www.eulerdatasafe.com\/pt\/wp-json\/wp\/v2\/product_tag?post=20333"}],"curies":[{"name":"wp","href":"https:\/\/api.w.org\/{rel}","templated":true}]}}