{"id":20546,"date":"2025-04-11T22:38:12","date_gmt":"2025-04-11T14:38:12","guid":{"rendered":"https:\/\/www.eulerdatasafe.com\/?post_type=product&#038;p=20546"},"modified":"2025-04-26T18:02:01","modified_gmt":"2025-04-26T10:02:01","slug":"fire-extinguishing-system-%ef%bc%88optional","status":"publish","type":"product","link":"https:\/\/www.eulerdatasafe.com\/pt\/product\/sistema-de-extincao-de-incendios-\uff08opcional\/","title":{"rendered":"Sistema de extin\u00e7\u00e3o de inc\u00eandios \uff08Opcional)"},"content":{"rendered":"<p><a href=\"https:\/\/www.eulerdatasafe.com\/wp-content\/uploads\/2025\/04\/l99-scaled.jpg\"><img fetchpriority=\"high\" decoding=\"async\" class=\"alignnone wp-image-20548 size-full\" src=\"https:\/\/www.gotopess.com\/wp-content\/uploads\/2025\/04\/l99-scaled-e1745661712880.jpg\" alt=\"\" width=\"1570\" height=\"2108\" srcset=\"https:\/\/www.eulerdatasafe.com\/wp-content\/uploads\/2025\/04\/l99-scaled-e1745661712880.jpg 1570w, https:\/\/www.eulerdatasafe.com\/wp-content\/uploads\/2025\/04\/l99-scaled-e1745661712880-223x300.jpg 223w, https:\/\/www.eulerdatasafe.com\/wp-content\/uploads\/2025\/04\/l99-scaled-e1745661712880-763x1024.jpg 763w, https:\/\/www.eulerdatasafe.com\/wp-content\/uploads\/2025\/04\/l99-scaled-e1745661712880-768x1031.jpg 768w, https:\/\/www.eulerdatasafe.com\/wp-content\/uploads\/2025\/04\/l99-scaled-e1745661712880-1144x1536.jpg 1144w, https:\/\/www.eulerdatasafe.com\/wp-content\/uploads\/2025\/04\/l99-scaled-e1745661712880-1525x2048.jpg 1525w, https:\/\/www.eulerdatasafe.com\/wp-content\/uploads\/2025\/04\/l99-scaled-e1745661712880-600x806.jpg 600w, https:\/\/www.eulerdatasafe.com\/wp-content\/uploads\/2025\/04\/l99-scaled-e1745661712880-9x12.jpg 9w\" sizes=\"(max-width: 1570px) 100vw, 1570px\" \/><\/a><\/p>","protected":false},"excerpt":{"rendered":"","protected":false},"featured_media":20547,"comment_status":"open","ping_status":"closed","template":"","meta":[],"product_brand":[],"product_cat":[178],"product_tag":[],"class_list":{"0":"post-20546","1":"product","2":"type-product","3":"status-publish","4":"has-post-thumbnail","6":"product_cat-ups-lfp-battery","8":"first","9":"instock","10":"shipping-taxable","11":"product-type-simple"},"_links":{"self":[{"href":"https:\/\/www.eulerdatasafe.com\/pt\/wp-json\/wp\/v2\/product\/20546","targetHints":{"allow":["GET"]}}],"collection":[{"href":"https:\/\/www.eulerdatasafe.com\/pt\/wp-json\/wp\/v2\/product"}],"about":[{"href":"https:\/\/www.eulerdatasafe.com\/pt\/wp-json\/wp\/v2\/types\/product"}],"replies":[{"embeddable":true,"href":"https:\/\/www.eulerdatasafe.com\/pt\/wp-json\/wp\/v2\/comments?post=20546"}],"wp:featuredmedia":[{"embeddable":true,"href":"https:\/\/www.eulerdatasafe.com\/pt\/wp-json\/wp\/v2\/media\/20547"}],"wp:attachment":[{"href":"https:\/\/www.eulerdatasafe.com\/pt\/wp-json\/wp\/v2\/media?parent=20546"}],"wp:term":[{"taxonomy":"product_brand","embeddable":true,"href":"https:\/\/www.eulerdatasafe.com\/pt\/wp-json\/wp\/v2\/product_brand?post=20546"},{"taxonomy":"product_cat","embeddable":true,"href":"https:\/\/www.eulerdatasafe.com\/pt\/wp-json\/wp\/v2\/product_cat?post=20546"},{"taxonomy":"product_tag","embeddable":true,"href":"https:\/\/www.eulerdatasafe.com\/pt\/wp-json\/wp\/v2\/product_tag?post=20546"}],"curies":[{"name":"wp","href":"https:\/\/api.w.org\/{rel}","templated":true}]}}