{"id":20725,"date":"2025-04-13T10:16:47","date_gmt":"2025-04-13T02:16:47","guid":{"rendered":"https:\/\/www.eulerdatasafe.com\/?post_type=product&#038;p=20725"},"modified":"2025-04-14T09:33:48","modified_gmt":"2025-04-14T01:33:48","slug":"20725","status":"publish","type":"product","link":"https:\/\/www.eulerdatasafe.com\/pt\/product\/20725\/","title":{"rendered":"GEL h\u00edbrido -DC6-300MG"},"content":{"rendered":"<h4>Bateria de ciclo profundo GEL de alta temperatura e longa dura\u00e7\u00e3o<\/h4>\n<p>A s\u00e9rie h\u00edbrida GEL \u00e9 uma bateria com 20 anos de vida \u00fatil flutuante, ideal para aplica\u00e7\u00f5es de espera ou de descarga c\u00edclica frequente em ambientes extremos. Ao utilizar grelhas fortes, chumbo de elevada pureza e eletr\u00f3lito de gel patenteado, a s\u00e9rie h\u00edbrida GEL oferece uma excelente capacidade de recupera\u00e7\u00e3o ap\u00f3s uma descarga profunda em caso de utiliza\u00e7\u00e3o de descargas c\u00edclicas frequentes, podendo fornecer 2000 ciclos a 50% DOD. Adequado para sistemas solares e e\u00f3licos, CATV, marinha, RV e UPS de descarga profunda, e telecomunica\u00e7\u00f5es, etc.<\/p>","protected":false},"excerpt":{"rendered":"<p>Bateria GEL de ciclo profundo de alta temperatura e longa dura\u00e7\u00e3o A s\u00e9rie GEL h\u00edbrida \u00e9 uma bateria com 20 anos de vida \u00fatil flutuante, ideal para aplica\u00e7\u00f5es de espera ou de descarga c\u00edclica frequente em ambientes extremos. Ao utilizar grelhas fortes, chumbo de elevada pureza e eletr\u00f3lito de gel patenteado, a s\u00e9rie h\u00edbrida GEL oferece uma excelente capacidade de recupera\u00e7\u00e3o ap\u00f3s uma descarga profunda em [...]<\/p>","protected":false},"featured_media":20848,"comment_status":"open","ping_status":"closed","template":"","meta":[],"product_brand":[],"product_cat":[182],"product_tag":[],"class_list":{"0":"post-20725","1":"product","2":"type-product","3":"status-publish","4":"has-post-thumbnail","6":"product_cat-dc6-600mg","8":"first","9":"instock","10":"shipping-taxable","11":"product-type-simple"},"_links":{"self":[{"href":"https:\/\/www.eulerdatasafe.com\/pt\/wp-json\/wp\/v2\/product\/20725","targetHints":{"allow":["GET"]}}],"collection":[{"href":"https:\/\/www.eulerdatasafe.com\/pt\/wp-json\/wp\/v2\/product"}],"about":[{"href":"https:\/\/www.eulerdatasafe.com\/pt\/wp-json\/wp\/v2\/types\/product"}],"replies":[{"embeddable":true,"href":"https:\/\/www.eulerdatasafe.com\/pt\/wp-json\/wp\/v2\/comments?post=20725"}],"wp:featuredmedia":[{"embeddable":true,"href":"https:\/\/www.eulerdatasafe.com\/pt\/wp-json\/wp\/v2\/media\/20848"}],"wp:attachment":[{"href":"https:\/\/www.eulerdatasafe.com\/pt\/wp-json\/wp\/v2\/media?parent=20725"}],"wp:term":[{"taxonomy":"product_brand","embeddable":true,"href":"https:\/\/www.eulerdatasafe.com\/pt\/wp-json\/wp\/v2\/product_brand?post=20725"},{"taxonomy":"product_cat","embeddable":true,"href":"https:\/\/www.eulerdatasafe.com\/pt\/wp-json\/wp\/v2\/product_cat?post=20725"},{"taxonomy":"product_tag","embeddable":true,"href":"https:\/\/www.eulerdatasafe.com\/pt\/wp-json\/wp\/v2\/product_tag?post=20725"}],"curies":[{"name":"wp","href":"https:\/\/api.w.org\/{rel}","templated":true}]}}