{"id":20816,"date":"2025-04-13T17:09:18","date_gmt":"2025-04-13T09:09:18","guid":{"rendered":"https:\/\/www.eulerdatasafe.com\/?post_type=product&#038;p=20816"},"modified":"2025-04-26T00:57:57","modified_gmt":"2025-04-25T16:57:57","slug":"reserve-battery","status":"publish","type":"product","link":"https:\/\/www.eulerdatasafe.com\/pt\/product\/pilha-de-reserva\/","title":{"rendered":"Bateria de reserva"},"content":{"rendered":"<p><a href=\"https:\/\/www.gotopess.com\/wp-content\/uploads\/2025\/04\/Product-Features-2.jpg\"><img fetchpriority=\"high\" decoding=\"async\" class=\"alignnone wp-image-20900 size-full\" src=\"https:\/\/www.gotopess.com\/wp-content\/uploads\/2025\/04\/Product-Features-2.jpg\" alt=\"\" width=\"1000\" height=\"756\" srcset=\"https:\/\/www.eulerdatasafe.com\/wp-content\/uploads\/2025\/04\/Product-Features-2.jpg 1000w, https:\/\/www.eulerdatasafe.com\/wp-content\/uploads\/2025\/04\/Product-Features-2-300x227.jpg 300w, https:\/\/www.eulerdatasafe.com\/wp-content\/uploads\/2025\/04\/Product-Features-2-768x581.jpg 768w, https:\/\/www.eulerdatasafe.com\/wp-content\/uploads\/2025\/04\/Product-Features-2-16x12.jpg 16w, https:\/\/www.eulerdatasafe.com\/wp-content\/uploads\/2025\/04\/Product-Features-2-600x454.jpg 600w\" sizes=\"(max-width: 1000px) 100vw, 1000px\" \/><\/a> \u00a0 <a href=\"https:\/\/www.gotopess.com\/wp-content\/uploads\/2025\/04\/1-1.jpg\"><img decoding=\"async\" class=\"alignnone size-full wp-image-20906\" src=\"https:\/\/www.gotopess.com\/wp-content\/uploads\/2025\/04\/1-1.jpg\" alt=\"\" width=\"1738\" height=\"1186\" srcset=\"https:\/\/www.eulerdatasafe.com\/wp-content\/uploads\/2025\/04\/1-1.jpg 1738w, https:\/\/www.eulerdatasafe.com\/wp-content\/uploads\/2025\/04\/1-1-300x205.jpg 300w, https:\/\/www.eulerdatasafe.com\/wp-content\/uploads\/2025\/04\/1-1-1024x699.jpg 1024w, https:\/\/www.eulerdatasafe.com\/wp-content\/uploads\/2025\/04\/1-1-768x524.jpg 768w, https:\/\/www.eulerdatasafe.com\/wp-content\/uploads\/2025\/04\/1-1-1536x1048.jpg 1536w, https:\/\/www.eulerdatasafe.com\/wp-content\/uploads\/2025\/04\/1-1-18x12.jpg 18w, https:\/\/www.eulerdatasafe.com\/wp-content\/uploads\/2025\/04\/1-1-600x409.jpg 600w\" sizes=\"(max-width: 1738px) 100vw, 1738px\" \/><\/a> <a href=\"https:\/\/www.gotopess.com\/wp-content\/uploads\/2025\/04\/2-1.jpg\"><img decoding=\"async\" class=\"alignnone size-full wp-image-20907\" src=\"https:\/\/www.gotopess.com\/wp-content\/uploads\/2025\/04\/2-1.jpg\" alt=\"\" width=\"1738\" height=\"809\" srcset=\"https:\/\/www.eulerdatasafe.com\/wp-content\/uploads\/2025\/04\/2-1.jpg 1738w, https:\/\/www.eulerdatasafe.com\/wp-content\/uploads\/2025\/04\/2-1-300x140.jpg 300w, https:\/\/www.eulerdatasafe.com\/wp-content\/uploads\/2025\/04\/2-1-1024x477.jpg 1024w, https:\/\/www.eulerdatasafe.com\/wp-content\/uploads\/2025\/04\/2-1-768x357.jpg 768w, https:\/\/www.eulerdatasafe.com\/wp-content\/uploads\/2025\/04\/2-1-1536x715.jpg 1536w, https:\/\/www.eulerdatasafe.com\/wp-content\/uploads\/2025\/04\/2-1-18x8.jpg 18w, https:\/\/www.eulerdatasafe.com\/wp-content\/uploads\/2025\/04\/2-1-600x279.jpg 600w\" sizes=\"(max-width: 1738px) 100vw, 1738px\" \/><\/a> <a href=\"https:\/\/www.gotopess.com\/wp-content\/uploads\/2025\/04\/3-1.jpg\"><img loading=\"lazy\" decoding=\"async\" class=\"alignnone size-full wp-image-20908\" src=\"https:\/\/www.gotopess.com\/wp-content\/uploads\/2025\/04\/3-1.jpg\" alt=\"\" width=\"1738\" height=\"701\" srcset=\"https:\/\/www.eulerdatasafe.com\/wp-content\/uploads\/2025\/04\/3-1.jpg 1738w, https:\/\/www.eulerdatasafe.com\/wp-content\/uploads\/2025\/04\/3-1-300x121.jpg 300w, https:\/\/www.eulerdatasafe.com\/wp-content\/uploads\/2025\/04\/3-1-1024x413.jpg 1024w, https:\/\/www.eulerdatasafe.com\/wp-content\/uploads\/2025\/04\/3-1-768x310.jpg 768w, https:\/\/www.eulerdatasafe.com\/wp-content\/uploads\/2025\/04\/3-1-1536x620.jpg 1536w, https:\/\/www.eulerdatasafe.com\/wp-content\/uploads\/2025\/04\/3-1-18x7.jpg 18w, https:\/\/www.eulerdatasafe.com\/wp-content\/uploads\/2025\/04\/3-1-600x242.jpg 600w\" sizes=\"(max-width: 1738px) 100vw, 1738px\" \/><\/a> <a href=\"https:\/\/www.gotopess.com\/wp-content\/uploads\/2025\/04\/4-1.jpg\"><img loading=\"lazy\" decoding=\"async\" class=\"alignnone size-full wp-image-20909\" src=\"https:\/\/www.gotopess.com\/wp-content\/uploads\/2025\/04\/4-1.jpg\" alt=\"\" width=\"1738\" height=\"593\" srcset=\"https:\/\/www.eulerdatasafe.com\/wp-content\/uploads\/2025\/04\/4-1.jpg 1738w, https:\/\/www.eulerdatasafe.com\/wp-content\/uploads\/2025\/04\/4-1-300x102.jpg 300w, https:\/\/www.eulerdatasafe.com\/wp-content\/uploads\/2025\/04\/4-1-1024x349.jpg 1024w, https:\/\/www.eulerdatasafe.com\/wp-content\/uploads\/2025\/04\/4-1-768x262.jpg 768w, https:\/\/www.eulerdatasafe.com\/wp-content\/uploads\/2025\/04\/4-1-1536x524.jpg 1536w, https:\/\/www.eulerdatasafe.com\/wp-content\/uploads\/2025\/04\/4-1-18x6.jpg 18w, https:\/\/www.eulerdatasafe.com\/wp-content\/uploads\/2025\/04\/4-1-600x205.jpg 600w\" sizes=\"(max-width: 1738px) 100vw, 1738px\" \/><\/a> <a href=\"https:\/\/www.gotopess.com\/wp-content\/uploads\/2025\/04\/5-1.jpg\"><img loading=\"lazy\" decoding=\"async\" class=\"alignnone size-full wp-image-20910\" src=\"https:\/\/www.gotopess.com\/wp-content\/uploads\/2025\/04\/5-1.jpg\" alt=\"\" width=\"1738\" height=\"1133\" srcset=\"https:\/\/www.eulerdatasafe.com\/wp-content\/uploads\/2025\/04\/5-1.jpg 1738w, https:\/\/www.eulerdatasafe.com\/wp-content\/uploads\/2025\/04\/5-1-300x196.jpg 300w, https:\/\/www.eulerdatasafe.com\/wp-content\/uploads\/2025\/04\/5-1-1024x668.jpg 1024w, https:\/\/www.eulerdatasafe.com\/wp-content\/uploads\/2025\/04\/5-1-768x501.jpg 768w, https:\/\/www.eulerdatasafe.com\/wp-content\/uploads\/2025\/04\/5-1-1536x1001.jpg 1536w, https:\/\/www.eulerdatasafe.com\/wp-content\/uploads\/2025\/04\/5-1-18x12.jpg 18w, https:\/\/www.eulerdatasafe.com\/wp-content\/uploads\/2025\/04\/5-1-600x391.jpg 600w\" sizes=\"(max-width: 1738px) 100vw, 1738px\" \/><\/a><\/p>","protected":false},"excerpt":{"rendered":"<p>Bateria de reserva<\/p>\n<p>A s\u00e9rie GS GM GL HR FT \u00e9 a bateria de uso geral com 6-12 anos de vida \u00fatil em servi\u00e7o flutuante. Com tecnologia actualizada regulada por v\u00e1lvula AGM e mat\u00e9rias-primas de elevada pureza, esta s\u00e9rie de baterias mant\u00e9m uma elevada consist\u00eancia para um melhor desempenho e uma vida \u00fatil fi\u00e1vel em standby. \u00c9 adequada para aplica\u00e7\u00f5es de UPS\/EPS, telecomunica\u00e7\u00f5es, centros de dados, equipamento m\u00e9dico, luz de emerg\u00eancia e sistemas de seguran\u00e7a.<\/p>\n<p>&nbsp;<\/p>","protected":false},"featured_media":20821,"comment_status":"open","ping_status":"closed","template":"","meta":[],"product_brand":[],"product_cat":[61,63,70,74],"product_tag":[],"class_list":{"0":"post-20816","1":"product","2":"type-product","3":"status-publish","4":"has-post-thumbnail","6":"product_cat-battery","7":"product_cat-lead-acid","8":"product_cat-reserve-power-battery","9":"product_cat-backup","11":"first","12":"instock","13":"shipping-taxable","14":"product-type-simple"},"_links":{"self":[{"href":"https:\/\/www.eulerdatasafe.com\/pt\/wp-json\/wp\/v2\/product\/20816","targetHints":{"allow":["GET"]}}],"collection":[{"href":"https:\/\/www.eulerdatasafe.com\/pt\/wp-json\/wp\/v2\/product"}],"about":[{"href":"https:\/\/www.eulerdatasafe.com\/pt\/wp-json\/wp\/v2\/types\/product"}],"replies":[{"embeddable":true,"href":"https:\/\/www.eulerdatasafe.com\/pt\/wp-json\/wp\/v2\/comments?post=20816"}],"wp:featuredmedia":[{"embeddable":true,"href":"https:\/\/www.eulerdatasafe.com\/pt\/wp-json\/wp\/v2\/media\/20821"}],"wp:attachment":[{"href":"https:\/\/www.eulerdatasafe.com\/pt\/wp-json\/wp\/v2\/media?parent=20816"}],"wp:term":[{"taxonomy":"product_brand","embeddable":true,"href":"https:\/\/www.eulerdatasafe.com\/pt\/wp-json\/wp\/v2\/product_brand?post=20816"},{"taxonomy":"product_cat","embeddable":true,"href":"https:\/\/www.eulerdatasafe.com\/pt\/wp-json\/wp\/v2\/product_cat?post=20816"},{"taxonomy":"product_tag","embeddable":true,"href":"https:\/\/www.eulerdatasafe.com\/pt\/wp-json\/wp\/v2\/product_tag?post=20816"}],"curies":[{"name":"wp","href":"https:\/\/api.w.org\/{rel}","templated":true}]}}