{"id":21049,"date":"2025-05-17T21:00:44","date_gmt":"2025-05-17T13:00:44","guid":{"rendered":"https:\/\/www.eulerdatasafe.com\/?post_type=product&#038;p=21049"},"modified":"2025-05-17T22:07:43","modified_gmt":"2025-05-17T14:07:43","slug":"automotive-starter-sodium-ion-battery","status":"publish","type":"product","link":"https:\/\/www.eulerdatasafe.com\/pt\/product\/automotive-starter-sodium-ion-battery\/","title":{"rendered":"Bateria de i\u00f5es de s\u00f3dio para arranque de autom\u00f3veis"},"content":{"rendered":"<p><a href=\"https:\/\/www.gotopess.com\/wp-content\/uploads\/2025\/05\/Automotive-Starter-Sodium-ion-Battery-System.jpg\"><img fetchpriority=\"high\" decoding=\"async\" class=\"alignnone wp-image-21050 size-full\" src=\"https:\/\/www.gotopess.com\/wp-content\/uploads\/2025\/05\/Automotive-Starter-Sodium-ion-Battery-System-e1747490857912.jpg\" alt=\"\" width=\"1410\" height=\"648\" srcset=\"https:\/\/www.eulerdatasafe.com\/wp-content\/uploads\/2025\/05\/Automotive-Starter-Sodium-ion-Battery-System-e1747490857912.jpg 1410w, https:\/\/www.eulerdatasafe.com\/wp-content\/uploads\/2025\/05\/Automotive-Starter-Sodium-ion-Battery-System-e1747490857912-300x138.jpg 300w, https:\/\/www.eulerdatasafe.com\/wp-content\/uploads\/2025\/05\/Automotive-Starter-Sodium-ion-Battery-System-e1747490857912-1024x471.jpg 1024w, https:\/\/www.eulerdatasafe.com\/wp-content\/uploads\/2025\/05\/Automotive-Starter-Sodium-ion-Battery-System-e1747490857912-768x353.jpg 768w, https:\/\/www.eulerdatasafe.com\/wp-content\/uploads\/2025\/05\/Automotive-Starter-Sodium-ion-Battery-System-e1747490857912-18x8.jpg 18w, https:\/\/www.eulerdatasafe.com\/wp-content\/uploads\/2025\/05\/Automotive-Starter-Sodium-ion-Battery-System-e1747490857912-600x276.jpg 600w\" sizes=\"(max-width: 1410px) 100vw, 1410px\" \/><\/a><\/p>","protected":false},"excerpt":{"rendered":"","protected":false},"featured_media":21040,"comment_status":"open","ping_status":"closed","template":"","meta":[],"product_brand":[],"product_cat":[189,185],"product_tag":[],"class_list":{"0":"post-21049","1":"product","2":"type-product","3":"status-publish","4":"has-post-thumbnail","6":"product_cat-automotive-starter-sodium-ion-battery","7":"product_cat-sodium-ion","9":"first","10":"instock","11":"shipping-taxable","12":"product-type-simple"},"_links":{"self":[{"href":"https:\/\/www.eulerdatasafe.com\/pt\/wp-json\/wp\/v2\/product\/21049","targetHints":{"allow":["GET"]}}],"collection":[{"href":"https:\/\/www.eulerdatasafe.com\/pt\/wp-json\/wp\/v2\/product"}],"about":[{"href":"https:\/\/www.eulerdatasafe.com\/pt\/wp-json\/wp\/v2\/types\/product"}],"replies":[{"embeddable":true,"href":"https:\/\/www.eulerdatasafe.com\/pt\/wp-json\/wp\/v2\/comments?post=21049"}],"wp:featuredmedia":[{"embeddable":true,"href":"https:\/\/www.eulerdatasafe.com\/pt\/wp-json\/wp\/v2\/media\/21040"}],"wp:attachment":[{"href":"https:\/\/www.eulerdatasafe.com\/pt\/wp-json\/wp\/v2\/media?parent=21049"}],"wp:term":[{"taxonomy":"product_brand","embeddable":true,"href":"https:\/\/www.eulerdatasafe.com\/pt\/wp-json\/wp\/v2\/product_brand?post=21049"},{"taxonomy":"product_cat","embeddable":true,"href":"https:\/\/www.eulerdatasafe.com\/pt\/wp-json\/wp\/v2\/product_cat?post=21049"},{"taxonomy":"product_tag","embeddable":true,"href":"https:\/\/www.eulerdatasafe.com\/pt\/wp-json\/wp\/v2\/product_tag?post=21049"}],"curies":[{"name":"wp","href":"https:\/\/api.w.org\/{rel}","templated":true}]}}